{"id":9788,"date":"2025-10-21T16:38:10","date_gmt":"2025-10-21T14:38:10","guid":{"rendered":"https:\/\/www.spbrzezowka.ostnet.pl\/?page_id=9788"},"modified":"2025-10-21T16:56:29","modified_gmt":"2025-10-21T14:56:29","slug":"projekt","status":"publish","type":"page","link":"https:\/\/www.spbrzezowka.ostnet.pl\/index.php\/projekt\/","title":{"rendered":"Projekt"},"content":{"rendered":"\n<figure class=\"is-layout-flex wp-block-gallery-1 wp-block-gallery has-nested-images columns-default is-cropped\">\n<figure class=\"wp-block-image size-large\"><img decoding=\"async\" loading=\"lazy\" width=\"800\" height=\"444\" data-id=\"9789\"  src=\"https:\/\/www.spbrzezowka.ostnet.pl\/wp-content\/uploads\/2025\/10\/PROJEKT.jpg\" alt=\"\" class=\"wp-image-9789\" srcset=\"https:\/\/www.spbrzezowka.ostnet.pl\/wp-content\/uploads\/2025\/10\/PROJEKT.jpg 800w, https:\/\/www.spbrzezowka.ostnet.pl\/wp-content\/uploads\/2025\/10\/PROJEKT-300x167.jpg 300w, https:\/\/www.spbrzezowka.ostnet.pl\/wp-content\/uploads\/2025\/10\/PROJEKT-768x426.jpg 768w\" sizes=\"(max-width: 800px) 100vw, 800px\" \/><\/figure>\n<\/figure>\n\n\n\n<figure class=\"is-layout-flex wp-block-gallery-3 wp-block-gallery has-nested-images columns-default is-cropped\">\n<figure class=\"wp-block-image size-large\"><img decoding=\"async\" loading=\"lazy\" width=\"1024\" height=\"84\" data-id=\"9790\"  src=\"https:\/\/www.spbrzezowka.ostnet.pl\/wp-content\/uploads\/2025\/10\/pasek-21-27-RGB-1024x84-1.jpg\" alt=\"\" class=\"wp-image-9790\" srcset=\"https:\/\/www.spbrzezowka.ostnet.pl\/wp-content\/uploads\/2025\/10\/pasek-21-27-RGB-1024x84-1.jpg 1024w, https:\/\/www.spbrzezowka.ostnet.pl\/wp-content\/uploads\/2025\/10\/pasek-21-27-RGB-1024x84-1-300x25.jpg 300w, https:\/\/www.spbrzezowka.ostnet.pl\/wp-content\/uploads\/2025\/10\/pasek-21-27-RGB-1024x84-1-768x63.jpg 768w\" sizes=\"(max-width: 1024px) 100vw, 1024px\" \/><\/figure>\n<\/figure>\n\n\n\n<p class=\"has-text-align-center\">&#8222;<strong><em>Rozw\u00f3j edukacji na terenie gminy Hy\u017cne\u201d<\/em><\/strong><br><strong>projekt realizowany w ramach programu regionalnego<\/strong><br><strong>Fundusze Europejskie dla Podkarpacia 2021-2027<\/strong><br><strong>Dzia\u0142ania FEPK.07.12 Szkolnictwo og\u00f3lne<\/strong><br><strong>Priorytetu 7\/FEPK.07 Kapita\u0142 ludzki gotowy do zmian<\/strong><\/p>\n\n\n\n<p>G\u0142\u00f3wnym celem projektu jest poprawa jako\u015bci kszta\u0142cenia og\u00f3lnego na terenie wojew\u00f3dztwa podkarpackiego poprzez rozwijanie kompetencji, umiej\u0119tno\u015bci, uzdolnie\u0144 i&nbsp;zainteresowa\u0144 u 446 uczni\u00f3w\/uczennic w wieku szkolnym oraz 82 nauczycieli\/nauczycielek prowadz\u0105cych zaj\u0119cia ze szk\u00f3\u0142 zlokalizowanych na terenie wojew\u00f3dztwa podkarpackiego, kt\u00f3rzy ucz\u0105 si\u0119, pracuj\u0105 lub zamieszkuj\u0105 na obszarze woj. podkarpackiego w rozumieniu przepis\u00f3w Kodeksu Cywilnego; z terenu Gminy Hy\u017cne, ze:<\/p>\n\n\n\n<ul>\n<li>Szko\u0142y Podstawowej im. \u015aw. Jana Kantego w Grzegorz\u00f3wce \u2013 31 uczni\u00f3w\/28 uczennic, 3 nauczycieli\/9 nauczycielek;<\/li>\n\n\n\n<li>Szko\u0142y Podstawowej im. 21 Brygady Strzelc\u00f3w Podhala\u0144skich w Brzez\u00f3wce \u2013 30 uczni\u00f3w\/25 uczennic, 3 nauczycieli\/8 nauczycielek;<\/li>\n\n\n\n<li>Szko\u0142y Podstawowej im. PCK w Dyl\u0105g\u00f3wce \u2013 35 uczni\u00f3w\/40 uczennic, 3 nauczycieli\/17 nauczycielek;<\/li>\n\n\n\n<li>Szko\u0142y Podstawowej im. gen. W\u0142. Sikorskiego w Hy\u017cnem \u2013 100 uczni\u00f3w\/107 uczennic, 4 nauczycieli\/20 nauczycielek;<\/li>\n\n\n\n<li>Szko\u0142y Podstawowej im. Tadeusza Gajcego w Szklarach \u2013 25 uczni\u00f3w\/25 uczennic, 3 nauczycieli\/12 nauczycielek;<\/li>\n<\/ul>\n\n\n\n<p><strong>Okres realizacji projektu od 01.09.2024 r. do 31.07.2026 r.<\/strong><\/p>\n\n\n\n<p><strong>W ramach projektu przewidziano nast\u0119puj\u0105cy zakres wsparcia:<\/strong><\/p>\n\n\n\n<ul>\n<li>poszerzenie oferty edukacyjnej szk\u00f3\u0142 poprzez realizacj\u0119 dodatkowych zaj\u0119\u0107 rozwijaj\u0105cych oraz wyr\u00f3wnuj\u0105cych dla uczni\u00f3w\/uczennic,<\/li>\n\n\n\n<li>poszerzenie oferty edukacyjnej szk\u00f3\u0142 w zakresie wsparcia dla dzieci z SPE w tym niepe\u0142nosprawnych,<\/li>\n\n\n\n<li>podniesienie kwalifikacji nauczycieli\/nauczycielek szk\u00f3\u0142 obj\u0119tych wsparciem projektu poprzez realizacj\u0119 wsparcia dostosowanego do zdiagnozowanych potrzeb n-li w tym zakresie,<\/li>\n\n\n\n<li>doposa\u017cenie bazy dydaktycznej szk\u00f3\u0142 obj\u0119tych wsparciem.<\/li>\n<\/ul>\n\n\n\n<p><strong>Uczniowie\/uczennice oraz nauczyciele\/nauczycielki zainteresowani udzia\u0142em w projekcie musz\u0105 spe\u0142ni\u0107 kryteria kwalifikowalno\u015bci, uprawniaj\u0105ce do udzia\u0142u w nim zgodnie z&nbsp;<em>Regulaminem rekrutacji i uczestnictwa w projekcie \u201eRozw\u00f3j edukacji na terenie gminy Hy\u017cne\u201d<\/em>.<\/strong><\/p>\n\n\n\n<p><strong>Osoby zainteresowane uczestnictwem w zaj\u0119ciach\/szkoleniach proszone s\u0105 o wype\u0142nienie&nbsp;<em>\u201eAnkiety rekrutacyjnej\u201d<\/em>&nbsp;oraz z\u0142o\u017cenie jej wraz z niezb\u0119dnymi za\u0142\u0105cznikami w punkcie informacyjno-rekrutacyjnym w swojej szkole.<\/strong><\/p>\n\n\n\n<p><strong>Projekt realizowany jest przez:<\/strong><\/p>\n\n\n\n<p>Gmin\u0119 Hy\u017cne \u2013 Urz\u0105d Gminy Hy\u017cne, 36-024 Hy\u017cne 103,<\/p>\n\n\n\n<p><strong>w partnerstwie z:<\/strong><\/p>\n\n\n\n<p>CNJA Edukacja \u2013 Witold Szaszkiewicz sp. j., ul. Kr\u00f3lowej Jadwigi 97,<br>30-209 Krak\u00f3w.<\/p>\n\n\n\n<p>Warto\u015b\u0107 projektu: 2.107.269,20 z\u0142.<\/p>\n\n\n\n<p>Warto\u015b\u0107 dofinansowania ze \u015brodk\u00f3w europejskich: 1.611.036,62 z\u0142.<\/p>\n\n\n\n<p>Warto\u015b\u0107 dotacji celowej z bud\u017cetu krajowego: 284.300,58 z\u0142.<\/p>\n\n\n\n<p>Warto\u015b\u0107 wk\u0142adu w\u0142asnego: 211.932,00 z\u0142.<\/p>\n\n\n\n<p><em>Projekt realizowany jest zgodnie z zasad\u0105 r\u00f3wno\u015bci szans i niedyskryminacji, w tym dost\u0119pno\u015bci dla os\u00f3b z niepe\u0142nosprawno\u015bciami, zasadami zawartymi w Konwencji o&nbsp;Prawach Os\u00f3b Niepe\u0142nosprawnych, zasadami zawartymi w Karcie Praw Podstawowych Unii Europejskiej, zasad\u0105 zr\u00f3wnowa\u017conego rozwoju, w tym z zasad\u0105 \u201enie czy\u0144 powa\u017cnych szk\u00f3d\u201d (Do No Significant Harm)<\/em><\/p>\n","protected":false},"excerpt":{"rendered":"<p>&#8222;Rozw\u00f3j edukacji na terenie gminy Hy\u017cne\u201dprojekt realizowany w ramach programu regionalnegoFundusze Europejskie dla Podkarpacia 2021-2027Dzia\u0142ania FEPK.07.12 Szkolnictwo og\u00f3lnePriorytetu 7\/FEPK.07 Kapita\u0142 ludzki gotowy do zmian G\u0142\u00f3wnym celem projektu jest poprawa jako\u015bci [&hellip;]<\/p>\n","protected":false},"author":2,"featured_media":0,"parent":0,"menu_order":0,"comment_status":"closed","ping_status":"closed","template":"","meta":{"ngg_post_thumbnail":0},"_links":{"self":[{"href":"https:\/\/www.spbrzezowka.ostnet.pl\/index.php\/wp-json\/wp\/v2\/pages\/9788"}],"collection":[{"href":"https:\/\/www.spbrzezowka.ostnet.pl\/index.php\/wp-json\/wp\/v2\/pages"}],"about":[{"href":"https:\/\/www.spbrzezowka.ostnet.pl\/index.php\/wp-json\/wp\/v2\/types\/page"}],"author":[{"embeddable":true,"href":"https:\/\/www.spbrzezowka.ostnet.pl\/index.php\/wp-json\/wp\/v2\/users\/2"}],"replies":[{"embeddable":true,"href":"https:\/\/www.spbrzezowka.ostnet.pl\/index.php\/wp-json\/wp\/v2\/comments?post=9788"}],"version-history":[{"count":3,"href":"https:\/\/www.spbrzezowka.ostnet.pl\/index.php\/wp-json\/wp\/v2\/pages\/9788\/revisions"}],"predecessor-version":[{"id":9796,"href":"https:\/\/www.spbrzezowka.ostnet.pl\/index.php\/wp-json\/wp\/v2\/pages\/9788\/revisions\/9796"}],"wp:attachment":[{"href":"https:\/\/www.spbrzezowka.ostnet.pl\/index.php\/wp-json\/wp\/v2\/media?parent=9788"}],"curies":[{"name":"wp","href":"https:\/\/api.w.org\/{rel}","templated":true}]}}