{"id":9629,"date":"2025-09-11T16:24:49","date_gmt":"2025-09-11T14:24:49","guid":{"rendered":"https:\/\/www.spbrzezowka.ostnet.pl\/?page_id=9629"},"modified":"2025-09-11T16:24:49","modified_gmt":"2025-09-11T14:24:49","slug":"programy-nauczania","status":"publish","type":"page","link":"https:\/\/www.spbrzezowka.ostnet.pl\/index.php\/programy-nauczania\/","title":{"rendered":"Programy nauczania"},"content":{"rendered":"\n<p><strong>Nauczanie zintegrowane<\/strong><\/p>\n\n\n\n<p>Program nauczania dla klas 1-3- Ale to ciekawe . MAC Edukacja Jolanty Okuniewskiej, Sabiny Pi\u0142at i Beaty Skrzypiec<\/p>\n\n\n\n<p><strong>Plastyka<\/strong><\/p>\n\n\n\n<p>Program nauczania plastyki w klasach 4\u20137 szko\u0142y podstawowej Do dzie\u0142a! Autorzy: Jadwiga Lukas, Krystyna Onak, Marta Ipczy\u0144ska, Natalia Mrozkowiak<\/p>\n\n\n\n<p><strong>Geografia<\/strong><\/p>\n\n\n\n<p>Program nauczania geografii w szkole podstawowej &#8222;Planeta Nowa&#8221; przygotowany przez Mari\u0119 Tuz i Barbar\u0119 Dziedzic zgodnie z Rozporz\u0105dzeniem Ministra Edukacji Narodowej z dnia 14 lutego 2017<\/p>\n\n\n\n<p><strong>Matematyka<\/strong><\/p>\n\n\n\n<p>Program nauczania &#8222;Matematyka z kluczem&#8221; dla klas 4\u20138 szko\u0142y podstawowej, 2024 Marcin Braun, Agnieszka Ma\u0144kowska, Ma\u0142gorzata Paszy\u0144ska<\/p>\n\n\n\n<p>Program nauczania matematyki dla II etapu edukacyjnego klasy 4\u20138 szko\u0142y podstawowej Matematyka w Punkt<\/p>\n\n\n\n<p>Ewa D\u0119bicka, Weronika Figurska-Zi\u0119ba, El\u017cbieta Mro\u017cek,<\/p>\n\n\n\n<p><strong>Biologia<\/strong><\/p>\n\n\n\n<p>Program nauczania biologii w szkole podstawowej \u2013 Puls \u017cycia 2024 Autor: Anna Zdziennicka<\/p>\n\n\n\n<p>Program nauczania fizyki w szkole podstawowej &#8211; Spotkania z fizyk\u0105. Gra\u017cyna Francuz &#8211; Ornat, Teresa Kulawik, Nowa Era sp. z o.o.<\/p>\n\n\n\n<p><strong>Historia<\/strong><\/p>\n\n\n\n<p>Program nauczania historii w klasach 4-8 szko\u0142y podstawowej \u201eWczoraj i dzi\u015b\u201d. Tomasz Ma\u0107kowski, Nowa Era Sp\u00f3\u0142ka z o.o<\/p>\n\n\n\n<p><strong>WOS<\/strong><\/p>\n\n\n\n<p>Program nauczania wiedzy o spo\u0142ecze\u0144stwie. Dzi\u015b i jutro. Barbara Furman, Nowa Era Sp\u00f3\u0142ka z o.o.<\/p>\n\n\n\n<p><strong>Chemia<\/strong><\/p>\n\n\n\n<p>Program nauczania chemii w szkole podstawowej. Teresa Kulawik, Maria Litwin, Nowa Era sp. z o.o.<\/p>\n\n\n\n<p><strong>Informatyka<\/strong><\/p>\n\n\n\n<p>Lubi\u0119 to! Program nauczania informatyki w szkole podstawowej. Micha\u0142 K\u0119ska, Nowa Era sp. z o.o.<\/p>\n\n\n\n<p><strong>EDB<\/strong><\/p>\n\n\n\n<p>Program nauczania edukacji dla bezpiecze\u0144stwa w szkole podstawowej. Jaros\u0142aw S\u0142oma, Nowa Era sp. z o.o.<\/p>\n\n\n\n<p><strong>Technika<\/strong><\/p>\n\n\n\n<p>Program nauczania techniki w szkole podstawowej &#8222;Jak to dzia\u0142a?&#8221; Lech \u0141abecki, Marta \u0141abecka<\/p>\n\n\n\n<p><strong>Muzyka<\/strong><\/p>\n\n\n\n<p>Program nauczania og\u00f3lnego muzyki w klasach 4\u20137 szko\u0142y podstawowej \u201eLekcja muzyki\u201d Autor: Monika Gromek, Gra\u017cyna Kilbach<\/p>\n\n\n\n<p><strong>J\u0119zyk polski<\/strong><\/p>\n\n\n\n<p>Program nauczania j\u0119zyka polskiego w szkole podstawowej \u2013 \u201eNOWE S\u0142owa na start!\u201d<strong> <\/strong>Marlena Derlukiewicz<\/p>\n\n\n\n<p>Fizyka<\/p>\n\n\n\n<p>Program nauczania fizyki w szkole podstawowej &#8222;Spotkania z fizyk\u0105&#8221;<br>Gra\u017cyna Francuz &#8211; Ornat, Teresa Kulawik<\/p>\n","protected":false},"excerpt":{"rendered":"<p>Nauczanie zintegrowane Program nauczania dla klas 1-3- Ale to ciekawe . MAC Edukacja Jolanty Okuniewskiej, Sabiny Pi\u0142at i Beaty Skrzypiec Plastyka Program nauczania plastyki w klasach 4\u20137 szko\u0142y podstawowej Do [&hellip;]<\/p>\n","protected":false},"author":2,"featured_media":0,"parent":0,"menu_order":0,"comment_status":"closed","ping_status":"closed","template":"","meta":{"ngg_post_thumbnail":0},"_links":{"self":[{"href":"https:\/\/www.spbrzezowka.ostnet.pl\/index.php\/wp-json\/wp\/v2\/pages\/9629"}],"collection":[{"href":"https:\/\/www.spbrzezowka.ostnet.pl\/index.php\/wp-json\/wp\/v2\/pages"}],"about":[{"href":"https:\/\/www.spbrzezowka.ostnet.pl\/index.php\/wp-json\/wp\/v2\/types\/page"}],"author":[{"embeddable":true,"href":"https:\/\/www.spbrzezowka.ostnet.pl\/index.php\/wp-json\/wp\/v2\/users\/2"}],"replies":[{"embeddable":true,"href":"https:\/\/www.spbrzezowka.ostnet.pl\/index.php\/wp-json\/wp\/v2\/comments?post=9629"}],"version-history":[{"count":1,"href":"https:\/\/www.spbrzezowka.ostnet.pl\/index.php\/wp-json\/wp\/v2\/pages\/9629\/revisions"}],"predecessor-version":[{"id":9630,"href":"https:\/\/www.spbrzezowka.ostnet.pl\/index.php\/wp-json\/wp\/v2\/pages\/9629\/revisions\/9630"}],"wp:attachment":[{"href":"https:\/\/www.spbrzezowka.ostnet.pl\/index.php\/wp-json\/wp\/v2\/media?parent=9629"}],"curies":[{"name":"wp","href":"https:\/\/api.w.org\/{rel}","templated":true}]}}