{"id":9626,"date":"2025-09-11T16:01:14","date_gmt":"2025-09-11T14:01:14","guid":{"rendered":"https:\/\/www.spbrzezowka.ostnet.pl\/?page_id=9626"},"modified":"2025-09-11T16:01:14","modified_gmt":"2025-09-11T14:01:14","slug":"innowacje-w-szkole","status":"publish","type":"page","link":"https:\/\/www.spbrzezowka.ostnet.pl\/index.php\/innowacje-w-szkole\/","title":{"rendered":"Innowacje w szkole"},"content":{"rendered":"\n<p>Innowacja pedagogiczna: <\/p>\n\n\n\n<p>\u2022 \u201eR\u0119kodzie\u0142o z serca wsi\u201d \u2013 pani Agnieszka Czenczek <\/p>\n\n\n\n<p>\u2022 \u201e Z natury do obrazu \u2013 biologia w notatkach graficznych i port folio\u201d \u2013 pani Ma\u0142gorzata K\u0119dzierska<\/p>\n\n\n\n<p>\u2022 \u201eKreatywni na matematyce-na co dzie\u0144 i od \u015bwi\u0119ta\u201d \u2013 pani Anna Wrona<\/p>\n","protected":false},"excerpt":{"rendered":"<p>Innowacja pedagogiczna: \u2022 \u201eR\u0119kodzie\u0142o z serca wsi\u201d \u2013 pani Agnieszka Czenczek \u2022 \u201e Z natury do obrazu \u2013 biologia w notatkach graficznych i port folio\u201d \u2013 pani Ma\u0142gorzata K\u0119dzierska \u2022 [&hellip;]<\/p>\n","protected":false},"author":2,"featured_media":0,"parent":0,"menu_order":0,"comment_status":"closed","ping_status":"closed","template":"","meta":{"ngg_post_thumbnail":0},"_links":{"self":[{"href":"https:\/\/www.spbrzezowka.ostnet.pl\/index.php\/wp-json\/wp\/v2\/pages\/9626"}],"collection":[{"href":"https:\/\/www.spbrzezowka.ostnet.pl\/index.php\/wp-json\/wp\/v2\/pages"}],"about":[{"href":"https:\/\/www.spbrzezowka.ostnet.pl\/index.php\/wp-json\/wp\/v2\/types\/page"}],"author":[{"embeddable":true,"href":"https:\/\/www.spbrzezowka.ostnet.pl\/index.php\/wp-json\/wp\/v2\/users\/2"}],"replies":[{"embeddable":true,"href":"https:\/\/www.spbrzezowka.ostnet.pl\/index.php\/wp-json\/wp\/v2\/comments?post=9626"}],"version-history":[{"count":1,"href":"https:\/\/www.spbrzezowka.ostnet.pl\/index.php\/wp-json\/wp\/v2\/pages\/9626\/revisions"}],"predecessor-version":[{"id":9627,"href":"https:\/\/www.spbrzezowka.ostnet.pl\/index.php\/wp-json\/wp\/v2\/pages\/9626\/revisions\/9627"}],"wp:attachment":[{"href":"https:\/\/www.spbrzezowka.ostnet.pl\/index.php\/wp-json\/wp\/v2\/media?parent=9626"}],"curies":[{"name":"wp","href":"https:\/\/api.w.org\/{rel}","templated":true}]}}