{"id":9607,"date":"2025-09-10T18:28:44","date_gmt":"2025-09-10T16:28:44","guid":{"rendered":"https:\/\/www.spbrzezowka.ostnet.pl\/?page_id=9607"},"modified":"2026-03-05T16:46:51","modified_gmt":"2026-03-05T15:46:51","slug":"matematyka","status":"publish","type":"page","link":"https:\/\/www.spbrzezowka.ostnet.pl\/index.php\/matematyka\/","title":{"rendered":"Matematyka"},"content":{"rendered":"\n<p>Zadanie na luty wykonane!!!- uczniowie klasy IV i V.<\/p>\n\n\n\n<figure class=\"is-layout-flex wp-block-gallery-1 wp-block-gallery has-nested-images columns-default is-cropped\">\n<figure class=\"wp-block-image size-large\"><img decoding=\"async\" loading=\"lazy\" width=\"688\" height=\"913\" data-id=\"10101\"  src=\"https:\/\/www.spbrzezowka.ostnet.pl\/wp-content\/uploads\/2026\/03\/zd2.jpg\" alt=\"\" class=\"wp-image-10101\" srcset=\"https:\/\/www.spbrzezowka.ostnet.pl\/wp-content\/uploads\/2026\/03\/zd2.jpg 688w, https:\/\/www.spbrzezowka.ostnet.pl\/wp-content\/uploads\/2026\/03\/zd2-226x300.jpg 226w\" sizes=\"(max-width: 688px) 100vw, 688px\" \/><\/figure>\n<\/figure>\n\n\n\n<figure class=\"is-layout-flex wp-block-gallery-3 wp-block-gallery has-nested-images columns-default is-cropped\">\n<figure class=\"wp-block-image size-large\"><img decoding=\"async\" loading=\"lazy\" width=\"688\" height=\"913\" data-id=\"10102\"  src=\"https:\/\/www.spbrzezowka.ostnet.pl\/wp-content\/uploads\/2026\/03\/zd4.jpg\" alt=\"\" class=\"wp-image-10102\" srcset=\"https:\/\/www.spbrzezowka.ostnet.pl\/wp-content\/uploads\/2026\/03\/zd4.jpg 688w, https:\/\/www.spbrzezowka.ostnet.pl\/wp-content\/uploads\/2026\/03\/zd4-226x300.jpg 226w\" sizes=\"(max-width: 688px) 100vw, 688px\" \/><\/figure>\n<\/figure>\n\n\n\n<figure class=\"is-layout-flex wp-block-gallery-5 wp-block-gallery has-nested-images columns-default is-cropped\">\n<figure class=\"wp-block-image size-large\"><img decoding=\"async\" loading=\"lazy\" width=\"688\" height=\"913\" data-id=\"10104\"  src=\"https:\/\/www.spbrzezowka.ostnet.pl\/wp-content\/uploads\/2026\/03\/zd5.jpg\" alt=\"\" class=\"wp-image-10104\" srcset=\"https:\/\/www.spbrzezowka.ostnet.pl\/wp-content\/uploads\/2026\/03\/zd5.jpg 688w, https:\/\/www.spbrzezowka.ostnet.pl\/wp-content\/uploads\/2026\/03\/zd5-226x300.jpg 226w\" sizes=\"(max-width: 688px) 100vw, 688px\" \/><\/figure>\n<\/figure>\n\n\n\n<figure class=\"is-layout-flex wp-block-gallery-7 wp-block-gallery has-nested-images columns-default is-cropped\">\n<figure class=\"wp-block-image size-large\"><img decoding=\"async\" loading=\"lazy\" width=\"688\" height=\"913\" data-id=\"10105\"  src=\"https:\/\/www.spbrzezowka.ostnet.pl\/wp-content\/uploads\/2026\/03\/zd6.jpg\" alt=\"\" class=\"wp-image-10105\" srcset=\"https:\/\/www.spbrzezowka.ostnet.pl\/wp-content\/uploads\/2026\/03\/zd6.jpg 688w, https:\/\/www.spbrzezowka.ostnet.pl\/wp-content\/uploads\/2026\/03\/zd6-226x300.jpg 226w\" sizes=\"(max-width: 688px) 100vw, 688px\" \/><\/figure>\n<\/figure>\n\n\n\n<figure class=\"is-layout-flex wp-block-gallery-9 wp-block-gallery has-nested-images columns-default is-cropped\">\n<figure class=\"wp-block-image size-large\"><img decoding=\"async\" loading=\"lazy\" width=\"688\" height=\"913\" data-id=\"10106\"  src=\"https:\/\/www.spbrzezowka.ostnet.pl\/wp-content\/uploads\/2026\/03\/zd7.jpg\" alt=\"\" class=\"wp-image-10106\" srcset=\"https:\/\/www.spbrzezowka.ostnet.pl\/wp-content\/uploads\/2026\/03\/zd7.jpg 688w, https:\/\/www.spbrzezowka.ostnet.pl\/wp-content\/uploads\/2026\/03\/zd7-226x300.jpg 226w\" sizes=\"(max-width: 688px) 100vw, 688px\" \/><\/figure>\n<\/figure>\n\n\n\n<figure class=\"is-layout-flex wp-block-gallery-11 wp-block-gallery has-nested-images columns-default is-cropped\">\n<figure class=\"wp-block-image size-large\"><img decoding=\"async\" loading=\"lazy\" width=\"688\" height=\"913\" data-id=\"10107\"  src=\"https:\/\/www.spbrzezowka.ostnet.pl\/wp-content\/uploads\/2026\/03\/zd8.jpg\" alt=\"\" class=\"wp-image-10107\" srcset=\"https:\/\/www.spbrzezowka.ostnet.pl\/wp-content\/uploads\/2026\/03\/zd8.jpg 688w, https:\/\/www.spbrzezowka.ostnet.pl\/wp-content\/uploads\/2026\/03\/zd8-226x300.jpg 226w\" sizes=\"(max-width: 688px) 100vw, 688px\" \/><\/figure>\n<\/figure>\n\n\n\n<figure class=\"is-layout-flex wp-block-gallery-13 wp-block-gallery has-nested-images columns-default is-cropped\">\n<figure class=\"wp-block-image size-large\"><img decoding=\"async\" loading=\"lazy\" width=\"688\" height=\"913\" data-id=\"10108\"  src=\"https:\/\/www.spbrzezowka.ostnet.pl\/wp-content\/uploads\/2026\/03\/zd9.jpg\" alt=\"\" class=\"wp-image-10108\" srcset=\"https:\/\/www.spbrzezowka.ostnet.pl\/wp-content\/uploads\/2026\/03\/zd9.jpg 688w, https:\/\/www.spbrzezowka.ostnet.pl\/wp-content\/uploads\/2026\/03\/zd9-226x300.jpg 226w\" sizes=\"(max-width: 688px) 100vw, 688px\" \/><\/figure>\n<\/figure>\n\n\n\n<p>Zadanie na stycze\u0144 wykonali uczniowie klasy VI i VIII.<\/p>\n\n\n\n<figure class=\"is-layout-flex wp-block-gallery-15 wp-block-gallery has-nested-images columns-default is-cropped\">\n<figure class=\"wp-block-image size-large\"><img decoding=\"async\" loading=\"lazy\" width=\"688\" height=\"913\" data-id=\"10078\"  src=\"https:\/\/www.spbrzezowka.ostnet.pl\/wp-content\/uploads\/2026\/02\/zd1.jpg\" alt=\"\" class=\"wp-image-10078\" srcset=\"https:\/\/www.spbrzezowka.ostnet.pl\/wp-content\/uploads\/2026\/02\/zd1.jpg 688w, https:\/\/www.spbrzezowka.ostnet.pl\/wp-content\/uploads\/2026\/02\/zd1-226x300.jpg 226w\" sizes=\"(max-width: 688px) 100vw, 688px\" \/><\/figure>\n<\/figure>\n\n\n\n<figure class=\"is-layout-flex wp-block-gallery-17 wp-block-gallery has-nested-images columns-default is-cropped\">\n<figure class=\"wp-block-image size-large\"><img decoding=\"async\" loading=\"lazy\" width=\"688\" height=\"913\" data-id=\"10079\"  src=\"https:\/\/www.spbrzezowka.ostnet.pl\/wp-content\/uploads\/2026\/02\/zd2.jpg\" alt=\"\" class=\"wp-image-10079\" srcset=\"https:\/\/www.spbrzezowka.ostnet.pl\/wp-content\/uploads\/2026\/02\/zd2.jpg 688w, https:\/\/www.spbrzezowka.ostnet.pl\/wp-content\/uploads\/2026\/02\/zd2-226x300.jpg 226w\" sizes=\"(max-width: 688px) 100vw, 688px\" \/><\/figure>\n<\/figure>\n\n\n\n<figure class=\"is-layout-flex wp-block-gallery-19 wp-block-gallery has-nested-images columns-default is-cropped\">\n<figure class=\"wp-block-image size-large\"><img decoding=\"async\" loading=\"lazy\" width=\"688\" height=\"913\" data-id=\"10081\"  src=\"https:\/\/www.spbrzezowka.ostnet.pl\/wp-content\/uploads\/2026\/02\/zd4.jpg\" alt=\"\" class=\"wp-image-10081\" srcset=\"https:\/\/www.spbrzezowka.ostnet.pl\/wp-content\/uploads\/2026\/02\/zd4.jpg 688w, https:\/\/www.spbrzezowka.ostnet.pl\/wp-content\/uploads\/2026\/02\/zd4-226x300.jpg 226w\" sizes=\"(max-width: 688px) 100vw, 688px\" \/><\/figure>\n<\/figure>\n\n\n\n<figure class=\"is-layout-flex wp-block-gallery-21 wp-block-gallery has-nested-images columns-default is-cropped\">\n<figure class=\"wp-block-image size-large\"><img decoding=\"async\" loading=\"lazy\" width=\"688\" height=\"913\" data-id=\"10085\"  src=\"https:\/\/www.spbrzezowka.ostnet.pl\/wp-content\/uploads\/2026\/02\/zd3-1.jpg\" alt=\"\" class=\"wp-image-10085\" srcset=\"https:\/\/www.spbrzezowka.ostnet.pl\/wp-content\/uploads\/2026\/02\/zd3-1.jpg 688w, https:\/\/www.spbrzezowka.ostnet.pl\/wp-content\/uploads\/2026\/02\/zd3-1-226x300.jpg 226w\" sizes=\"(max-width: 688px) 100vw, 688px\" \/><\/figure>\n<\/figure>\n\n\n\n<figure class=\"is-layout-flex wp-block-gallery-23 wp-block-gallery has-nested-images columns-default is-cropped\">\n<figure class=\"wp-block-image\"><img decoding=\"async\" src=\"blob:https:\/\/www.spbrzezowka.ostnet.pl\/64619f08-693d-4f79-ad8a-179023002da9\" alt=\"\"\/><\/figure>\n<\/figure>\n\n\n\n<p>Zadanie grudniowe.<\/p>\n\n\n\n<figure class=\"is-layout-flex wp-block-gallery-25 wp-block-gallery has-nested-images columns-default is-cropped\">\n<figure class=\"wp-block-image size-large\"><img decoding=\"async\" loading=\"lazy\" width=\"457\" height=\"607\" data-id=\"9997\"  src=\"https:\/\/www.spbrzezowka.ostnet.pl\/wp-content\/uploads\/2025\/12\/zad4.jpg\" alt=\"\" class=\"wp-image-9997\" srcset=\"https:\/\/www.spbrzezowka.ostnet.pl\/wp-content\/uploads\/2025\/12\/zad4.jpg 457w, https:\/\/www.spbrzezowka.ostnet.pl\/wp-content\/uploads\/2025\/12\/zad4-226x300.jpg 226w\" sizes=\"(max-width: 457px) 100vw, 457px\" \/><\/figure>\n<\/figure>\n\n\n\n<figure class=\"is-layout-flex wp-block-gallery-27 wp-block-gallery has-nested-images columns-default is-cropped\">\n<figure class=\"wp-block-image size-large\"><img decoding=\"async\" loading=\"lazy\" width=\"806\" height=\"607\" data-id=\"9998\"  src=\"https:\/\/www.spbrzezowka.ostnet.pl\/wp-content\/uploads\/2025\/12\/zad41.jpg\" alt=\"\" class=\"wp-image-9998\" srcset=\"https:\/\/www.spbrzezowka.ostnet.pl\/wp-content\/uploads\/2025\/12\/zad41.jpg 806w, https:\/\/www.spbrzezowka.ostnet.pl\/wp-content\/uploads\/2025\/12\/zad41-300x226.jpg 300w, https:\/\/www.spbrzezowka.ostnet.pl\/wp-content\/uploads\/2025\/12\/zad41-768x578.jpg 768w\" sizes=\"(max-width: 806px) 100vw, 806px\" \/><\/figure>\n<\/figure>\n\n\n\n<p>Uczniowie klasy VII uczcili liczb\u0119 12.<\/p>\n\n\n\n<figure class=\"is-layout-flex wp-block-gallery-29 wp-block-gallery has-nested-images columns-default is-cropped\">\n<figure class=\"wp-block-image size-large\"><img decoding=\"async\" loading=\"lazy\" width=\"771\" height=\"1024\" data-id=\"10001\"  src=\"https:\/\/www.spbrzezowka.ostnet.pl\/wp-content\/uploads\/2026\/01\/IMG_20251219_081044-771x1024.jpg\" alt=\"\" class=\"wp-image-10001\" srcset=\"https:\/\/www.spbrzezowka.ostnet.pl\/wp-content\/uploads\/2026\/01\/IMG_20251219_081044-771x1024.jpg 771w, https:\/\/www.spbrzezowka.ostnet.pl\/wp-content\/uploads\/2026\/01\/IMG_20251219_081044-226x300.jpg 226w, https:\/\/www.spbrzezowka.ostnet.pl\/wp-content\/uploads\/2026\/01\/IMG_20251219_081044-768x1020.jpg 768w, https:\/\/www.spbrzezowka.ostnet.pl\/wp-content\/uploads\/2026\/01\/IMG_20251219_081044-1157x1536.jpg 1157w, https:\/\/www.spbrzezowka.ostnet.pl\/wp-content\/uploads\/2026\/01\/IMG_20251219_081044-1542x2048.jpg 1542w, https:\/\/www.spbrzezowka.ostnet.pl\/wp-content\/uploads\/2026\/01\/IMG_20251219_081044-scaled.jpg 1928w\" sizes=\"(max-width: 771px) 100vw, 771px\" \/><\/figure>\n<\/figure>\n\n\n\n<figure class=\"is-layout-flex wp-block-gallery-31 wp-block-gallery has-nested-images columns-default is-cropped\">\n<figure class=\"wp-block-image size-large\"><img decoding=\"async\" loading=\"lazy\" width=\"771\" height=\"1024\" data-id=\"10002\"  src=\"https:\/\/www.spbrzezowka.ostnet.pl\/wp-content\/uploads\/2026\/01\/IMG_20251219_081106-771x1024.jpg\" alt=\"\" class=\"wp-image-10002\" srcset=\"https:\/\/www.spbrzezowka.ostnet.pl\/wp-content\/uploads\/2026\/01\/IMG_20251219_081106-771x1024.jpg 771w, https:\/\/www.spbrzezowka.ostnet.pl\/wp-content\/uploads\/2026\/01\/IMG_20251219_081106-226x300.jpg 226w, https:\/\/www.spbrzezowka.ostnet.pl\/wp-content\/uploads\/2026\/01\/IMG_20251219_081106-768x1020.jpg 768w, https:\/\/www.spbrzezowka.ostnet.pl\/wp-content\/uploads\/2026\/01\/IMG_20251219_081106-1157x1536.jpg 1157w, https:\/\/www.spbrzezowka.ostnet.pl\/wp-content\/uploads\/2026\/01\/IMG_20251219_081106-1542x2048.jpg 1542w, https:\/\/www.spbrzezowka.ostnet.pl\/wp-content\/uploads\/2026\/01\/IMG_20251219_081106-scaled.jpg 1928w\" sizes=\"(max-width: 771px) 100vw, 771px\" \/><\/figure>\n<\/figure>\n\n\n\n<figure class=\"is-layout-flex wp-block-gallery-33 wp-block-gallery has-nested-images columns-default is-cropped\">\n<figure class=\"wp-block-image size-large\"><img decoding=\"async\" loading=\"lazy\" width=\"771\" height=\"1024\" data-id=\"10004\"  src=\"https:\/\/www.spbrzezowka.ostnet.pl\/wp-content\/uploads\/2026\/01\/IMG_20251219_081409-771x1024.jpg\" alt=\"\" class=\"wp-image-10004\" srcset=\"https:\/\/www.spbrzezowka.ostnet.pl\/wp-content\/uploads\/2026\/01\/IMG_20251219_081409-771x1024.jpg 771w, https:\/\/www.spbrzezowka.ostnet.pl\/wp-content\/uploads\/2026\/01\/IMG_20251219_081409-226x300.jpg 226w, https:\/\/www.spbrzezowka.ostnet.pl\/wp-content\/uploads\/2026\/01\/IMG_20251219_081409-768x1020.jpg 768w, https:\/\/www.spbrzezowka.ostnet.pl\/wp-content\/uploads\/2026\/01\/IMG_20251219_081409-1157x1536.jpg 1157w, https:\/\/www.spbrzezowka.ostnet.pl\/wp-content\/uploads\/2026\/01\/IMG_20251219_081409-1542x2048.jpg 1542w, https:\/\/www.spbrzezowka.ostnet.pl\/wp-content\/uploads\/2026\/01\/IMG_20251219_081409-scaled.jpg 1928w\" sizes=\"(max-width: 771px) 100vw, 771px\" \/><\/figure>\n<\/figure>\n\n\n\n<p>Zadanie listopadowe zrealizowane. Uczniowie opr\u00f3cz pracy plastycznej obejrzeli film o fraktalach.<\/p>\n\n\n\n<figure class=\"is-layout-flex wp-block-gallery-35 wp-block-gallery has-nested-images columns-default is-cropped\">\n<figure class=\"wp-block-image size-large\"><img decoding=\"async\" loading=\"lazy\" width=\"457\" height=\"607\" data-id=\"9996\"  src=\"https:\/\/www.spbrzezowka.ostnet.pl\/wp-content\/uploads\/2025\/12\/zadanie-lisopadowe.jpg\" alt=\"\" class=\"wp-image-9996\" srcset=\"https:\/\/www.spbrzezowka.ostnet.pl\/wp-content\/uploads\/2025\/12\/zadanie-lisopadowe.jpg 457w, https:\/\/www.spbrzezowka.ostnet.pl\/wp-content\/uploads\/2025\/12\/zadanie-lisopadowe-226x300.jpg 226w\" sizes=\"(max-width: 457px) 100vw, 457px\" \/><\/figure>\n<\/figure>\n\n\n\n<p>Zadanie na pa\u017adziernik zrealizowane!<\/p>\n\n\n\n<p>Uczniowie klasy 8 na zaj\u0119ciach dodatkowych powtarzali pot\u0119gi i pierwiastki inaczej. Opr\u00f3cz  zwyk\u0142ych oblicze\u0144 uczniowie kodowali i otrzymali ciekawe obrazy. Zobacz!<\/p>\n\n\n\n<figure class=\"is-layout-flex wp-block-gallery-37 wp-block-gallery has-nested-images columns-default is-cropped\">\n<figure class=\"wp-block-image size-large\"><img decoding=\"async\" loading=\"lazy\" width=\"771\" height=\"1024\" data-id=\"9759\"  src=\"https:\/\/www.spbrzezowka.ostnet.pl\/wp-content\/uploads\/2025\/10\/IMG_20251013_082748-771x1024.jpg\" alt=\"\" class=\"wp-image-9759\" srcset=\"https:\/\/www.spbrzezowka.ostnet.pl\/wp-content\/uploads\/2025\/10\/IMG_20251013_082748-771x1024.jpg 771w, https:\/\/www.spbrzezowka.ostnet.pl\/wp-content\/uploads\/2025\/10\/IMG_20251013_082748-226x300.jpg 226w, https:\/\/www.spbrzezowka.ostnet.pl\/wp-content\/uploads\/2025\/10\/IMG_20251013_082748-768x1020.jpg 768w, https:\/\/www.spbrzezowka.ostnet.pl\/wp-content\/uploads\/2025\/10\/IMG_20251013_082748-1157x1536.jpg 1157w, https:\/\/www.spbrzezowka.ostnet.pl\/wp-content\/uploads\/2025\/10\/IMG_20251013_082748-1542x2048.jpg 1542w, https:\/\/www.spbrzezowka.ostnet.pl\/wp-content\/uploads\/2025\/10\/IMG_20251013_082748-scaled.jpg 1928w\" sizes=\"(max-width: 771px) 100vw, 771px\" \/><\/figure>\n<\/figure>\n\n\n\n<figure class=\"is-layout-flex wp-block-gallery-39 wp-block-gallery has-nested-images columns-default is-cropped\">\n<figure class=\"wp-block-image size-large\"><img decoding=\"async\" loading=\"lazy\" width=\"771\" height=\"1024\" data-id=\"9760\"  src=\"https:\/\/www.spbrzezowka.ostnet.pl\/wp-content\/uploads\/2025\/10\/IMG_20251013_084027-771x1024.jpg\" alt=\"\" class=\"wp-image-9760\" srcset=\"https:\/\/www.spbrzezowka.ostnet.pl\/wp-content\/uploads\/2025\/10\/IMG_20251013_084027-771x1024.jpg 771w, https:\/\/www.spbrzezowka.ostnet.pl\/wp-content\/uploads\/2025\/10\/IMG_20251013_084027-226x300.jpg 226w, https:\/\/www.spbrzezowka.ostnet.pl\/wp-content\/uploads\/2025\/10\/IMG_20251013_084027-768x1020.jpg 768w, https:\/\/www.spbrzezowka.ostnet.pl\/wp-content\/uploads\/2025\/10\/IMG_20251013_084027-1157x1536.jpg 1157w, https:\/\/www.spbrzezowka.ostnet.pl\/wp-content\/uploads\/2025\/10\/IMG_20251013_084027-1542x2048.jpg 1542w, https:\/\/www.spbrzezowka.ostnet.pl\/wp-content\/uploads\/2025\/10\/IMG_20251013_084027-scaled.jpg 1928w\" sizes=\"(max-width: 771px) 100vw, 771px\" \/><\/figure>\n<\/figure>\n\n\n\n<figure class=\"is-layout-flex wp-block-gallery-41 wp-block-gallery has-nested-images columns-default is-cropped\">\n<figure class=\"wp-block-image size-large\"><img decoding=\"async\" loading=\"lazy\" width=\"771\" height=\"1024\" data-id=\"9761\"  src=\"https:\/\/www.spbrzezowka.ostnet.pl\/wp-content\/uploads\/2025\/10\/IMG_20251013_083541-771x1024.jpg\" alt=\"\" class=\"wp-image-9761\" srcset=\"https:\/\/www.spbrzezowka.ostnet.pl\/wp-content\/uploads\/2025\/10\/IMG_20251013_083541-771x1024.jpg 771w, https:\/\/www.spbrzezowka.ostnet.pl\/wp-content\/uploads\/2025\/10\/IMG_20251013_083541-226x300.jpg 226w, https:\/\/www.spbrzezowka.ostnet.pl\/wp-content\/uploads\/2025\/10\/IMG_20251013_083541-768x1020.jpg 768w, https:\/\/www.spbrzezowka.ostnet.pl\/wp-content\/uploads\/2025\/10\/IMG_20251013_083541-1157x1536.jpg 1157w, https:\/\/www.spbrzezowka.ostnet.pl\/wp-content\/uploads\/2025\/10\/IMG_20251013_083541-1542x2048.jpg 1542w, https:\/\/www.spbrzezowka.ostnet.pl\/wp-content\/uploads\/2025\/10\/IMG_20251013_083541-scaled.jpg 1928w\" sizes=\"(max-width: 771px) 100vw, 771px\" \/><\/figure>\n<\/figure>\n\n\n\n<figure class=\"is-layout-flex wp-block-gallery-43 wp-block-gallery has-nested-images columns-default is-cropped\">\n<figure class=\"wp-block-image size-large\"><img decoding=\"async\" loading=\"lazy\" width=\"771\" height=\"1024\" data-id=\"9762\"  src=\"https:\/\/www.spbrzezowka.ostnet.pl\/wp-content\/uploads\/2025\/10\/IMG_20251013_082806-771x1024.jpg\" alt=\"\" class=\"wp-image-9762\" srcset=\"https:\/\/www.spbrzezowka.ostnet.pl\/wp-content\/uploads\/2025\/10\/IMG_20251013_082806-771x1024.jpg 771w, https:\/\/www.spbrzezowka.ostnet.pl\/wp-content\/uploads\/2025\/10\/IMG_20251013_082806-226x300.jpg 226w, https:\/\/www.spbrzezowka.ostnet.pl\/wp-content\/uploads\/2025\/10\/IMG_20251013_082806-768x1020.jpg 768w, https:\/\/www.spbrzezowka.ostnet.pl\/wp-content\/uploads\/2025\/10\/IMG_20251013_082806-1157x1536.jpg 1157w, https:\/\/www.spbrzezowka.ostnet.pl\/wp-content\/uploads\/2025\/10\/IMG_20251013_082806-1542x2048.jpg 1542w, https:\/\/www.spbrzezowka.ostnet.pl\/wp-content\/uploads\/2025\/10\/IMG_20251013_082806-scaled.jpg 1928w\" sizes=\"(max-width: 771px) 100vw, 771px\" \/><\/figure>\n<\/figure>\n\n\n\n<figure class=\"is-layout-flex wp-block-gallery-45 wp-block-gallery has-nested-images columns-default is-cropped\">\n<figure class=\"wp-block-image size-large\"><img decoding=\"async\" loading=\"lazy\" width=\"771\" height=\"1024\" data-id=\"9763\"  src=\"https:\/\/www.spbrzezowka.ostnet.pl\/wp-content\/uploads\/2025\/10\/IMG_20251013_082753-771x1024.jpg\" alt=\"\" class=\"wp-image-9763\" srcset=\"https:\/\/www.spbrzezowka.ostnet.pl\/wp-content\/uploads\/2025\/10\/IMG_20251013_082753-771x1024.jpg 771w, https:\/\/www.spbrzezowka.ostnet.pl\/wp-content\/uploads\/2025\/10\/IMG_20251013_082753-226x300.jpg 226w, https:\/\/www.spbrzezowka.ostnet.pl\/wp-content\/uploads\/2025\/10\/IMG_20251013_082753-768x1020.jpg 768w, https:\/\/www.spbrzezowka.ostnet.pl\/wp-content\/uploads\/2025\/10\/IMG_20251013_082753-1157x1536.jpg 1157w, https:\/\/www.spbrzezowka.ostnet.pl\/wp-content\/uploads\/2025\/10\/IMG_20251013_082753-1542x2048.jpg 1542w, https:\/\/www.spbrzezowka.ostnet.pl\/wp-content\/uploads\/2025\/10\/IMG_20251013_082753-scaled.jpg 1928w\" sizes=\"(max-width: 771px) 100vw, 771px\" \/><\/figure>\n<\/figure>\n\n\n\n<p>Zadanie na wrzesie\u0144 zrealizowane!<\/p>\n\n\n\n<p>9 wrze\u015bnia&nbsp;obchodzony jest &nbsp;Mi\u0119dzynarodowy Dzie\u0144 Sudoku, \u015awi\u0119tujemy logiczn\u0105 \u0142amig\u0142\u00f3wk\u0119 polegaj\u0105c\u0105 na uk\u0142adaniu liczb, zwan\u0105 Sudoku. To r\u00f3wnie\u017c dzie\u0144 nauki gry w t\u0119 zabawn\u0105 gr\u0119 liczbow\u0105. Sudoku sk\u0142ada si\u0119 z siatki ma\u0142ych kwadracik\u00f3w zwanych kom\u00f3rkami, u\u0142o\u017conych jedna na drugiej na dziewi\u0119\u0107 wysoko\u015bci i dziewi\u0119\u0107 szeroko\u015bci, co daje \u0142\u0105cznie 81 kom\u00f3rek. Uczniowie naszej szko\u0142y, nie 9 wrze\u015bnia ale te\u017c bardzo powa\u017cnie, &nbsp;zmierzyli si\u0119 z t\u0105 logiczn\u0105 \u0142amig\u0142\u00f3wk\u0105.<\/p>\n\n\n\n<figure class=\"wp-block-image size-large\"><img decoding=\"async\" loading=\"lazy\" width=\"768\" height=\"1024\" src=\"https:\/\/www.spbrzezowka.ostnet.pl\/wp-content\/uploads\/2025\/09\/IMG_20250924_131753963_HDR-768x1024.jpg\" alt=\"\" class=\"wp-image-9693\" srcset=\"https:\/\/www.spbrzezowka.ostnet.pl\/wp-content\/uploads\/2025\/09\/IMG_20250924_131753963_HDR-768x1024.jpg 768w, https:\/\/www.spbrzezowka.ostnet.pl\/wp-content\/uploads\/2025\/09\/IMG_20250924_131753963_HDR-225x300.jpg 225w, https:\/\/www.spbrzezowka.ostnet.pl\/wp-content\/uploads\/2025\/09\/IMG_20250924_131753963_HDR-1152x1536.jpg 1152w, https:\/\/www.spbrzezowka.ostnet.pl\/wp-content\/uploads\/2025\/09\/IMG_20250924_131753963_HDR-1536x2048.jpg 1536w, https:\/\/www.spbrzezowka.ostnet.pl\/wp-content\/uploads\/2025\/09\/IMG_20250924_131753963_HDR-scaled.jpg 1920w\" sizes=\"(max-width: 768px) 100vw, 768px\" \/><\/figure>\n\n\n\n<figure class=\"wp-block-image size-large\"><img decoding=\"async\" loading=\"lazy\" width=\"768\" height=\"1024\" src=\"https:\/\/www.spbrzezowka.ostnet.pl\/wp-content\/uploads\/2025\/09\/IMG_20250924_131757755_HDR-768x1024.jpg\" alt=\"\" class=\"wp-image-9695\" srcset=\"https:\/\/www.spbrzezowka.ostnet.pl\/wp-content\/uploads\/2025\/09\/IMG_20250924_131757755_HDR-768x1024.jpg 768w, https:\/\/www.spbrzezowka.ostnet.pl\/wp-content\/uploads\/2025\/09\/IMG_20250924_131757755_HDR-225x300.jpg 225w, https:\/\/www.spbrzezowka.ostnet.pl\/wp-content\/uploads\/2025\/09\/IMG_20250924_131757755_HDR-1152x1536.jpg 1152w, https:\/\/www.spbrzezowka.ostnet.pl\/wp-content\/uploads\/2025\/09\/IMG_20250924_131757755_HDR-1536x2048.jpg 1536w, https:\/\/www.spbrzezowka.ostnet.pl\/wp-content\/uploads\/2025\/09\/IMG_20250924_131757755_HDR-scaled.jpg 1920w\" sizes=\"(max-width: 768px) 100vw, 768px\" \/><\/figure>\n\n\n\n<figure class=\"wp-block-image size-large\"><img decoding=\"async\" loading=\"lazy\" width=\"768\" height=\"1024\" src=\"https:\/\/www.spbrzezowka.ostnet.pl\/wp-content\/uploads\/2025\/09\/IMG_20250924_131832292_HDR-768x1024.jpg\" alt=\"\" class=\"wp-image-9696\" srcset=\"https:\/\/www.spbrzezowka.ostnet.pl\/wp-content\/uploads\/2025\/09\/IMG_20250924_131832292_HDR-768x1024.jpg 768w, https:\/\/www.spbrzezowka.ostnet.pl\/wp-content\/uploads\/2025\/09\/IMG_20250924_131832292_HDR-225x300.jpg 225w, https:\/\/www.spbrzezowka.ostnet.pl\/wp-content\/uploads\/2025\/09\/IMG_20250924_131832292_HDR-1152x1536.jpg 1152w, https:\/\/www.spbrzezowka.ostnet.pl\/wp-content\/uploads\/2025\/09\/IMG_20250924_131832292_HDR-1536x2048.jpg 1536w, https:\/\/www.spbrzezowka.ostnet.pl\/wp-content\/uploads\/2025\/09\/IMG_20250924_131832292_HDR-scaled.jpg 1920w\" sizes=\"(max-width: 768px) 100vw, 768px\" \/><\/figure>\n\n\n\n<p>Zadanie na wrzesie\u0144:<\/p>\n\n\n\n<figure class=\"wp-block-image size-full\"><img decoding=\"async\" loading=\"lazy\" width=\"463\" height=\"407\" src=\"https:\/\/www.spbrzezowka.ostnet.pl\/wp-content\/uploads\/2025\/09\/image-1.png\" alt=\"\" class=\"wp-image-9610\" srcset=\"https:\/\/www.spbrzezowka.ostnet.pl\/wp-content\/uploads\/2025\/09\/image-1.png 463w, https:\/\/www.spbrzezowka.ostnet.pl\/wp-content\/uploads\/2025\/09\/image-1-300x264.png 300w\" sizes=\"(max-width: 463px) 100vw, 463px\" \/><\/figure>\n\n\n\n<p>Projekt &#8222;Kreatywni na matematyce na co dzie\u0144 i od \u015bwi\u0119ta&#8221; &#8211; II edycja<\/p>\n\n\n\n<div class=\"wp-block-file\"><object class=\"wp-block-file__embed\" data=\"https:\/\/www.spbrzezowka.ostnet.pl\/wp-content\/uploads\/2025\/09\/Plakat-1.pdf\" type=\"application\/pdf\" style=\"width:100%;height:600px\" aria-label=\"Osadzone z Plakat-1.\"><\/object><a id=\"wp-block-file--media-7c14cebe-c2b4-4e45-9015-4ee0db182fee\" href=\"https:\/\/www.spbrzezowka.ostnet.pl\/wp-content\/uploads\/2025\/09\/Plakat-1.pdf\">Plakat-1<\/a><a href=\"https:\/\/www.spbrzezowka.ostnet.pl\/wp-content\/uploads\/2025\/09\/Plakat-1.pdf\" class=\"wp-block-file__button wp-element-button\" download aria-describedby=\"wp-block-file--media-7c14cebe-c2b4-4e45-9015-4ee0db182fee\">Pobierz<\/a><\/div>\n\n\n\n<div class=\"wp-block-file\"><a id=\"wp-block-file--media-8c9d590d-c2c4-4a38-b9a7-744bb2413e6e\" href=\"https:\/\/www.spbrzezowka.ostnet.pl\/wp-content\/uploads\/2025\/09\/Regulamin-projektu-edukacyjnego_II_edycja-1-1.pdf\">Regulamin-projektu-edukacyjnego_II_edycja-1-1<\/a><a href=\"https:\/\/www.spbrzezowka.ostnet.pl\/wp-content\/uploads\/2025\/09\/Regulamin-projektu-edukacyjnego_II_edycja-1-1.pdf\" class=\"wp-block-file__button wp-element-button\" download aria-describedby=\"wp-block-file--media-8c9d590d-c2c4-4a38-b9a7-744bb2413e6e\">Pobierz<\/a><\/div>\n","protected":false},"excerpt":{"rendered":"<p>Zadanie na luty wykonane!!!- uczniowie klasy IV i V. Zadanie na stycze\u0144 wykonali uczniowie klasy VI i VIII. Zadanie grudniowe. Uczniowie klasy VII uczcili liczb\u0119 12. Zadanie listopadowe zrealizowane. Uczniowie [&hellip;]<\/p>\n","protected":false},"author":2,"featured_media":0,"parent":0,"menu_order":0,"comment_status":"closed","ping_status":"closed","template":"","meta":{"ngg_post_thumbnail":0},"_links":{"self":[{"href":"https:\/\/www.spbrzezowka.ostnet.pl\/index.php\/wp-json\/wp\/v2\/pages\/9607"}],"collection":[{"href":"https:\/\/www.spbrzezowka.ostnet.pl\/index.php\/wp-json\/wp\/v2\/pages"}],"about":[{"href":"https:\/\/www.spbrzezowka.ostnet.pl\/index.php\/wp-json\/wp\/v2\/types\/page"}],"author":[{"embeddable":true,"href":"https:\/\/www.spbrzezowka.ostnet.pl\/index.php\/wp-json\/wp\/v2\/users\/2"}],"replies":[{"embeddable":true,"href":"https:\/\/www.spbrzezowka.ostnet.pl\/index.php\/wp-json\/wp\/v2\/comments?post=9607"}],"version-history":[{"count":10,"href":"https:\/\/www.spbrzezowka.ostnet.pl\/index.php\/wp-json\/wp\/v2\/pages\/9607\/revisions"}],"predecessor-version":[{"id":10109,"href":"https:\/\/www.spbrzezowka.ostnet.pl\/index.php\/wp-json\/wp\/v2\/pages\/9607\/revisions\/10109"}],"wp:attachment":[{"href":"https:\/\/www.spbrzezowka.ostnet.pl\/index.php\/wp-json\/wp\/v2\/media?parent=9607"}],"curies":[{"name":"wp","href":"https:\/\/api.w.org\/{rel}","templated":true}]}}