{"id":9599,"date":"2025-09-10T18:15:15","date_gmt":"2025-09-10T16:15:15","guid":{"rendered":"https:\/\/www.spbrzezowka.ostnet.pl\/?page_id=9599"},"modified":"2025-11-17T16:07:50","modified_gmt":"2025-11-17T15:07:50","slug":"psycholog-szkolny","status":"publish","type":"page","link":"https:\/\/www.spbrzezowka.ostnet.pl\/index.php\/psycholog-szkolny\/","title":{"rendered":"Psycholog szkolny"},"content":{"rendered":"\n<p> w ka\u017cdy pi\u0105tek 9.30- 15.30.<\/p>\n\n\n\n<p>Mo\u017cesz r\u00f3wnie\u017c skorzysta\u0107<strong> <\/strong>z telefonu 883 671 555.  Zapraszam Agata Wi\u0105cek<\/p>\n\n\n\n<p>Wa\u017cne numery telefon\u00f3w:<\/p>\n\n\n\n<ul>\n<li><strong>Pomoc psychologiczna w sytuacji kryzysowej:<\/strong><\/li>\n\n\n\n<li>Centrum wsparcia dla os\u00f3b w stanie kryzysu psychicznego &#8211; 800 70 2222<\/li>\n\n\n\n<li>Telefon Zaufania dla Dzieci i M\u0142odzie\u017cy &#8211; 116 111<\/li>\n\n\n\n<li>Dzieci\u0119cy Telefon Zaufania Rzecznika Praw Dziecka &#8211; 800 12 12 12<\/li>\n\n\n\n<li>Telefon Zaufania dla Os\u00f3b Doros\u0142ych w Kryzysie Emocjonalnym &#8211; 116 123<\/li>\n\n\n\n<li>Telefon dla rodzic\u00f3w i nauczycieli w sprawie bezpiecze\u0144stwa dzieci &#8211; 800 100 100<\/li>\n\n\n\n<li>Policyjny Telefon Zaufania &#8211; 800 12 02 26<\/li>\n\n\n\n<li>Infolinia pomocowa dla dzieci, m\u0142odzie\u017cy i ich opiekun\u00f3w: 800 080 222<\/li>\n\n\n\n<li>Og\u00f3lnopolskie Pogotowie dla Ofiar Przemocy w Rodzinie &#8222;Niebieska Linia&#8221;: 800 12 00 02<\/li>\n<\/ul>\n\n\n<div class=\"wp-block-image\">\n<figure class=\"aligncenter size-full is-resized\"><img decoding=\"async\" loading=\"lazy\" src=\"https:\/\/www.spbrzezowka.ostnet.pl\/wp-content\/uploads\/2025\/09\/prawa1_843x1180-equal-732x1024-1.jpg\" alt=\"\" class=\"wp-image-9687\" width=\"408\" height=\"568\"\/><\/figure><\/div>\n\n<div class=\"wp-block-image\">\n<figure class=\"aligncenter size-full is-resized\"><img decoding=\"async\" loading=\"lazy\" src=\"https:\/\/www.spbrzezowka.ostnet.pl\/wp-content\/uploads\/2025\/09\/image0-980x5101-1.jpeg\" alt=\"\" class=\"wp-image-9689\" width=\"826\" height=\"431\"\/><\/figure><\/div>","protected":false},"excerpt":{"rendered":"<p>w ka\u017cdy pi\u0105tek 9.30- 15.30. Mo\u017cesz r\u00f3wnie\u017c skorzysta\u0107 z telefonu 883 671 555. Zapraszam Agata Wi\u0105cek Wa\u017cne numery telefon\u00f3w:<\/p>\n","protected":false},"author":2,"featured_media":0,"parent":0,"menu_order":0,"comment_status":"closed","ping_status":"closed","template":"","meta":{"ngg_post_thumbnail":0},"_links":{"self":[{"href":"https:\/\/www.spbrzezowka.ostnet.pl\/index.php\/wp-json\/wp\/v2\/pages\/9599"}],"collection":[{"href":"https:\/\/www.spbrzezowka.ostnet.pl\/index.php\/wp-json\/wp\/v2\/pages"}],"about":[{"href":"https:\/\/www.spbrzezowka.ostnet.pl\/index.php\/wp-json\/wp\/v2\/types\/page"}],"author":[{"embeddable":true,"href":"https:\/\/www.spbrzezowka.ostnet.pl\/index.php\/wp-json\/wp\/v2\/users\/2"}],"replies":[{"embeddable":true,"href":"https:\/\/www.spbrzezowka.ostnet.pl\/index.php\/wp-json\/wp\/v2\/comments?post=9599"}],"version-history":[{"count":9,"href":"https:\/\/www.spbrzezowka.ostnet.pl\/index.php\/wp-json\/wp\/v2\/pages\/9599\/revisions"}],"predecessor-version":[{"id":9878,"href":"https:\/\/www.spbrzezowka.ostnet.pl\/index.php\/wp-json\/wp\/v2\/pages\/9599\/revisions\/9878"}],"wp:attachment":[{"href":"https:\/\/www.spbrzezowka.ostnet.pl\/index.php\/wp-json\/wp\/v2\/media?parent=9599"}],"curies":[{"name":"wp","href":"https:\/\/api.w.org\/{rel}","templated":true}]}}