{"id":5223,"date":"2022-06-07T16:15:58","date_gmt":"2022-06-07T14:15:58","guid":{"rendered":"http:\/\/www.spbrzezowka.ostnet.pl\/?page_id=5223"},"modified":"2022-11-09T12:43:46","modified_gmt":"2022-11-09T11:43:46","slug":"laboratoria-przyszlosci","status":"publish","type":"page","link":"https:\/\/www.spbrzezowka.ostnet.pl\/index.php\/laboratoria-przyszlosci\/","title":{"rendered":"Laboratoria Przysz\u0142o\u015bci"},"content":{"rendered":"\n<p>Wszystkie dzia\u0142ania w ramach realizacji programu Laboratoria przysz\u0142o\u015bci, s\u0105 dokumentowane i dost\u0119pne do wgl\u0105du pod adresem:<\/p>\n\n\n\n<p><a href=\"https:\/\/wakelet.com\/@SPBrzezowkaLAB\">https:\/\/wakelet.com\/@SPBrzezowkaLAB<\/a><\/p>\n\n\n\n<p><strong>Laboratoria Przysz\u0142o\u015bci<\/strong> to inicjatywa edukacyjna realizowana przez Ministerstwo Edukacji i Nauki we wsp\u00f3\u0142pracy z Centrum GovTech w Kancelarii Prezesa Rady Ministr\u00f3w. Misj\u0105 jest stworzenie nowoczesnej szko\u0142y, w kt\u00f3rej zaj\u0119cia b\u0119d\u0105 prowadzone w spos\u00f3b ciekawy, anga\u017cuj\u0105cy uczni\u00f3w oraz sprzyjaj\u0105cy odkrywaniu ich talent\u00f3w i rozwijaniu zainteresowa\u0144.<\/p>\n\n\n\n<p><strong>Celem inicjatywy<\/strong>&nbsp;jest wsparcie wszystkich szk\u00f3\u0142 podstawowych w&nbsp;budowaniu w\u015br\u00f3d uczni\u00f3w kompetencji przysz\u0142o\u015bci z&nbsp;tzw. kierunk\u00f3w STEAM (nauka, technologia, in\u017cynieria, sztuka oraz&nbsp;matematyka). W&nbsp;ramach Laboratori\u00f3w Przysz\u0142o\u015bci organy prowadz\u0105ce szko\u0142y otrzymaj\u0105 od&nbsp;pa\u0144stwa wsparcie finansowe warte ponad miliard z\u0142otych, dzi\u0119ki kt\u00f3remu&nbsp;miliony polskich uczni\u00f3w b\u0119d\u0105 mog\u0142y uczy\u0107 si\u0119 poprzez eksperymentowanie i&nbsp;zdobywa\u0107 w&nbsp;ten spos\u00f3b praktyczne umiej\u0119tno\u015bci. Wsparcie b\u0119dzie przekazane jeszcze w&nbsp;2021&nbsp;roku w&nbsp;ca\u0142o\u015bci z&nbsp;g\u00f3ry \u2013 bez&nbsp;konieczno\u015bci wniesienia wk\u0142adu w\u0142asnego.<\/p>\n\n\n\n<p><strong>Kreatywne my\u015blenie<\/strong>&nbsp;oraz&nbsp;obs\u0142uga narz\u0119dzi to&nbsp;jedne z&nbsp;podstawowych umiej\u0119tno\u015bci decyduj\u0105cych o&nbsp;rozwoju cywilizacyjnym, gospodarczym i\u202fspo\u0142ecznym. Wzrost innowacyjno\u015bci oraz&nbsp;rozw\u00f3j technologiczny spowodowa\u0142, \u017ce&nbsp;umiej\u0119tno\u015bci matematyczne, w&nbsp;zakresie nauk przyrodniczych, technologii i&nbsp;in\u017cynierii s\u0105&nbsp;dzi\u015b wa\u017cniejsze ni\u017c\u202fkiedykolwiek wcze\u015bniej.&nbsp;<\/p>\n\n\n\n<p><strong>W&nbsp;ramach Laboratori\u00f3w Przysz\u0142o\u015bci<\/strong>&nbsp;szko\u0142y otrzymaj\u0105 wsparcie finansowe na&nbsp;zakup wyposa\u017cenia technicznego potrzebnego w\u202fkszta\u0142towaniu i\u202frozwijaniu umiej\u0119tno\u015bci manualnych i&nbsp;technicznych, umiej\u0119tno\u015bci samodzielnego i&nbsp;krytycznego my\u015blenia, zdolno\u015bci my\u015blenia matematycznego oraz&nbsp;umiej\u0119tno\u015bci w&nbsp;zakresie nauk przyrodniczych, technologii i&nbsp;in\u017cynierii, stosowania technologii informacyjno-komunikacyjnych, jak r\u00f3wnie\u017c pracy zespo\u0142owej, dobrej organizacji i&nbsp;dbania o\u202fporz\u0105dek na&nbsp;stanowisku pracy oraz&nbsp;radzenia sobie w&nbsp;\u017cyciu codziennym.&nbsp;<\/p>\n\n\n\n<ul><li><\/li><\/ul>\n\n\n\n<figure><iframe loading=\"lazy\" width=\"1180\" height=\"664\" src=\"https:\/\/www.youtube.com\/embed\/bY7JTuDc6D0\" allowfullscreen=\"\"><\/iframe><\/figure>\n\n\n\n<p><\/p>\n","protected":false},"excerpt":{"rendered":"<p>Wszystkie dzia\u0142ania w ramach realizacji programu Laboratoria przysz\u0142o\u015bci, s\u0105 dokumentowane i dost\u0119pne do wgl\u0105du pod adresem: https:\/\/wakelet.com\/@SPBrzezowkaLAB Laboratoria Przysz\u0142o\u015bci to inicjatywa edukacyjna realizowana przez Ministerstwo Edukacji i Nauki we wsp\u00f3\u0142pracy [&hellip;]<\/p>\n","protected":false},"author":4,"featured_media":0,"parent":0,"menu_order":0,"comment_status":"closed","ping_status":"closed","template":"","meta":{"ngg_post_thumbnail":0},"_links":{"self":[{"href":"https:\/\/www.spbrzezowka.ostnet.pl\/index.php\/wp-json\/wp\/v2\/pages\/5223"}],"collection":[{"href":"https:\/\/www.spbrzezowka.ostnet.pl\/index.php\/wp-json\/wp\/v2\/pages"}],"about":[{"href":"https:\/\/www.spbrzezowka.ostnet.pl\/index.php\/wp-json\/wp\/v2\/types\/page"}],"author":[{"embeddable":true,"href":"https:\/\/www.spbrzezowka.ostnet.pl\/index.php\/wp-json\/wp\/v2\/users\/4"}],"replies":[{"embeddable":true,"href":"https:\/\/www.spbrzezowka.ostnet.pl\/index.php\/wp-json\/wp\/v2\/comments?post=5223"}],"version-history":[{"count":10,"href":"https:\/\/www.spbrzezowka.ostnet.pl\/index.php\/wp-json\/wp\/v2\/pages\/5223\/revisions"}],"predecessor-version":[{"id":6779,"href":"https:\/\/www.spbrzezowka.ostnet.pl\/index.php\/wp-json\/wp\/v2\/pages\/5223\/revisions\/6779"}],"wp:attachment":[{"href":"https:\/\/www.spbrzezowka.ostnet.pl\/index.php\/wp-json\/wp\/v2\/media?parent=5223"}],"curies":[{"name":"wp","href":"https:\/\/api.w.org\/{rel}","templated":true}]}}