{"id":3383,"date":"2022-03-25T18:07:14","date_gmt":"2022-03-25T17:07:14","guid":{"rendered":"http:\/\/www.spbrzezowka.ostnet.pl\/?page_id=3383"},"modified":"2022-03-25T18:09:19","modified_gmt":"2022-03-25T17:09:19","slug":"na-sportowo","status":"publish","type":"page","link":"https:\/\/www.spbrzezowka.ostnet.pl\/index.php\/na-sportowo\/","title":{"rendered":"Na sportowo!"},"content":{"rendered":"\n<figure class=\"wp-block-video aligncenter\"><video controls src=\"http:\/\/www.spbrzezowka.ostnet.pl\/wp-content\/uploads\/2022\/03\/video-1648156030-1-1.mp4\"><\/video><\/figure>\n\n\n\n<figure class=\"wp-block-video aligncenter\"><video controls src=\"http:\/\/www.spbrzezowka.ostnet.pl\/wp-content\/uploads\/2022\/03\/video-1648155857-1.mp4\"><\/video><\/figure>\n\n\n\n<figure class=\"wp-block-video aligncenter\"><video controls src=\"http:\/\/www.spbrzezowka.ostnet.pl\/wp-content\/uploads\/2022\/03\/video-1648155826-1-1.mp4\"><\/video><\/figure>\n\n\n\n<p style=\"text-align:center\">Sportowa \u015broda! Dbamy o kondycj\u0119. Wyjazd do MOSiR w D\u0119bicy w dniu 22 marca 2022r.<\/p>\n","protected":false},"excerpt":{"rendered":"<p>Sportowa \u015broda! Dbamy o kondycj\u0119. Wyjazd do MOSiR w D\u0119bicy w dniu 22 marca 2022r.<\/p>\n","protected":false},"author":4,"featured_media":0,"parent":0,"menu_order":0,"comment_status":"closed","ping_status":"closed","template":"","meta":{"ngg_post_thumbnail":0},"_links":{"self":[{"href":"https:\/\/www.spbrzezowka.ostnet.pl\/index.php\/wp-json\/wp\/v2\/pages\/3383"}],"collection":[{"href":"https:\/\/www.spbrzezowka.ostnet.pl\/index.php\/wp-json\/wp\/v2\/pages"}],"about":[{"href":"https:\/\/www.spbrzezowka.ostnet.pl\/index.php\/wp-json\/wp\/v2\/types\/page"}],"author":[{"embeddable":true,"href":"https:\/\/www.spbrzezowka.ostnet.pl\/index.php\/wp-json\/wp\/v2\/users\/4"}],"replies":[{"embeddable":true,"href":"https:\/\/www.spbrzezowka.ostnet.pl\/index.php\/wp-json\/wp\/v2\/comments?post=3383"}],"version-history":[{"count":2,"href":"https:\/\/www.spbrzezowka.ostnet.pl\/index.php\/wp-json\/wp\/v2\/pages\/3383\/revisions"}],"predecessor-version":[{"id":3390,"href":"https:\/\/www.spbrzezowka.ostnet.pl\/index.php\/wp-json\/wp\/v2\/pages\/3383\/revisions\/3390"}],"wp:attachment":[{"href":"https:\/\/www.spbrzezowka.ostnet.pl\/index.php\/wp-json\/wp\/v2\/media?parent=3383"}],"curies":[{"name":"wp","href":"https:\/\/api.w.org\/{rel}","templated":true}]}}