{"id":3071,"date":"2022-03-18T19:22:26","date_gmt":"2022-03-18T18:22:26","guid":{"rendered":"http:\/\/www.spbrzezowka.ostnet.pl\/?page_id=3071"},"modified":"2022-03-18T19:30:23","modified_gmt":"2022-03-18T18:30:23","slug":"higienistka","status":"publish","type":"page","link":"https:\/\/www.spbrzezowka.ostnet.pl\/index.php\/higienistka\/","title":{"rendered":"Higienistka"},"content":{"rendered":"\n<p>Dy\u017cury odbywaj\u0105 si\u0119 co drugi pi\u0105tek w miesi\u0105cu w godzinach ok. 10.00-12.00<\/p>\n","protected":false},"excerpt":{"rendered":"<p>Dy\u017cury odbywaj\u0105 si\u0119 co drugi pi\u0105tek w miesi\u0105cu w godzinach ok. 10.00-12.00<\/p>\n","protected":false},"author":4,"featured_media":0,"parent":0,"menu_order":0,"comment_status":"closed","ping_status":"closed","template":"","meta":{"ngg_post_thumbnail":0},"_links":{"self":[{"href":"https:\/\/www.spbrzezowka.ostnet.pl\/index.php\/wp-json\/wp\/v2\/pages\/3071"}],"collection":[{"href":"https:\/\/www.spbrzezowka.ostnet.pl\/index.php\/wp-json\/wp\/v2\/pages"}],"about":[{"href":"https:\/\/www.spbrzezowka.ostnet.pl\/index.php\/wp-json\/wp\/v2\/types\/page"}],"author":[{"embeddable":true,"href":"https:\/\/www.spbrzezowka.ostnet.pl\/index.php\/wp-json\/wp\/v2\/users\/4"}],"replies":[{"embeddable":true,"href":"https:\/\/www.spbrzezowka.ostnet.pl\/index.php\/wp-json\/wp\/v2\/comments?post=3071"}],"version-history":[{"count":2,"href":"https:\/\/www.spbrzezowka.ostnet.pl\/index.php\/wp-json\/wp\/v2\/pages\/3071\/revisions"}],"predecessor-version":[{"id":3079,"href":"https:\/\/www.spbrzezowka.ostnet.pl\/index.php\/wp-json\/wp\/v2\/pages\/3071\/revisions\/3079"}],"wp:attachment":[{"href":"https:\/\/www.spbrzezowka.ostnet.pl\/index.php\/wp-json\/wp\/v2\/media?parent=3071"}],"curies":[{"name":"wp","href":"https:\/\/api.w.org\/{rel}","templated":true}]}}