{"id":2963,"date":"2022-03-16T11:09:44","date_gmt":"2022-03-16T10:09:44","guid":{"rendered":"http:\/\/www.spbrzezowka.ostnet.pl\/?page_id=2963"},"modified":"2022-04-08T16:19:17","modified_gmt":"2022-04-08T14:19:17","slug":"egzamin-osmoklasisty","status":"publish","type":"page","link":"https:\/\/www.spbrzezowka.ostnet.pl\/index.php\/egzamin-osmoklasisty\/","title":{"rendered":"Egzamin \u00f3smoklasisty"},"content":{"rendered":"\n<h1>Egzamin \u00d3smoklasisty 2022<\/h1>\n\n\n\n<p>Uczni\u00f3w klas VIII oraz rodzic\u00f3w prosimy&nbsp; o zapoznanie si\u0119 zamieszczonymi informacjami\/dokumentami dotycz\u0105cymi organizacji i przeprowadzenia egzaminu \u00f3smoklasisty w roku szkolnym 2021\/2022.<\/p>\n\n\n\n<ul><li><a href=\"file:\/\/\/C:\/Users\/matyl\/OneDrive\/Pulpit\/Egzamin-%C3%B3smoklasisty-prezentacja-dla-rodzic%C3%B3w.pdf\">file:\/\/\/C:\/Users\/matyl\/OneDrive\/Pulpit\/Egzamin-%C3%B3smoklasisty-prezentacja-dla-rodzic%C3%B3w.pdf<\/a><\/li><\/ul>\n\n\n\n<p><\/p>\n","protected":false},"excerpt":{"rendered":"<p>Egzamin \u00d3smoklasisty 2022 Uczni\u00f3w klas VIII oraz rodzic\u00f3w prosimy&nbsp; o zapoznanie si\u0119 zamieszczonymi informacjami\/dokumentami dotycz\u0105cymi organizacji i przeprowadzenia egzaminu \u00f3smoklasisty w roku szkolnym 2021\/2022. file:\/\/\/C:\/Users\/matyl\/OneDrive\/Pulpit\/Egzamin-%C3%B3smoklasisty-prezentacja-dla-rodzic%C3%B3w.pdf<\/p>\n","protected":false},"author":4,"featured_media":0,"parent":0,"menu_order":0,"comment_status":"closed","ping_status":"closed","template":"","meta":{"ngg_post_thumbnail":0},"_links":{"self":[{"href":"https:\/\/www.spbrzezowka.ostnet.pl\/index.php\/wp-json\/wp\/v2\/pages\/2963"}],"collection":[{"href":"https:\/\/www.spbrzezowka.ostnet.pl\/index.php\/wp-json\/wp\/v2\/pages"}],"about":[{"href":"https:\/\/www.spbrzezowka.ostnet.pl\/index.php\/wp-json\/wp\/v2\/types\/page"}],"author":[{"embeddable":true,"href":"https:\/\/www.spbrzezowka.ostnet.pl\/index.php\/wp-json\/wp\/v2\/users\/4"}],"replies":[{"embeddable":true,"href":"https:\/\/www.spbrzezowka.ostnet.pl\/index.php\/wp-json\/wp\/v2\/comments?post=2963"}],"version-history":[{"count":5,"href":"https:\/\/www.spbrzezowka.ostnet.pl\/index.php\/wp-json\/wp\/v2\/pages\/2963\/revisions"}],"predecessor-version":[{"id":3672,"href":"https:\/\/www.spbrzezowka.ostnet.pl\/index.php\/wp-json\/wp\/v2\/pages\/2963\/revisions\/3672"}],"wp:attachment":[{"href":"https:\/\/www.spbrzezowka.ostnet.pl\/index.php\/wp-json\/wp\/v2\/media?parent=2963"}],"curies":[{"name":"wp","href":"https:\/\/api.w.org\/{rel}","templated":true}]}}