{"id":2895,"date":"2022-03-15T20:40:49","date_gmt":"2022-03-15T19:40:49","guid":{"rendered":"http:\/\/www.spbrzezowka.ostnet.pl\/?page_id=2895"},"modified":"2022-03-15T20:48:46","modified_gmt":"2022-03-15T19:48:46","slug":"pasowanie-na-czytelnika","status":"publish","type":"page","link":"https:\/\/www.spbrzezowka.ostnet.pl\/index.php\/pasowanie-na-czytelnika\/","title":{"rendered":"Pasowanie na czytelnika"},"content":{"rendered":"\n<ul class=\"is-layout-flex wp-block-gallery-1 wp-block-gallery columns-3 is-cropped\"><li class=\"blocks-gallery-item\"><figure><img decoding=\"async\" loading=\"lazy\" width=\"608\" height=\"816\" src=\"http:\/\/www.spbrzezowka.ostnet.pl\/wp-content\/uploads\/2022\/03\/272952342_651358452851755_1894346390760342090_n-1.jpg\" alt=\"\" data-id=\"2514\" data-link=\"http:\/\/www.spbrzezowka.ostnet.pl\/index.php\/biblioteka\/272952342_651358452851755_1894346390760342090_n-2\/\" class=\"wp-image-2514\" srcset=\"https:\/\/www.spbrzezowka.ostnet.pl\/wp-content\/uploads\/2022\/03\/272952342_651358452851755_1894346390760342090_n-1.jpg 608w, https:\/\/www.spbrzezowka.ostnet.pl\/wp-content\/uploads\/2022\/03\/272952342_651358452851755_1894346390760342090_n-1-224x300.jpg 224w\" sizes=\"(max-width: 608px) 100vw, 608px\" \/><\/figure><\/li><li class=\"blocks-gallery-item\"><figure><img decoding=\"async\" loading=\"lazy\" width=\"608\" height=\"816\" src=\"http:\/\/www.spbrzezowka.ostnet.pl\/wp-content\/uploads\/2022\/03\/272932154_303153591833959_7621309880915770982_n.jpg\" alt=\"\" data-id=\"2513\" data-link=\"http:\/\/www.spbrzezowka.ostnet.pl\/index.php\/biblioteka\/272932154_303153591833959_7621309880915770982_n\/\" class=\"wp-image-2513\" srcset=\"https:\/\/www.spbrzezowka.ostnet.pl\/wp-content\/uploads\/2022\/03\/272932154_303153591833959_7621309880915770982_n.jpg 608w, https:\/\/www.spbrzezowka.ostnet.pl\/wp-content\/uploads\/2022\/03\/272932154_303153591833959_7621309880915770982_n-224x300.jpg 224w\" sizes=\"(max-width: 608px) 100vw, 608px\" \/><\/figure><\/li><li class=\"blocks-gallery-item\"><figure><img decoding=\"async\" loading=\"lazy\" width=\"608\" height=\"816\" src=\"http:\/\/www.spbrzezowka.ostnet.pl\/wp-content\/uploads\/2022\/03\/273078808_466184755039554_5107046488775279485_n.jpg\" alt=\"\" data-id=\"2515\" data-link=\"http:\/\/www.spbrzezowka.ostnet.pl\/index.php\/biblioteka\/273078808_466184755039554_5107046488775279485_n\/\" class=\"wp-image-2515\" srcset=\"https:\/\/www.spbrzezowka.ostnet.pl\/wp-content\/uploads\/2022\/03\/273078808_466184755039554_5107046488775279485_n.jpg 608w, https:\/\/www.spbrzezowka.ostnet.pl\/wp-content\/uploads\/2022\/03\/273078808_466184755039554_5107046488775279485_n-224x300.jpg 224w\" sizes=\"(max-width: 608px) 100vw, 608px\" \/><\/figure><\/li><li class=\"blocks-gallery-item\"><figure><img decoding=\"async\" loading=\"lazy\" width=\"608\" height=\"816\" src=\"http:\/\/www.spbrzezowka.ostnet.pl\/wp-content\/uploads\/2022\/03\/273170918_539073267139742_1445896111411199242_n.jpg\" alt=\"\" data-id=\"2516\" data-link=\"http:\/\/www.spbrzezowka.ostnet.pl\/index.php\/biblioteka\/273170918_539073267139742_1445896111411199242_n\/\" class=\"wp-image-2516\" srcset=\"https:\/\/www.spbrzezowka.ostnet.pl\/wp-content\/uploads\/2022\/03\/273170918_539073267139742_1445896111411199242_n.jpg 608w, https:\/\/www.spbrzezowka.ostnet.pl\/wp-content\/uploads\/2022\/03\/273170918_539073267139742_1445896111411199242_n-224x300.jpg 224w\" sizes=\"(max-width: 608px) 100vw, 608px\" \/><\/figure><\/li><li class=\"blocks-gallery-item\"><figure><img decoding=\"async\" loading=\"lazy\" width=\"608\" height=\"816\" src=\"http:\/\/www.spbrzezowka.ostnet.pl\/wp-content\/uploads\/2022\/03\/273191317_1082664629182486_3847132026978671754_n.jpg\" alt=\"\" data-id=\"2517\" data-link=\"http:\/\/www.spbrzezowka.ostnet.pl\/index.php\/biblioteka\/273191317_1082664629182486_3847132026978671754_n\/\" class=\"wp-image-2517\" srcset=\"https:\/\/www.spbrzezowka.ostnet.pl\/wp-content\/uploads\/2022\/03\/273191317_1082664629182486_3847132026978671754_n.jpg 608w, https:\/\/www.spbrzezowka.ostnet.pl\/wp-content\/uploads\/2022\/03\/273191317_1082664629182486_3847132026978671754_n-224x300.jpg 224w\" sizes=\"(max-width: 608px) 100vw, 608px\" \/><\/figure><\/li><li class=\"blocks-gallery-item\"><figure><img decoding=\"async\" loading=\"lazy\" width=\"608\" height=\"816\" src=\"http:\/\/www.spbrzezowka.ostnet.pl\/wp-content\/uploads\/2022\/03\/273200362_646421760004308_2658749068398844578_n.jpg\" alt=\"\" data-id=\"2518\" data-link=\"http:\/\/www.spbrzezowka.ostnet.pl\/index.php\/biblioteka\/273200362_646421760004308_2658749068398844578_n\/\" class=\"wp-image-2518\" srcset=\"https:\/\/www.spbrzezowka.ostnet.pl\/wp-content\/uploads\/2022\/03\/273200362_646421760004308_2658749068398844578_n.jpg 608w, https:\/\/www.spbrzezowka.ostnet.pl\/wp-content\/uploads\/2022\/03\/273200362_646421760004308_2658749068398844578_n-224x300.jpg 224w\" sizes=\"(max-width: 608px) 100vw, 608px\" \/><\/figure><\/li><li class=\"blocks-gallery-item\"><figure><img decoding=\"async\" loading=\"lazy\" width=\"608\" height=\"816\" src=\"http:\/\/www.spbrzezowka.ostnet.pl\/wp-content\/uploads\/2022\/03\/273563872_697721621216555_5919516252129718131_n.jpg\" alt=\"\" data-id=\"2519\" data-link=\"http:\/\/www.spbrzezowka.ostnet.pl\/index.php\/biblioteka\/273563872_697721621216555_5919516252129718131_n\/\" class=\"wp-image-2519\" srcset=\"https:\/\/www.spbrzezowka.ostnet.pl\/wp-content\/uploads\/2022\/03\/273563872_697721621216555_5919516252129718131_n.jpg 608w, https:\/\/www.spbrzezowka.ostnet.pl\/wp-content\/uploads\/2022\/03\/273563872_697721621216555_5919516252129718131_n-224x300.jpg 224w\" sizes=\"(max-width: 608px) 100vw, 608px\" \/><\/figure><\/li><li class=\"blocks-gallery-item\"><figure><img decoding=\"async\" loading=\"lazy\" width=\"608\" height=\"816\" src=\"http:\/\/www.spbrzezowka.ostnet.pl\/wp-content\/uploads\/2022\/03\/273577624_465754748359746_779270471369879903_n.jpg\" alt=\"\" data-id=\"2520\" data-link=\"http:\/\/www.spbrzezowka.ostnet.pl\/index.php\/biblioteka\/273577624_465754748359746_779270471369879903_n\/\" class=\"wp-image-2520\" srcset=\"https:\/\/www.spbrzezowka.ostnet.pl\/wp-content\/uploads\/2022\/03\/273577624_465754748359746_779270471369879903_n.jpg 608w, https:\/\/www.spbrzezowka.ostnet.pl\/wp-content\/uploads\/2022\/03\/273577624_465754748359746_779270471369879903_n-224x300.jpg 224w\" sizes=\"(max-width: 608px) 100vw, 608px\" \/><\/figure><\/li><\/ul>\n\n\n\n<p>W dniu 9 lutego powitali\u015bmy w gronie czytelnik\u00f3w uczni\u00f3w I klasy!<\/p>\n","protected":false},"excerpt":{"rendered":"<p>W dniu 9 lutego powitali\u015bmy w gronie czytelnik\u00f3w uczni\u00f3w I klasy!<\/p>\n","protected":false},"author":4,"featured_media":0,"parent":0,"menu_order":0,"comment_status":"closed","ping_status":"closed","template":"","meta":{"ngg_post_thumbnail":0},"_links":{"self":[{"href":"https:\/\/www.spbrzezowka.ostnet.pl\/index.php\/wp-json\/wp\/v2\/pages\/2895"}],"collection":[{"href":"https:\/\/www.spbrzezowka.ostnet.pl\/index.php\/wp-json\/wp\/v2\/pages"}],"about":[{"href":"https:\/\/www.spbrzezowka.ostnet.pl\/index.php\/wp-json\/wp\/v2\/types\/page"}],"author":[{"embeddable":true,"href":"https:\/\/www.spbrzezowka.ostnet.pl\/index.php\/wp-json\/wp\/v2\/users\/4"}],"replies":[{"embeddable":true,"href":"https:\/\/www.spbrzezowka.ostnet.pl\/index.php\/wp-json\/wp\/v2\/comments?post=2895"}],"version-history":[{"count":2,"href":"https:\/\/www.spbrzezowka.ostnet.pl\/index.php\/wp-json\/wp\/v2\/pages\/2895\/revisions"}],"predecessor-version":[{"id":2909,"href":"https:\/\/www.spbrzezowka.ostnet.pl\/index.php\/wp-json\/wp\/v2\/pages\/2895\/revisions\/2909"}],"wp:attachment":[{"href":"https:\/\/www.spbrzezowka.ostnet.pl\/index.php\/wp-json\/wp\/v2\/media?parent=2895"}],"curies":[{"name":"wp","href":"https:\/\/api.w.org\/{rel}","templated":true}]}}