{"id":2856,"date":"2022-03-15T19:08:28","date_gmt":"2022-03-15T18:08:28","guid":{"rendered":"http:\/\/www.spbrzezowka.ostnet.pl\/?page_id=2856"},"modified":"2025-10-01T19:02:14","modified_gmt":"2025-10-01T17:02:14","slug":"biblioteka-2","status":"publish","type":"page","link":"https:\/\/www.spbrzezowka.ostnet.pl\/index.php\/biblioteka-2\/","title":{"rendered":"Biblioteka"},"content":{"rendered":"<div class=\"wp-block-image\">\n<figure class=\"aligncenter\"><img decoding=\"async\" loading=\"lazy\" width=\"500\" height=\"500\" src=\"http:\/\/www.spbrzezowka.ostnet.pl\/wp-content\/uploads\/2022\/03\/Kto-czyta-ksi\u0105\u017cki-ten-\u017cyje-podw\u00f3jnie...-1.png\" alt=\"\" class=\"wp-image-2509\" srcset=\"https:\/\/www.spbrzezowka.ostnet.pl\/wp-content\/uploads\/2022\/03\/Kto-czyta-ksi\u0105\u017cki-ten-\u017cyje-podw\u00f3jnie...-1.png 500w, https:\/\/www.spbrzezowka.ostnet.pl\/wp-content\/uploads\/2022\/03\/Kto-czyta-ksi\u0105\u017cki-ten-\u017cyje-podw\u00f3jnie...-1-150x150.png 150w, https:\/\/www.spbrzezowka.ostnet.pl\/wp-content\/uploads\/2022\/03\/Kto-czyta-ksi\u0105\u017cki-ten-\u017cyje-podw\u00f3jnie...-1-300x300.png 300w\" sizes=\"(max-width: 500px) 100vw, 500px\" \/><\/figure><\/div>\n\n\n<p class=\"has-text-align-center\"><strong>Biblioteka zaprasza czytelnik\u00f3w:<\/strong><\/p>\n\n\n\n<p class=\"has-text-align-center\"><strong>GODZINY PRACY BIBLIOTEKI SZKOLNEJ<\/strong><\/p>\n\n\n\n<div class=\"wp-block-file\"><a id=\"wp-block-file--media-c04f6909-560c-421f-a6d4-83c0ca3639d7\" href=\"https:\/\/www.spbrzezowka.ostnet.pl\/wp-content\/uploads\/2025\/10\/GODZINY-PRACY-1.docx\">GODZINY-PRACY-1<\/a><a href=\"https:\/\/www.spbrzezowka.ostnet.pl\/wp-content\/uploads\/2025\/10\/GODZINY-PRACY-1.docx\" class=\"wp-block-file__button wp-element-button\" download aria-describedby=\"wp-block-file--media-c04f6909-560c-421f-a6d4-83c0ca3639d7\">Pobierz<\/a><\/div>\n\n\n\n<div class=\"wp-block-file\"><a id=\"wp-block-file--media-d8d22680-db8b-4bae-8aed-0ac6407443a6\" href=\"https:\/\/www.spbrzezowka.ostnet.pl\/wp-content\/uploads\/2025\/09\/biblioteka.docx\">biblioteka<\/a><a href=\"https:\/\/www.spbrzezowka.ostnet.pl\/wp-content\/uploads\/2025\/09\/biblioteka.docx\" class=\"wp-block-file__button wp-element-button\" download aria-describedby=\"wp-block-file--media-d8d22680-db8b-4bae-8aed-0ac6407443a6\">Pobierz<\/a><\/div>\n\n\n\n<p class=\"has-text-align-center\"><strong><em>11 pr\u00f3\u015bb ksi\u0105\u017cki do czytelnika<\/em><\/strong>&#x1f60a;&#x1f495;&#x1f60a;&#x1f495;&#x1f60a;<\/p>\n\n\n\n<ul>\n<li>Zanim zaczniesz czyta\u0107 \u2013&nbsp;&nbsp;&nbsp;&nbsp;&nbsp; ob\u0142\u00f3\u017c mnie w papier!<\/li>\n\n\n\n<li>Nie dotykaj mnie brudnymi r\u0119kami!<\/li>\n\n\n\n<li>Nie czytaj mnie przy jedzeniu!<\/li>\n\n\n\n<li>Nie \u015bli\u0144 palc\u00f3w przy odwracaniu stron!<\/li>\n\n\n\n<li>Nie mnij kartek i nie zaginaj rog\u00f3w!<\/li>\n\n\n\n<li>Nie przeginaj mnie przy czytaniu!<\/li>\n\n\n\n<li>Nie k\u0142ad\u017a mnie roz\u0142aman\u0105 grzbietem do g\u00f3ry!<\/li>\n\n\n\n<li>Nie umieszczaj mnie w domu na nieodpowiednim miejscu!<\/li>\n\n\n\n<li>Nie r\u00f3b na mnie \u017cadnych znak\u00f3w i dopisk\u00f3w!<\/li>\n\n\n\n<li>Nie wyrywaj i nie niszcz obrazk\u00f3w i kartek!<\/li>\n\n\n\n<li>Ze wzgl\u0119du na innych w czasie zaka\u017anej choroby nie dotykaj mnie!<\/li>\n<\/ul>\n\n\n\n<p class=\"has-text-align-center\"><strong>DZI\u0118KUJ\u0118 !!!<\/strong><\/p>\n\n\n\n<p class=\"has-large-font-size\"><strong><em>Papirusy, papierki i gryzipi\u00f3rki&#8230;czyli wyrazy obcego pochodzenia&nbsp;zwi\u0105zane z ksi\u0105\u017ck\u0105<\/em><\/strong><\/p>\n\n\n\n<ul>\n<li><strong>biblioteka<\/strong><\/li>\n<\/ul>\n\n\n\n<p>gr. biblos \u2013 ksi\u0105\u017cka<\/p>\n\n\n\n<p>teke \u2013 teka do sk\u0142adania papier\u00f3w<\/p>\n\n\n\n<ul>\n<li><strong>papier<\/strong><\/li>\n<\/ul>\n\n\n\n<p>\u0142ac. papyrus<\/p>\n\n\n\n<p>gr. papyros \u2013 nazwa ro\u015bliny z Egiptu<\/p>\n\n\n\n<ul>\n<li><strong>tytu\u0142<\/strong><\/li>\n<\/ul>\n\n\n\n<p>\u0142ac. titulus \u2013 skrawek kolorowego pergaminu z nazw\u0105 utworu lub kr\u00f3tk\u0105 informacj\u0105 o tre\u015bci \/Rzym\/<\/p>\n\n\n\n<ul>\n<li><strong>margines<\/strong><\/li>\n<\/ul>\n\n\n\n<p>\u0142ac. margo &#8211; brzeg<\/p>\n\n\n\n<ul>\n<li><strong>ilustracja<\/strong><\/li>\n<\/ul>\n\n\n\n<p>\u0142ac. illustrare \u2013 unaocznia\u0107, wyja\u015bnia\u0107<\/p>\n\n\n\n<ul>\n<li><strong>atrament<\/strong><\/li>\n<\/ul>\n\n\n\n<p>\u0142ac. atramentum &#8211; czernid\u0142o<\/p>\n\n\n\n<ul>\n<li><strong>inicja\u0142<\/strong><\/li>\n<\/ul>\n\n\n\n<p>\u0142ac. initium \u2013 pocz\u0105tek \/ozdobne, pierwsze litery tekstu\/<\/p>\n\n\n\n<p>Opracowano na podstawie tekstu Danuty Jod\u0142owskiej\u2013Weso\u0142owskiej \u201eJ\u0119zyk i \u015bwiat\u201d<\/p>\n\n\n\n<h1><img decoding=\"async\" src=\"https:\/\/spdabie.edupage.org\/photos\/icons\/gif019.gif\" alt=\"\"><strong>CYTATY I Z\u0141OTE MY\u015aLI<\/strong><\/h1>\n\n\n\n<p><br><em>DO NAUCZANIA I UCZENIA SI\u0118 KONIECZNE S\u0104 TRZY \u015aRODKI POMOCNICZE:<br>PO PIERWSZE KSI\u0104\u017bKI, PO DRUGIE KSI\u0104\u017bKI, PO TRZECIE KSI\u0104\u017bKI.<\/em><strong><br>S.KONARSKI<br><\/strong><\/p>\n\n\n\n<p><em>KTO CZYTA &#8211; \u017bYJE WIELOKROTNIE &#8211; KTO ZA\u015a Z KSI\u0104\u017bKAMI OBCOWA\u0106 NIE CHCE- NA JEDEN \u017bYWOT JEST SKAZANY<\/em><\/p>\n\n\n\n<p><strong>J.CZECHOWICZ<\/strong><\/p>\n\n\n\n<p>\u201ePOSTAN\u00d3W SOBIE CZYTA\u0106 CHOCIA\u017bBY PRZEZ KWADRANS<br>&#8211; PO ROKU ODCZUJESZ SKUTKI<br><strong>&nbsp;H.MANN<\/strong><\/p>\n\n\n\n<p><em>\u201eW \u017bYCIU MIA\u0141EM WIELU PRZYJACI\u00d3\u0141 I WIELU NIEPRZYJACI\u00d3\u0141,<br>LECZ PRZYJACIELEM BEZ ZDRADY BY\u0141A ZAWSZE MI KSI\u0104\u017bKA<\/em><br><strong>G.MORCINEK<\/strong><\/p>\n\n\n\n<p><em>&#8230;CZYTELNICTWO TO SZTUKA. JAK KA\u017bDEJ SZTUKI NIE MO\u017bNA SI\u0118 JEJ NAUCZY\u0106!<br>TO WZBIERA W CZ\u0141OWIEKU NIBY NATCHNIENIE.<\/em><br><strong>&nbsp;J. IWASZKIEWICZ<\/strong><\/p>\n\n\n\n<p><em>KSI\u0104\u017bKI S\u0104 JAK LUDZIE \u2013 ICH WARTO\u015aCI NIEPODOBNA OCENI\u0106 PO STROJU<\/em><\/p>\n\n\n\n<p><strong>JAN PARANDOWSKI<\/strong><\/p>\n\n\n\n<p><em>SAMO POSIADANIE BIBLIOTEKI NIE CZYNI CZ\u0141OWIEKA UCZONYM<\/em><\/p>\n\n\n\n<p><strong>GOTTHOLD LESSING<\/strong><\/p>\n\n\n\n<p><\/p>\n","protected":false},"excerpt":{"rendered":"<p>Biblioteka zaprasza czytelnik\u00f3w: GODZINY PRACY BIBLIOTEKI SZKOLNEJ 11 pr\u00f3\u015bb ksi\u0105\u017cki do czytelnika&#x1f60a;&#x1f495;&#x1f60a;&#x1f495;&#x1f60a; DZI\u0118KUJ\u0118 !!! Papirusy, papierki i gryzipi\u00f3rki&#8230;czyli wyrazy obcego pochodzenia&nbsp;zwi\u0105zane z ksi\u0105\u017ck\u0105 gr. biblos \u2013 ksi\u0105\u017cka teke \u2013 teka [&hellip;]<\/p>\n","protected":false},"author":4,"featured_media":0,"parent":0,"menu_order":0,"comment_status":"closed","ping_status":"closed","template":"","meta":{"ngg_post_thumbnail":0},"_links":{"self":[{"href":"https:\/\/www.spbrzezowka.ostnet.pl\/index.php\/wp-json\/wp\/v2\/pages\/2856"}],"collection":[{"href":"https:\/\/www.spbrzezowka.ostnet.pl\/index.php\/wp-json\/wp\/v2\/pages"}],"about":[{"href":"https:\/\/www.spbrzezowka.ostnet.pl\/index.php\/wp-json\/wp\/v2\/types\/page"}],"author":[{"embeddable":true,"href":"https:\/\/www.spbrzezowka.ostnet.pl\/index.php\/wp-json\/wp\/v2\/users\/4"}],"replies":[{"embeddable":true,"href":"https:\/\/www.spbrzezowka.ostnet.pl\/index.php\/wp-json\/wp\/v2\/comments?post=2856"}],"version-history":[{"count":9,"href":"https:\/\/www.spbrzezowka.ostnet.pl\/index.php\/wp-json\/wp\/v2\/pages\/2856\/revisions"}],"predecessor-version":[{"id":9720,"href":"https:\/\/www.spbrzezowka.ostnet.pl\/index.php\/wp-json\/wp\/v2\/pages\/2856\/revisions\/9720"}],"wp:attachment":[{"href":"https:\/\/www.spbrzezowka.ostnet.pl\/index.php\/wp-json\/wp\/v2\/media?parent=2856"}],"curies":[{"name":"wp","href":"https:\/\/api.w.org\/{rel}","templated":true}]}}