{"id":2620,"date":"2022-03-13T11:49:06","date_gmt":"2022-03-13T10:49:06","guid":{"rendered":"http:\/\/www.spbrzezowka.ostnet.pl\/?page_id=2620"},"modified":"2022-08-23T19:38:54","modified_gmt":"2022-08-23T17:38:54","slug":"nasz-patron","status":"publish","type":"page","link":"https:\/\/www.spbrzezowka.ostnet.pl\/index.php\/nasz-patron\/","title":{"rendered":"Nasz Patron"},"content":{"rendered":"\n<p>  <br>21 Brygad\u0119 Strzelc\u00f3w Podhala\u0144skich uformowano 26 maja 1993 roku na mocy  zarz\u0105dzenia Szefa Sztabu Generalnego Wojska Polskiego. Rok p\u00f3\u017aniej,  w dniu 12 maja 1994 roku 21 BSP przyj\u0119\u0142a imi\u0119 <strong><em>gen. bryg. Mieczys\u0142awa Boruty &#8211; Spiechowicza.  <\/em><\/strong> <\/p>\n\n\n\n<p>21 BSP sk\u0142ada si\u0119 z 10 jednostek w kt\u00f3rych s\u0142u\u017cy ok. 4000 \u017co\u0142nierzy. Kontynuuj\u0105c tradycje dawnej struktury organizacyjnej Wojska Polskiego, 21 BSP jako lekki zwi\u0105zek taktyczny jest przeznaczona do dzia\u0142a\u0144 bojowych, g\u0142\u00f3wnie w terenie g\u00f3rskim. Jednym z g\u0142\u00f3wnych zada\u0144 jakie wykonuje brygada jest przygotowanie i udzia\u0142 w misjach pokojowych, humanitarnych i stabilizacyjnych. <\/p>\n\n\n\n<p>Znakiem rozpoznawczym 21 BSP jest szarotka umieszczona na sztandarach  brygady, na patkach peleryn mundur\u00f3w, na kapeluszach oraz na beretach. Na prawym r\u0119kawie munduru noszone s\u0105 okr\u0105g\u0142e odznaki rozpoznawcze z bia\u0142\u0105 szarotk\u0105 na dziewi\u0119ciu r\u00f3\u017cnych kolorach oznaczaj\u0105ce poszczeg\u00f3lne pododdzia\u0142y brygady. <\/p>\n\n\n\n<figure class=\"is-layout-flex wp-block-gallery-1 wp-block-gallery has-nested-images columns-default is-cropped\">\n<figure class=\"wp-block-image\"><img decoding=\"async\" loading=\"lazy\" width=\"1024\" height=\"683\" data-id=\"2626\"  src=\"http:\/\/www.spbrzezowka.ostnet.pl\/wp-content\/uploads\/2022\/03\/IMG_5822-1-1024x683.jpg\" alt=\"\" class=\"wp-image-2626\" srcset=\"https:\/\/www.spbrzezowka.ostnet.pl\/wp-content\/uploads\/2022\/03\/IMG_5822-1-1024x683.jpg 1024w, https:\/\/www.spbrzezowka.ostnet.pl\/wp-content\/uploads\/2022\/03\/IMG_5822-1-300x200.jpg 300w, https:\/\/www.spbrzezowka.ostnet.pl\/wp-content\/uploads\/2022\/03\/IMG_5822-1-768x512.jpg 768w\" sizes=\"(max-width: 1024px) 100vw, 1024px\" \/><\/figure>\n\n\n\n<figure class=\"wp-block-image\"><img decoding=\"async\" loading=\"lazy\" width=\"1024\" height=\"683\" data-id=\"2627\"  src=\"http:\/\/www.spbrzezowka.ostnet.pl\/wp-content\/uploads\/2022\/03\/IMG_5823-1024x683.jpg\" alt=\"\" class=\"wp-image-2627\" srcset=\"https:\/\/www.spbrzezowka.ostnet.pl\/wp-content\/uploads\/2022\/03\/IMG_5823-1024x683.jpg 1024w, https:\/\/www.spbrzezowka.ostnet.pl\/wp-content\/uploads\/2022\/03\/IMG_5823-300x200.jpg 300w, https:\/\/www.spbrzezowka.ostnet.pl\/wp-content\/uploads\/2022\/03\/IMG_5823-768x512.jpg 768w\" sizes=\"(max-width: 1024px) 100vw, 1024px\" \/><\/figure>\n\n\n\n<figure class=\"wp-block-image\"><img decoding=\"async\" loading=\"lazy\" width=\"683\" height=\"1024\" data-id=\"2628\"  src=\"http:\/\/www.spbrzezowka.ostnet.pl\/wp-content\/uploads\/2022\/03\/IMG_5901-1-683x1024.jpg\" alt=\"\" class=\"wp-image-2628\" srcset=\"https:\/\/www.spbrzezowka.ostnet.pl\/wp-content\/uploads\/2022\/03\/IMG_5901-1-683x1024.jpg 683w, https:\/\/www.spbrzezowka.ostnet.pl\/wp-content\/uploads\/2022\/03\/IMG_5901-1-200x300.jpg 200w, https:\/\/www.spbrzezowka.ostnet.pl\/wp-content\/uploads\/2022\/03\/IMG_5901-1-768x1152.jpg 768w\" sizes=\"(max-width: 683px) 100vw, 683px\" \/><\/figure>\n<\/figure>\n\n\n\n<p>Szkole \u015bwi\u0119ta zwi\u0105zane z Patronem:<\/p>\n\n\n\n<p><strong><em>7 czerwca &#8211; Dzie\u0144 Patrona <\/em><\/strong>( w dniu 7 czerwca 2020 roku szkole nadano imi\u0119 21 Brygady Strzelc\u00f3w Podhala\u0144skich)<\/p>\n\n\n\n<p><em><strong>17 pa\u017adziernika 2021 <\/strong><\/em>roku nadano szkole sztandar.<\/p>\n\n\n\n<figure class=\"wp-block-image\"><img decoding=\"async\" loading=\"lazy\" width=\"1024\" height=\"683\" src=\"http:\/\/www.spbrzezowka.ostnet.pl\/wp-content\/uploads\/2022\/03\/IMG_5883-1-1024x683.jpg\" alt=\"\" class=\"wp-image-2741\" srcset=\"https:\/\/www.spbrzezowka.ostnet.pl\/wp-content\/uploads\/2022\/03\/IMG_5883-1-1024x683.jpg 1024w, https:\/\/www.spbrzezowka.ostnet.pl\/wp-content\/uploads\/2022\/03\/IMG_5883-1-300x200.jpg 300w, https:\/\/www.spbrzezowka.ostnet.pl\/wp-content\/uploads\/2022\/03\/IMG_5883-1-768x512.jpg 768w\" sizes=\"(max-width: 1024px) 100vw, 1024px\" \/><\/figure>\n\n\n\n<p><\/p>\n\n\n\n<p><\/p>\n\n\n\n<p><\/p>\n\n\n\n<p><\/p>\n\n\n\n<p>W dniu 7 czerwca 2022 r.,  po raz drugi obchodzili\u015bmy Dzie\u0144 Patrona. Tego dnia odwiedzili nas \u017co\u0142nierze z jednostki i zaprezentowali sprz\u0119t wojskowy i wyposa\u017cenie \u017co\u0142nierza. mo\u017cna by\u0142o po\u0107wiczy\u0107 celowanie z karabinu, przymierzy\u0107 he\u0142m i sprawdzi\u0107 zawarto\u015b\u0107 plecaka sanitariusza. Dalsza cz\u0119\u015b\u0107 dnia po\u015bwi\u0119cona by\u0142y rywalizacjom sportowym.<\/p>\n","protected":false},"excerpt":{"rendered":"<p>21 Brygad\u0119 Strzelc\u00f3w Podhala\u0144skich uformowano 26 maja 1993 roku na mocy zarz\u0105dzenia Szefa Sztabu Generalnego Wojska Polskiego. Rok p\u00f3\u017aniej, w dniu 12 maja 1994 roku 21 BSP przyj\u0119\u0142a imi\u0119 gen. [&hellip;]<\/p>\n","protected":false},"author":4,"featured_media":0,"parent":0,"menu_order":0,"comment_status":"closed","ping_status":"closed","template":"","meta":{"ngg_post_thumbnail":0},"_links":{"self":[{"href":"https:\/\/www.spbrzezowka.ostnet.pl\/index.php\/wp-json\/wp\/v2\/pages\/2620"}],"collection":[{"href":"https:\/\/www.spbrzezowka.ostnet.pl\/index.php\/wp-json\/wp\/v2\/pages"}],"about":[{"href":"https:\/\/www.spbrzezowka.ostnet.pl\/index.php\/wp-json\/wp\/v2\/types\/page"}],"author":[{"embeddable":true,"href":"https:\/\/www.spbrzezowka.ostnet.pl\/index.php\/wp-json\/wp\/v2\/users\/4"}],"replies":[{"embeddable":true,"href":"https:\/\/www.spbrzezowka.ostnet.pl\/index.php\/wp-json\/wp\/v2\/comments?post=2620"}],"version-history":[{"count":4,"href":"https:\/\/www.spbrzezowka.ostnet.pl\/index.php\/wp-json\/wp\/v2\/pages\/2620\/revisions"}],"predecessor-version":[{"id":5620,"href":"https:\/\/www.spbrzezowka.ostnet.pl\/index.php\/wp-json\/wp\/v2\/pages\/2620\/revisions\/5620"}],"wp:attachment":[{"href":"https:\/\/www.spbrzezowka.ostnet.pl\/index.php\/wp-json\/wp\/v2\/media?parent=2620"}],"curies":[{"name":"wp","href":"https:\/\/api.w.org\/{rel}","templated":true}]}}