{"id":2601,"date":"2022-03-13T11:23:16","date_gmt":"2022-03-13T10:23:16","guid":{"rendered":"http:\/\/www.spbrzezowka.ostnet.pl\/?page_id=2601"},"modified":"2025-09-10T18:08:35","modified_gmt":"2025-09-10T16:08:35","slug":"organizacja-roku-skzolnego-2021-22","status":"publish","type":"page","link":"https:\/\/www.spbrzezowka.ostnet.pl\/index.php\/organizacja-roku-skzolnego-2021-22\/","title":{"rendered":"Organizacja roku szkolnego 2025\/2026"},"content":{"rendered":"\n<p><strong>ROZPOCZ\u0118CIE ROKU SZKOLNEGO 2025\/202<\/strong>6<\/p>\n\n\n\n<ul>\n<li>1 wrze\u015bnia 2025 r; rozpocz\u0119cie zaj\u0119\u0107 dydaktyczno-wychowawczych<\/li>\n<\/ul>\n\n\n\n<div class=\"wp-block-file\"><a id=\"wp-block-file--media-2e84efff-6ed6-46ab-bb31-6b37b1e6137b\" href=\"https:\/\/www.spbrzezowka.ostnet.pl\/wp-content\/uploads\/2025\/09\/20250708_Kalendarz_roku_szkolnego_2025-2026.pdf\">20250708_Kalendarz_roku_szkolnego_2025-2026<\/a><a href=\"https:\/\/www.spbrzezowka.ostnet.pl\/wp-content\/uploads\/2025\/09\/20250708_Kalendarz_roku_szkolnego_2025-2026.pdf\" class=\"wp-block-file__button wp-element-button\" download aria-describedby=\"wp-block-file--media-2e84efff-6ed6-46ab-bb31-6b37b1e6137b\">Pobierz<\/a><\/div>\n\n\n\n<p><strong>DNI WOLNE od zaj\u0119\u0107 dydaktycznych<\/strong><\/p>\n\n\n\n<p>10 XI 2025 r.<\/p>\n\n\n\n<p>2,5 I 2026 r.<\/p>\n\n\n\n<p>5, 23 VI 2026 r.<\/p>\n\n\n\n<ul>\n<li>11 maja 2026 r. (poniedzia\u0142ek) &#8211; EGAZMIN \u00d3SMOKLASISTY<\/li>\n<\/ul>\n\n\n\n<ul>\n<li>12 maja 2026 r. (wtorek)- EGAZMIN \u00d3SMOKLASISTY <\/li>\n<\/ul>\n\n\n\n<ul>\n<li>13 maja 2026 r. (\u015broda)- EGAZMIN \u00d3SMOKLASISTY <\/li>\n<\/ul>\n\n\n\n<p>         <\/p>\n\n\n\n<p><\/p>\n","protected":false},"excerpt":{"rendered":"<p>ROZPOCZ\u0118CIE ROKU SZKOLNEGO 2025\/2026 DNI WOLNE od zaj\u0119\u0107 dydaktycznych 10 XI 2025 r. 2,5 I 2026 r. 5, 23 VI 2026 r.<\/p>\n","protected":false},"author":4,"featured_media":0,"parent":0,"menu_order":0,"comment_status":"closed","ping_status":"closed","template":"","meta":{"ngg_post_thumbnail":0},"_links":{"self":[{"href":"https:\/\/www.spbrzezowka.ostnet.pl\/index.php\/wp-json\/wp\/v2\/pages\/2601"}],"collection":[{"href":"https:\/\/www.spbrzezowka.ostnet.pl\/index.php\/wp-json\/wp\/v2\/pages"}],"about":[{"href":"https:\/\/www.spbrzezowka.ostnet.pl\/index.php\/wp-json\/wp\/v2\/types\/page"}],"author":[{"embeddable":true,"href":"https:\/\/www.spbrzezowka.ostnet.pl\/index.php\/wp-json\/wp\/v2\/users\/4"}],"replies":[{"embeddable":true,"href":"https:\/\/www.spbrzezowka.ostnet.pl\/index.php\/wp-json\/wp\/v2\/comments?post=2601"}],"version-history":[{"count":16,"href":"https:\/\/www.spbrzezowka.ostnet.pl\/index.php\/wp-json\/wp\/v2\/pages\/2601\/revisions"}],"predecessor-version":[{"id":9598,"href":"https:\/\/www.spbrzezowka.ostnet.pl\/index.php\/wp-json\/wp\/v2\/pages\/2601\/revisions\/9598"}],"wp:attachment":[{"href":"https:\/\/www.spbrzezowka.ostnet.pl\/index.php\/wp-json\/wp\/v2\/media?parent=2601"}],"curies":[{"name":"wp","href":"https:\/\/api.w.org\/{rel}","templated":true}]}}