{"id":243,"date":"2018-10-26T12:57:36","date_gmt":"2018-10-26T10:57:36","guid":{"rendered":"http:\/\/www.spbrzezowka.ostnet.pl\/?page_id=243"},"modified":"2022-08-23T16:11:07","modified_gmt":"2022-08-23T14:11:07","slug":"kontakt-2","status":"publish","type":"page","link":"https:\/\/www.spbrzezowka.ostnet.pl\/index.php\/kontakt-2\/","title":{"rendered":"Dane kontaktowe"},"content":{"rendered":"<div data-colibri-id=\"243-c1\" class=\"style-263 style-local-243-c1 position-relative\">\n  <!---->\n  <div data-colibri-component=\"section\" data-colibri-id=\"243-c2\" id=\"about-2\" class=\"h-section h-section-global-spacing d-flex align-items-lg-center align-items-md-center align-items-center style-286 style-local-243-c2 position-relative\">\n    <!---->\n    <!---->\n    <div class=\"h-section-grid-container h-section-boxed-container\">\n      <!---->\n      <div data-colibri-id=\"243-c3\" class=\"h-row-container gutters-row-lg-0 gutters-row-md-0 gutters-row-0 gutters-row-v-lg-0 gutters-row-v-md-0 gutters-row-v-0 style-287 style-local-243-c3 position-relative\">\n        <!---->\n        <div class=\"h-row justify-content-lg-center justify-content-md-center justify-content-center align-items-lg-stretch align-items-md-stretch align-items-stretch gutters-col-lg-0 gutters-col-md-0 gutters-col-0 gutters-col-v-lg-0 gutters-col-v-md-0 gutters-col-v-0\">\n          <!---->\n          <div class=\"h-column h-column-container d-flex h-col-lg-auto h-col-md-auto h-col-auto style-288-outer style-local-243-c4-outer\">\n            <div data-colibri-id=\"243-c4\" class=\"d-flex h-flex-basis h-column__inner h-ui-empty-state-container h-px-lg-0 h-px-md-0 h-px-0 v-inner-lg-0 v-inner-md-0 v-inner-0 style-288 style-local-243-c4 position-relative\">\n              <!---->\n              <!---->\n              <div class=\"w-100 h-y-container h-column__content h-column__v-align flex-basis-100\">\n                <!---->\n              <\/div>\n            <\/div>\n          <\/div>\n          <div class=\"h-column h-column-container d-flex h-col-lg-auto h-col-md-auto h-col-auto style-289-outer style-local-243-c5-outer\">\n            <div data-colibri-id=\"243-c5\" class=\"d-flex h-flex-basis h-column__inner h-px-lg-2 h-px-md-2 h-px-2 v-inner-lg-2 v-inner-md-2 v-inner-2 style-289 style-local-243-c5 position-relative\">\n              <!---->\n              <!---->\n              <div class=\"w-100 h-y-container h-column__content h-column__v-align flex-basis-100 align-self-lg-start align-self-md-start align-self-start\">\n                <!---->\n                <div data-colibri-id=\"243-c6\" class=\"h-global-transition-all h-heading style-291 style-local-243-c6 position-relative h-element\">\n                  <!---->\n                  <div class=\"h-heading__outer style-291 style-local-243-c6\">\n                    <!---->\n                    <!---->\n                    <h2 class=\"\">Kontakt&nbsp;<\/h2>\n                  <\/div>\n                <\/div>\n                <div data-colibri-id=\"243-c7\" class=\"h-text h-text-component style-292 style-local-243-c7 position-relative h-element\">\n                  <!---->\n                  <!---->\n                  <div class=\"\">\n                    <p>Szko\u0142a Podstawowa im. 21 Brygady Strzelc\u00f3w Podhala\u0144skich w Brzez\u00f3wce<\/p>\n                    <p>Brzez\u00f3wka 111<\/p>\n                    <p>36-024 Hy\u017cne<\/p>\n                    <p>tel.: 17 229 52 47<\/p>\n                    <p>e-mail: spbrzezowka@hyzne.pl<\/p>\n                    <p>\n                      <br>\n                    <\/p>\n                  <\/div>\n                <\/div>\n              <\/div>\n            <\/div>\n          <\/div>\n        <\/div>\n      <\/div>\n    <\/div>\n  <\/div>\n<\/div>","protected":false},"excerpt":{"rendered":"<p>Kontakt&nbsp; Szko\u0142a Podstawowa im. 21 Brygady Strzelc\u00f3w Podhala\u0144skich w Brzez\u00f3wce Brzez\u00f3wka 111 36-024 Hy\u017cne tel.: 17 229 52 47 e-mail: spbrzezowka@hyzne.pl<\/p>\n","protected":false},"author":1,"featured_media":0,"parent":0,"menu_order":0,"comment_status":"closed","ping_status":"closed","template":"page-templates\/full-width-page.php","meta":{"ngg_post_thumbnail":0},"_links":{"self":[{"href":"https:\/\/www.spbrzezowka.ostnet.pl\/index.php\/wp-json\/wp\/v2\/pages\/243"}],"collection":[{"href":"https:\/\/www.spbrzezowka.ostnet.pl\/index.php\/wp-json\/wp\/v2\/pages"}],"about":[{"href":"https:\/\/www.spbrzezowka.ostnet.pl\/index.php\/wp-json\/wp\/v2\/types\/page"}],"author":[{"embeddable":true,"href":"https:\/\/www.spbrzezowka.ostnet.pl\/index.php\/wp-json\/wp\/v2\/users\/1"}],"replies":[{"embeddable":true,"href":"https:\/\/www.spbrzezowka.ostnet.pl\/index.php\/wp-json\/wp\/v2\/comments?post=243"}],"version-history":[{"count":16,"href":"https:\/\/www.spbrzezowka.ostnet.pl\/index.php\/wp-json\/wp\/v2\/pages\/243\/revisions"}],"predecessor-version":[{"id":5573,"href":"https:\/\/www.spbrzezowka.ostnet.pl\/index.php\/wp-json\/wp\/v2\/pages\/243\/revisions\/5573"}],"wp:attachment":[{"href":"https:\/\/www.spbrzezowka.ostnet.pl\/index.php\/wp-json\/wp\/v2\/media?parent=243"}],"curies":[{"name":"wp","href":"https:\/\/api.w.org\/{rel}","templated":true}]}}