{"id":19,"date":"2018-10-03T21:14:46","date_gmt":"2018-10-03T19:14:46","guid":{"rendered":"http:\/\/www.spbrzezowka.ostnet.pl\/?page_id=19"},"modified":"2022-03-12T15:41:14","modified_gmt":"2022-03-12T14:41:14","slug":"historia","status":"publish","type":"page","link":"https:\/\/www.spbrzezowka.ostnet.pl\/index.php\/historia\/","title":{"rendered":"Historia Naszej Szko\u0142y"},"content":{"rendered":"\n<h2><em>&#8222;Gdyby te mury m\u00f3wi\u0107 umia\u0142y&#8230;&#8221;<\/em><\/h2>\n\n\n\n<p class=\"has-regular-font-size\">To fragment z najstarszych zapisk\u00f3w Kroniki Szkolnej, kt\u00f3ra <br>w staranny i obszerny spos\u00f3b dokumentuje pocz\u0105tki szkolnictwa <br>w Brzez\u00f3wce. Zapewne us\u0142yszeliby\u015bmy wiele historii: wzruszaj\u0105cych, zabawnych, ciekawych i niejednokrotnie zdumiewaj\u0105cych &#8211; je\u015bli odniesie si\u0119 je do czas\u00f3w wsp\u00f3\u0142czesnych.  Na kartach Kroniki spisane s\u0105 dzieje si\u0119gaj\u0105ce jeszcze II po\u0142owy XIX wieku. Dowiadujemy si\u0119 o systemie nauki, przede wszystkim czytania, zanim jeszcze powsta\u0142 budynek szko\u0142y. Poznajemy Wawrzy\u0144ca Bialica z Hy\u017cnego, wprawnego w czytaniu, kt\u00f3ry <br>w okresach zimowych pocz\u0105wszy od oko\u0142o 1870 roku uczy czyta\u0107 dzieci <br>i m\u0142odzie\u017c. Metody stosowane w nauczaniu nie s\u0105 wyszukane, jednak dla zdolniejszej cz\u0119\u015bci uczni\u00f3w wystarczaj\u0105ce, by posi\u0105\u015b\u0107 znajomo\u015b\u0107 liter <br>i umiej\u0119tno\u015b\u0107 czytania. Nauka odbywa si\u0119 poprzez pami\u0119ciowe opanowanie tekstu Elementarza w pierwszym roku nauki i fragment\u00f3w Biblii w drugim. Niepos\u0142uszni uczniowie byli karani, jak odnotowuje kronikarz &#8222;pospolit\u0105 kar\u0105 dla ch\u0142opc\u00f3w by\u0142a ch\u0142osta, dla dziewcz\u0105t kl\u0119czenie z miot\u0142\u0105&#8230;&#8221;. I tak przez kilka lat naucza\u0142 Wawrzyniec Bialic, a\u017c uczniowie jego sami naucza\u0107 zacz\u0119li: Zi\u0119ba Antoni, Szpala Antoni, Jamrozik Walenty i inni. Mimo umiej\u0119tno\u015bci czytania, miejscowi pozostawali nadal niepi\u015bmienni. Poznajemy nazwisko pierwszego mieszka\u0144ca Brzez\u00f3wki potrafi\u0105cego pisa\u0107 &#8211; by\u0142 to Wojciech Ossoli\u0144ski, kt\u00f3ry p\u00f3\u017aniej zosta\u0142 pisarzem gminnym. Kronika prowadzi nas przez kolejne lata XX wieku, historie ludzi, zawi\u0142o\u015bci dziej\u00f3w b\u0119dziemy sukcesywnie odnotowywa\u0107 na stronie www Naszej Szko\u0142y.<\/p>\n\n\n\n<ul class=\"is-layout-flex wp-block-gallery-1 wp-block-gallery columns-3 is-cropped\"><li class=\"blocks-gallery-item\"><figure><img decoding=\"async\" loading=\"lazy\" width=\"745\" height=\"1024\" src=\"http:\/\/www.spbrzezowka.ostnet.pl\/wp-content\/uploads\/2022\/03\/Scan0066-745x1024.jpg\" alt=\"\" data-id=\"2462\" data-link=\"http:\/\/www.spbrzezowka.ostnet.pl\/index.php\/historia\/scan0066\/\" class=\"wp-image-2462\" srcset=\"https:\/\/www.spbrzezowka.ostnet.pl\/wp-content\/uploads\/2022\/03\/Scan0066-745x1024.jpg 745w, https:\/\/www.spbrzezowka.ostnet.pl\/wp-content\/uploads\/2022\/03\/Scan0066-218x300.jpg 218w, https:\/\/www.spbrzezowka.ostnet.pl\/wp-content\/uploads\/2022\/03\/Scan0066-768x1056.jpg 768w, https:\/\/www.spbrzezowka.ostnet.pl\/wp-content\/uploads\/2022\/03\/Scan0066.jpg 1700w\" sizes=\"(max-width: 745px) 100vw, 745px\" \/><\/figure><\/li><li class=\"blocks-gallery-item\"><figure><img decoding=\"async\" loading=\"lazy\" width=\"745\" height=\"1024\" src=\"http:\/\/www.spbrzezowka.ostnet.pl\/wp-content\/uploads\/2022\/03\/Scan0068-745x1024.jpg\" alt=\"\" data-id=\"2464\" data-link=\"http:\/\/www.spbrzezowka.ostnet.pl\/index.php\/historia\/scan0068\/\" class=\"wp-image-2464\" srcset=\"https:\/\/www.spbrzezowka.ostnet.pl\/wp-content\/uploads\/2022\/03\/Scan0068-745x1024.jpg 745w, https:\/\/www.spbrzezowka.ostnet.pl\/wp-content\/uploads\/2022\/03\/Scan0068-218x300.jpg 218w, https:\/\/www.spbrzezowka.ostnet.pl\/wp-content\/uploads\/2022\/03\/Scan0068-768x1056.jpg 768w, https:\/\/www.spbrzezowka.ostnet.pl\/wp-content\/uploads\/2022\/03\/Scan0068.jpg 1700w\" sizes=\"(max-width: 745px) 100vw, 745px\" \/><\/figure><\/li><li class=\"blocks-gallery-item\"><figure><img decoding=\"async\" loading=\"lazy\" width=\"745\" height=\"1024\" src=\"http:\/\/www.spbrzezowka.ostnet.pl\/wp-content\/uploads\/2022\/03\/Scan0070-745x1024.jpg\" alt=\"\" data-id=\"2466\" data-link=\"http:\/\/www.spbrzezowka.ostnet.pl\/index.php\/historia\/scan0070\/\" class=\"wp-image-2466\" srcset=\"https:\/\/www.spbrzezowka.ostnet.pl\/wp-content\/uploads\/2022\/03\/Scan0070-745x1024.jpg 745w, https:\/\/www.spbrzezowka.ostnet.pl\/wp-content\/uploads\/2022\/03\/Scan0070-218x300.jpg 218w, https:\/\/www.spbrzezowka.ostnet.pl\/wp-content\/uploads\/2022\/03\/Scan0070-768x1056.jpg 768w, https:\/\/www.spbrzezowka.ostnet.pl\/wp-content\/uploads\/2022\/03\/Scan0070.jpg 1700w\" sizes=\"(max-width: 745px) 100vw, 745px\" \/><\/figure><\/li><\/ul>\n","protected":false},"excerpt":{"rendered":"<p>&#8222;Gdyby te mury m\u00f3wi\u0107 umia\u0142y&#8230;&#8221; To fragment z najstarszych zapisk\u00f3w Kroniki Szkolnej, kt\u00f3ra w staranny i obszerny spos\u00f3b dokumentuje pocz\u0105tki szkolnictwa w Brzez\u00f3wce. Zapewne us\u0142yszeliby\u015bmy wiele historii: wzruszaj\u0105cych, zabawnych, ciekawych [&hellip;]<\/p>\n","protected":false},"author":4,"featured_media":0,"parent":0,"menu_order":0,"comment_status":"closed","ping_status":"closed","template":"","meta":{"ngg_post_thumbnail":0},"_links":{"self":[{"href":"https:\/\/www.spbrzezowka.ostnet.pl\/index.php\/wp-json\/wp\/v2\/pages\/19"}],"collection":[{"href":"https:\/\/www.spbrzezowka.ostnet.pl\/index.php\/wp-json\/wp\/v2\/pages"}],"about":[{"href":"https:\/\/www.spbrzezowka.ostnet.pl\/index.php\/wp-json\/wp\/v2\/types\/page"}],"author":[{"embeddable":true,"href":"https:\/\/www.spbrzezowka.ostnet.pl\/index.php\/wp-json\/wp\/v2\/users\/4"}],"replies":[{"embeddable":true,"href":"https:\/\/www.spbrzezowka.ostnet.pl\/index.php\/wp-json\/wp\/v2\/comments?post=19"}],"version-history":[{"count":7,"href":"https:\/\/www.spbrzezowka.ostnet.pl\/index.php\/wp-json\/wp\/v2\/pages\/19\/revisions"}],"predecessor-version":[{"id":2470,"href":"https:\/\/www.spbrzezowka.ostnet.pl\/index.php\/wp-json\/wp\/v2\/pages\/19\/revisions\/2470"}],"wp:attachment":[{"href":"https:\/\/www.spbrzezowka.ostnet.pl\/index.php\/wp-json\/wp\/v2\/media?parent=19"}],"curies":[{"name":"wp","href":"https:\/\/api.w.org\/{rel}","templated":true}]}}