{"id":1805,"date":"2021-09-14T21:41:17","date_gmt":"2021-09-14T19:41:17","guid":{"rendered":"http:\/\/www.spbrzezowka.ostnet.pl\/?page_id=1805"},"modified":"2021-11-29T17:04:22","modified_gmt":"2021-11-29T16:04:22","slug":"przetarg-na-pomoce","status":"publish","type":"page","link":"https:\/\/www.spbrzezowka.ostnet.pl\/index.php\/przetarg-na-pomoce\/","title":{"rendered":"Zapytania ofertowe"},"content":{"rendered":"\n<p>LABORATORIUM PRZYSZ\u0141O\u015aCI-zapytanie ofertowe<\/p>\n\n\n\n<div class=\"wp-block-file\"><a href=\"http:\/\/www.spbrzezowka.ostnet.pl\/wp-content\/uploads\/2021\/11\/1-2.jpg\">cz\u0119\u015b\u0107 1<\/a><a href=\"http:\/\/www.spbrzezowka.ostnet.pl\/wp-content\/uploads\/2021\/11\/1-2.jpg\" class=\"wp-block-file__button\" download>Pobierz<\/a><\/div>\n\n\n\n<div class=\"wp-block-file\"><a href=\"http:\/\/www.spbrzezowka.ostnet.pl\/wp-content\/uploads\/2021\/11\/2.jpg\">cz\u0119\u015b\u0107 2<\/a><a href=\"http:\/\/www.spbrzezowka.ostnet.pl\/wp-content\/uploads\/2021\/11\/2.jpg\" class=\"wp-block-file__button\" download>Pobierz<\/a><\/div>\n\n\n\n<div class=\"wp-block-file\"><a href=\"http:\/\/www.spbrzezowka.ostnet.pl\/wp-content\/uploads\/2021\/11\/3.jpg\">cz\u0119\u015b\u0107 3<\/a><a href=\"http:\/\/www.spbrzezowka.ostnet.pl\/wp-content\/uploads\/2021\/11\/3.jpg\" class=\"wp-block-file__button\" download>Pobierz<\/a><\/div>\n\n\n\n<div class=\"wp-block-file\"><a href=\"http:\/\/www.spbrzezowka.ostnet.pl\/wp-content\/uploads\/2021\/11\/4.jpg\">cz\u0119\u015b\u0107 4<\/a><a href=\"http:\/\/www.spbrzezowka.ostnet.pl\/wp-content\/uploads\/2021\/11\/4.jpg\" class=\"wp-block-file__button\" download>Pobierz<\/a><\/div>\n\n\n\n<div class=\"wp-block-file\"><a href=\"http:\/\/www.spbrzezowka.ostnet.pl\/wp-content\/uploads\/2021\/11\/laboratoria-zam\u00f3wienie-1.pdf\">                                                  <br>Laboratoria przysz\u0142o\u015bci &#8211; zapytanie ofertowe  pobierz wszystko<\/a><a href=\"http:\/\/www.spbrzezowka.ostnet.pl\/wp-content\/uploads\/2021\/11\/laboratoria-zam\u00f3wienie-1.pdf\" class=\"wp-block-file__button\" download>Pobierz<\/a><\/div>\n\n\n\n<div class=\"wp-block-file\"><a href=\"http:\/\/www.spbrzezowka.ostnet.pl\/wp-content\/uploads\/2021\/09\/zapytanie-ofertowe-3.pdf\">zapytanie ofertowe<\/a><\/div>\n\n\n\n<div class=\"wp-block-file\"><a href=\"http:\/\/www.spbrzezowka.ostnet.pl\/wp-content\/uploads\/2021\/09\/wykaz-pomocy-dydaktycznych-2.pdf\">wykaz pomocy dydaktycznych<\/a><\/div>\n\n\n\n<div class=\"wp-block-file\"><a href=\"http:\/\/www.spbrzezowka.ostnet.pl\/wp-content\/uploads\/2021\/09\/umowa-2.pdf\">umowa<\/a><\/div>\n\n\n\n<div class=\"wp-block-file\"><a href=\"http:\/\/www.spbrzezowka.ostnet.pl\/wp-content\/uploads\/2021\/09\/z\u0142\u0105cznik-nr-2-3.pdf\">z\u0142\u0105cznik nr 2<\/a><\/div>\n\n\n\n<div class=\"wp-block-file\"><a href=\"http:\/\/www.spbrzezowka.ostnet.pl\/wp-content\/uploads\/2021\/09\/formularz-ofertowy-2.pdf\">formularz ofertowy<\/a><\/div>\n","protected":false},"excerpt":{"rendered":"<p>LABORATORIUM PRZYSZ\u0141O\u015aCI-zapytanie ofertowe<\/p>\n","protected":false},"author":2,"featured_media":0,"parent":0,"menu_order":0,"comment_status":"closed","ping_status":"closed","template":"","meta":{"ngg_post_thumbnail":0},"_links":{"self":[{"href":"https:\/\/www.spbrzezowka.ostnet.pl\/index.php\/wp-json\/wp\/v2\/pages\/1805"}],"collection":[{"href":"https:\/\/www.spbrzezowka.ostnet.pl\/index.php\/wp-json\/wp\/v2\/pages"}],"about":[{"href":"https:\/\/www.spbrzezowka.ostnet.pl\/index.php\/wp-json\/wp\/v2\/types\/page"}],"author":[{"embeddable":true,"href":"https:\/\/www.spbrzezowka.ostnet.pl\/index.php\/wp-json\/wp\/v2\/users\/2"}],"replies":[{"embeddable":true,"href":"https:\/\/www.spbrzezowka.ostnet.pl\/index.php\/wp-json\/wp\/v2\/comments?post=1805"}],"version-history":[{"count":11,"href":"https:\/\/www.spbrzezowka.ostnet.pl\/index.php\/wp-json\/wp\/v2\/pages\/1805\/revisions"}],"predecessor-version":[{"id":1916,"href":"https:\/\/www.spbrzezowka.ostnet.pl\/index.php\/wp-json\/wp\/v2\/pages\/1805\/revisions\/1916"}],"wp:attachment":[{"href":"https:\/\/www.spbrzezowka.ostnet.pl\/index.php\/wp-json\/wp\/v2\/media?parent=1805"}],"curies":[{"name":"wp","href":"https:\/\/api.w.org\/{rel}","templated":true}]}}