{"id":1537,"date":"2021-02-10T19:16:03","date_gmt":"2021-02-10T18:16:03","guid":{"rendered":"http:\/\/www.spbrzezowka.ostnet.pl\/?page_id=1537"},"modified":"2022-02-10T13:27:59","modified_gmt":"2022-02-10T12:27:59","slug":"zasady-rekrutacji-wraz-z-zalacznikami-do-klasy-0","status":"publish","type":"page","link":"https:\/\/www.spbrzezowka.ostnet.pl\/index.php\/zasady-rekrutacji-wraz-z-zalacznikami-do-klasy-0\/","title":{"rendered":"Zasady rekrutacji wraz z za\u0142\u0105cznikami do klasy &#8222;0&#8221;"},"content":{"rendered":"\n<p class=\"has-text-color has-grey-color\"><strong>Dokumenty do pobrania:<\/strong><\/p>\n\n\n\n<p class=\"has-text-color has-grey-color\"><strong>Zasady rekrutacji do OP<\/strong>  <a href=\"http:\/\/www.spbrzezowka.ostnet.pl\/wp-content\/uploads\/2022\/02\/Zasady-rekrutacji-do-OP.pdf\">Pobierz pdf<\/a><\/p>\n\n\n\n<p class=\"has-text-color has-grey-color\"><strong>Wniosek o przyj\u0119cie do OP<\/strong>  <a href=\"http:\/\/www.spbrzezowka.ostnet.pl\/wp-content\/uploads\/2022\/02\/Wniosek-o-przyjecie-do-OP-1.pdf\">Pobierz pdf<\/a><\/p>\n\n\n\n<p class=\"has-text-color has-grey-color\"><strong>Kontynuacja nauki w oddziale przedszkolnym<\/strong> <a href=\"http:\/\/www.spbrzezowka.ostnet.pl\/wp-content\/uploads\/2022\/02\/Kontynuacja-Oddzial-Przedszkolny-2.pdf\">Pobierz pdf <\/a><\/p>\n\n\n\n<p><strong><em>Za\u0142\u0105czniki:<\/em><\/strong><\/p>\n\n\n\n<p>Informacja o przetwarzaniu danych osobowych rekrutacja <a href=\"http:\/\/www.spbrzezowka.ostnet.pl\/wp-content\/uploads\/2022\/02\/Informacja-o-przetwarzaniu-danych-osobowych-rekrutacja-1.pdf\">Pobierz pdf<\/a><\/p>\n\n\n\n<p>O\u015bwiadczenie o kontynuacji edukacji przedszkolnej w plac\u00f3wce prowadz\u0105cej oddzia\u0142 przedszkolny przez rodze\u0144stwo kandydata ubiegaj\u0105cego si\u0119 o przyj\u0119cie w roku szkolnym 2022\/2023 <a href=\"http:\/\/www.spbrzezowka.ostnet.pl\/wp-content\/uploads\/2022\/02\/o\u015bwiadczenie-o-kontynuacji-edukacji-przedszkolnej-w-plac\u00f3wce-prowadz\u0105cej-oddzia\u0142-przedszkolny-przez-rodze\u0144stwo-kandydata-ubiegaj\u0105cego-si\u0119-o-przyj\u0119cie-w-roku-szkolnym-20222023.pdf\">Pobierz pdf<\/a><\/p>\n\n\n\n<p>O\u015bwiadczenie o miejscu pracy prowadzeniu dzia\u0142alno\u015bci gospodarczej przez rodzic\u00f3w\/opiekun\u00f3w prawnych na terenie  <a href=\"http:\/\/www.spbrzezowka.ostnet.pl\/wp-content\/uploads\/2022\/02\/o\u015bwiadczenie-o-miejscu-pracyprowadzeniu-dzia\u0142alno\u015bci-gospodarczej-przez-rodzic\u00f3wopiekun\u00f3w-prawnych-na-terenie.pdf\">Pobierz pdf<\/a><\/p>\n\n\n\n<p>O\u015bwiadczenie o realizacji obowi\u0105zku przygotowania przedszkolnego przez kandydata  <a href=\"http:\/\/www.spbrzezowka.ostnet.pl\/wp-content\/uploads\/2022\/02\/o\u015bwiadczenie-o-realizacji-obowi\u0105zku-przygotowania-przedszkolnego-przez-kandydata.pdf\">Pobierz pdf<\/a><\/p>\n\n\n\n<p>O\u015bwiadczenie o samotnym wychowywaniu dziecka  <a href=\"http:\/\/www.spbrzezowka.ostnet.pl\/wp-content\/uploads\/2022\/02\/o\u015bwiadczenie-o-samotnym-wychowywaniu-dziecka.pdf\">Pobierz pdf<\/a><\/p>\n\n\n\n<p>O\u015bwiadczenie o uprawnieniu dziecka do korzystania z wychowania przedszkolnego <a href=\"http:\/\/www.spbrzezowka.ostnet.pl\/wp-content\/uploads\/2022\/02\/o\u015bwiadczenie-o-uprawnieniu-dziecka-do-korzystania-z-wychowania-przedszkolnego.pdf\">Pobierz pdf<\/a><\/p>\n\n\n\n<p>O\u015bwiadczenie o wielodzietno\u015bci <a href=\"http:\/\/www.spbrzezowka.ostnet.pl\/wp-content\/uploads\/2022\/02\/O\u015bwiadczenie-o-wielodzietno\u015bci.pdf\">Pobierz pdf<\/a><\/p>\n\n\n\n<p>O\u015bwiadczenie o zatrudnieniu, prowadzeniu dzia\u0142alno\u015bci gospodarczej, studiuj\u0105cego lub ucz\u0105cego si\u0119 w systemie dziennym jednego z rodzic\u00f3w\/opiekun\u00f3w prawnych dziecka  <a href=\"http:\/\/www.spbrzezowka.ostnet.pl\/wp-content\/uploads\/2022\/02\/o\u015bwiadczenie-o-zatrudnieniu-prowadzeniu-dzia\u0142alno\u015bci-gospodarczej-studiuj\u0105cych-lub-ucz\u0105cych-si\u0119-w-systemie-dziennym-obojga-z-rodzic\u00f3wopiekun\u00f3w-prawnych-dziecka.pdf\">Pobierz pdf<\/a><\/p>\n\n\n\n<p>O\u015bwiadczenie o zatrudnieniu, prowadzeniu dzia\u0142alno\u015bci gospodarczej, studiuj\u0105cych lub ucz\u0105cych si\u0119 w systemie dziennym obojga z rodzic\u00f3w\/opiekun\u00f3w prawnych dziecka <a href=\"http:\/\/www.spbrzezowka.ostnet.pl\/wp-content\/uploads\/2022\/02\/o\u015bwiadczenie-o-zatrudnieniu-prowadzeniu-dzia\u0142alno\u015bci-gospodarczej-studiuj\u0105cych-lub-ucz\u0105cych-si\u0119-w-systemie-dziennym-obojga-z-rodzic\u00f3wopiekun\u00f3w-prawnych-dziecka.pdf\">Pobierz pdf<\/a><\/p>\n\n\n\n<p><\/p>\n\n\n\n<p><\/p>\n","protected":false},"excerpt":{"rendered":"<p>Dokumenty do pobrania: Zasady rekrutacji do OP Pobierz pdf Wniosek o przyj\u0119cie do OP Pobierz pdf Kontynuacja nauki w oddziale przedszkolnym Pobierz pdf Za\u0142\u0105czniki: Informacja o przetwarzaniu danych osobowych rekrutacja [&hellip;]<\/p>\n","protected":false},"author":2,"featured_media":0,"parent":0,"menu_order":0,"comment_status":"closed","ping_status":"closed","template":"","meta":{"ngg_post_thumbnail":0},"_links":{"self":[{"href":"https:\/\/www.spbrzezowka.ostnet.pl\/index.php\/wp-json\/wp\/v2\/pages\/1537"}],"collection":[{"href":"https:\/\/www.spbrzezowka.ostnet.pl\/index.php\/wp-json\/wp\/v2\/pages"}],"about":[{"href":"https:\/\/www.spbrzezowka.ostnet.pl\/index.php\/wp-json\/wp\/v2\/types\/page"}],"author":[{"embeddable":true,"href":"https:\/\/www.spbrzezowka.ostnet.pl\/index.php\/wp-json\/wp\/v2\/users\/2"}],"replies":[{"embeddable":true,"href":"https:\/\/www.spbrzezowka.ostnet.pl\/index.php\/wp-json\/wp\/v2\/comments?post=1537"}],"version-history":[{"count":30,"href":"https:\/\/www.spbrzezowka.ostnet.pl\/index.php\/wp-json\/wp\/v2\/pages\/1537\/revisions"}],"predecessor-version":[{"id":2229,"href":"https:\/\/www.spbrzezowka.ostnet.pl\/index.php\/wp-json\/wp\/v2\/pages\/1537\/revisions\/2229"}],"wp:attachment":[{"href":"https:\/\/www.spbrzezowka.ostnet.pl\/index.php\/wp-json\/wp\/v2\/media?parent=1537"}],"curies":[{"name":"wp","href":"https:\/\/api.w.org\/{rel}","templated":true}]}}