{"id":1477,"date":"2021-02-10T14:57:00","date_gmt":"2021-02-10T13:57:00","guid":{"rendered":"http:\/\/www.spbrzezowka.ostnet.pl\/?page_id=1477"},"modified":"2022-02-09T18:13:12","modified_gmt":"2022-02-09T17:13:12","slug":"zasady-rekrutacji-wraz-z-zalacznikami-do-klasy-i","status":"publish","type":"page","link":"https:\/\/www.spbrzezowka.ostnet.pl\/index.php\/zasady-rekrutacji-wraz-z-zalacznikami-do-klasy-i\/","title":{"rendered":"Zasady rekrutacji wraz z za\u0142\u0105cznikami do klasy I"},"content":{"rendered":"\n<p class=\"has-text-color has-grey-color\"><strong>Dokumenty do pobrania<\/strong>:<\/p>\n\n\n\n<p class=\"has-text-color has-grey-color\">Zasady rekrutacji do klasy I   <a href=\"http:\/\/www.spbrzezowka.ostnet.pl\/wp-content\/uploads\/2022\/02\/Zasady-rekrutacji-do-klasy-pierwszej-1-1.pdf\">Pobierz pdf <\/a><\/p>\n\n\n\n<p class=\"has-text-color has-grey-color\">Arkusz zapisu do szko\u0142y    <a href=\"http:\/\/www.spbrzezowka.ostnet.pl\/wp-content\/uploads\/2022\/02\/Arkusz-zapisu-do-szkoly.pdf\">Pobierz pdf<\/a><\/p>\n\n\n\n<p class=\"has-text-color has-grey-color\">Wniosek o przyj\u0119cie dziecka do klasy I   <a href=\"http:\/\/www.spbrzezowka.ostnet.pl\/wp-content\/uploads\/2022\/02\/Wniosek-o-przyjecie-dziecka-do-klasy-pierwszej-1.pdf\">Pobierz pdf<\/a><\/p>\n\n\n\n<p class=\"has-text-color has-grey-color\">Zg\u0142oszenie do klasy I <a href=\"http:\/\/www.spbrzezowka.ostnet.pl\/wp-content\/uploads\/2022\/02\/Zgloszenie-do-klasy-pierwszej.pdf\">Pobierz pdf<\/a><\/p>\n\n\n\n<p><strong>Za\u0142\u0105czniki:<\/strong><\/p>\n\n\n\n<p>Informacja o przetwarzaniu danych osobowych rekrutacja  <a href=\"http:\/\/www.spbrzezowka.ostnet.pl\/wp-content\/uploads\/2022\/02\/Informacja-o-przetwarzaniu-danych-osobowych-rekrutacja.pdf\">Pobierz pdf<\/a><\/p>\n\n\n\n<p>O\u015bwiadczenie o odleg\u0142o\u015bci od szko\u0142y  <a href=\"http:\/\/www.spbrzezowka.ostnet.pl\/wp-content\/uploads\/2022\/02\/Oswiadczenie-odleglosc-od-szkoly-1.pdf\">Pobierz pdf<\/a><\/p>\n\n\n\n<p>O\u015bwiadczenie o miejscu zamieszkania rodzic\u00f3w <a href=\"http:\/\/www.spbrzezowka.ostnet.pl\/wp-content\/uploads\/2022\/02\/Oswiadczenie-o-miejscu-zamieszkania-rodzicow.pdf\">Pobierz pdf<\/a><\/p>\n\n\n\n<p>O\u015bwiadczenie zamieszkania krewnych w obwodzie <a href=\"http:\/\/www.spbrzezowka.ostnet.pl\/wp-content\/uploads\/2022\/02\/Oswiadczenie-zam.-krewnych-w-obwodzie.pdf\">Pobierz pdf<\/a><\/p>\n\n\n\n<p>O\u015bwiadczenie zatrudnienie na terenie gminy <a href=\"http:\/\/www.spbrzezowka.ostnet.pl\/wp-content\/uploads\/2022\/02\/Oswiadczenie-zatrudnienie-na-terenie-gminy-1.pdf\">Pobierz pdf<\/a><\/p>\n\n\n\n<p><\/p>\n\n\n\n<p> <\/p>\n","protected":false},"excerpt":{"rendered":"<p>Dokumenty do pobrania: Zasady rekrutacji do klasy I Pobierz pdf Arkusz zapisu do szko\u0142y Pobierz pdf Wniosek o przyj\u0119cie dziecka do klasy I Pobierz pdf Zg\u0142oszenie do klasy I Pobierz [&hellip;]<\/p>\n","protected":false},"author":2,"featured_media":0,"parent":0,"menu_order":0,"comment_status":"closed","ping_status":"closed","template":"","meta":{"ngg_post_thumbnail":0},"_links":{"self":[{"href":"https:\/\/www.spbrzezowka.ostnet.pl\/index.php\/wp-json\/wp\/v2\/pages\/1477"}],"collection":[{"href":"https:\/\/www.spbrzezowka.ostnet.pl\/index.php\/wp-json\/wp\/v2\/pages"}],"about":[{"href":"https:\/\/www.spbrzezowka.ostnet.pl\/index.php\/wp-json\/wp\/v2\/types\/page"}],"author":[{"embeddable":true,"href":"https:\/\/www.spbrzezowka.ostnet.pl\/index.php\/wp-json\/wp\/v2\/users\/2"}],"replies":[{"embeddable":true,"href":"https:\/\/www.spbrzezowka.ostnet.pl\/index.php\/wp-json\/wp\/v2\/comments?post=1477"}],"version-history":[{"count":30,"href":"https:\/\/www.spbrzezowka.ostnet.pl\/index.php\/wp-json\/wp\/v2\/pages\/1477\/revisions"}],"predecessor-version":[{"id":2197,"href":"https:\/\/www.spbrzezowka.ostnet.pl\/index.php\/wp-json\/wp\/v2\/pages\/1477\/revisions\/2197"}],"wp:attachment":[{"href":"https:\/\/www.spbrzezowka.ostnet.pl\/index.php\/wp-json\/wp\/v2\/media?parent=1477"}],"curies":[{"name":"wp","href":"https:\/\/api.w.org\/{rel}","templated":true}]}}