{"id":1390,"date":"2020-06-17T16:17:43","date_gmt":"2020-06-17T14:17:43","guid":{"rendered":"http:\/\/www.spbrzezowka.ostnet.pl\/?page_id=1390"},"modified":"2023-05-08T19:03:01","modified_gmt":"2023-05-08T17:03:01","slug":"sprawozdanie-finansowe","status":"publish","type":"page","link":"https:\/\/www.spbrzezowka.ostnet.pl\/index.php\/sprawozdanie-finansowe\/","title":{"rendered":"Sprawozdania finansowe"},"content":{"rendered":"\n<p><strong>Bilans jednostki bud\u017cetowej SP Brzez\u00f3wka 2022 r.<\/strong><\/p>\n\n\n\n<div class=\"wp-block-file\"><a id=\"wp-block-file--media-bf6ade68-75fe-428e-b1af-7d4fa9cbbad0\" href=\"https:\/\/www.spbrzezowka.ostnet.pl\/wp-content\/uploads\/2023\/05\/Bilans-jednostki-budzetowej-SP-Brzezowka-2022-r..pdf\">Bilans-jednostki-budzetowej-SP-Brzezowka-2022-r.<\/a><a href=\"https:\/\/www.spbrzezowka.ostnet.pl\/wp-content\/uploads\/2023\/05\/Bilans-jednostki-budzetowej-SP-Brzezowka-2022-r..pdf\" class=\"wp-block-file__button wp-element-button\" download aria-describedby=\"wp-block-file--media-bf6ade68-75fe-428e-b1af-7d4fa9cbbad0\">Pobierz<\/a><\/div>\n\n\n\n<div class=\"wp-block-file\"><a id=\"wp-block-file--media-5a08f7a2-dba3-4a89-ba57-604247a496d6\" href=\"https:\/\/www.spbrzezowka.ostnet.pl\/wp-content\/uploads\/2023\/05\/Informacja-dodatkowa-SP-Brzezowka-2022-r..pdf\">Informacja-dodatkowa-SP-Brzezowka-2022-r.<\/a><a href=\"https:\/\/www.spbrzezowka.ostnet.pl\/wp-content\/uploads\/2023\/05\/Informacja-dodatkowa-SP-Brzezowka-2022-r..pdf\" class=\"wp-block-file__button wp-element-button\" download aria-describedby=\"wp-block-file--media-5a08f7a2-dba3-4a89-ba57-604247a496d6\">Pobierz<\/a><\/div>\n\n\n\n<div class=\"wp-block-file\"><a id=\"wp-block-file--media-0eb3b1bf-7d6e-4f2d-8e32-3c3e754ad8a9\" href=\"https:\/\/www.spbrzezowka.ostnet.pl\/wp-content\/uploads\/2023\/05\/Rachunek-zyskow-i-strat-jednostki-SP-Brzezowka-2022-r..pdf\">Rachunek-zyskow-i-strat-jednostki-SP-Brzezowka-2022-r.<\/a><a href=\"https:\/\/www.spbrzezowka.ostnet.pl\/wp-content\/uploads\/2023\/05\/Rachunek-zyskow-i-strat-jednostki-SP-Brzezowka-2022-r..pdf\" class=\"wp-block-file__button wp-element-button\" download aria-describedby=\"wp-block-file--media-0eb3b1bf-7d6e-4f2d-8e32-3c3e754ad8a9\">Pobierz<\/a><\/div>\n\n\n\n<div class=\"wp-block-file\"><a id=\"wp-block-file--media-86c8fcda-8dc2-45fa-bf59-9a0cebef68a9\" href=\"https:\/\/www.spbrzezowka.ostnet.pl\/wp-content\/uploads\/2023\/05\/Zestawienie-zmian-w-funduszu-jednostki-SP-Brzezowka-2022-r..pdf\">Zestawienie-zmian-w-funduszu-jednostki-SP-Brzezowka-2022-r.<\/a><a href=\"https:\/\/www.spbrzezowka.ostnet.pl\/wp-content\/uploads\/2023\/05\/Zestawienie-zmian-w-funduszu-jednostki-SP-Brzezowka-2022-r..pdf\" class=\"wp-block-file__button wp-element-button\" download aria-describedby=\"wp-block-file--media-86c8fcda-8dc2-45fa-bf59-9a0cebef68a9\">Pobierz<\/a><\/div>\n\n\n\n<p><strong>Bilans jednostki bud\u017cetowej 2020 r.<\/strong><\/p>\n\n\n\n<p><a href=\"http:\/\/www.spbrzezowka.ostnet.pl\/wp-content\/uploads\/2021\/05\/Bilans-jednostki-bud\u017cetowej-2020-r.-1.pdf\">http:\/\/www.spbrzezowka.ostnet.pl\/wp-content\/uploads\/2021\/05\/Bilans-jednostki-bud\u017cetowej-2020-r.-1.pdf<\/a><a href=\"http:\/\/www.spbrzezowka.ostnet.pl\/wp-content\/uploads\/2021\/05\/Zestawienie-zmian-w-funduszu-jednostki-2020-r..pdfhttp:\/\/www.spbrzezowka.ostnet.pl\/wp-content\/uploads\/2021\/05\/Zestawienie-zmian-w-funduszu-jednostki-2020-r..pdf\">h<\/a><\/p>\n\n\n\n<p>Informacje dodatkowe 2020 r.<\/p>\n\n\n\n<p><a href=\"http:\/\/www.spbrzezowka.ostnet.pl\/wp-content\/uploads\/2021\/05\/Informacja-dodatkowa-2020-r..pdf\">http:\/\/www.spbrzezowka.ostnet.pl\/wp-content\/uploads\/2021\/05\/Informacja-dodatkowa-2020-r..pdf<\/a><\/p>\n\n\n\n<p><br>Zestawienie zmian w funduszu jednostki 2020 r.  <\/p>\n\n\n\n<p><a href=\"http:\/\/www.spbrzezowka.ostnet.pl\/wp-content\/uploads\/2021\/05\/Zestawienie-zmian-w-funduszu-jednostki-2020-r..pdf\">http:\/\/www.spbrzezowka.ostnet.pl\/wp-content\/uploads\/2021\/05\/Zestawienie-zmian-w-funduszu-jednostki-2020-r..pdf<\/a><\/p>\n\n\n\n<p><\/p>\n\n\n\n<p>Rachunek zysk\u00f3w i strat jednostki 2020 r.<\/p>\n\n\n\n<p><a href=\"http:\/\/www.spbrzezowka.ostnet.pl\/wp-content\/uploads\/2021\/05\/Zestawienie-zmian-w-funduszu-jednostki-2020-r..pdf\">http:\/\/www.spbrzezowka.ostnet.pl\/wp-content\/uploads\/2021\/05\/Zestawienie-zmian-w-funduszu-jednostki-2020-r..pdf<\/a><\/p>\n\n\n\n<p> Sprawozdania finansowe Szko\u0142y Podstawowej w Brzez\u00f3wce za 2019 r. s\u0105 dost\u0119pne pod adresem: <\/p>\n\n\n\n<p><\/p>\n\n\n\n<p><a href=\"https:\/\/hyzne.pl\/14-bip\/11762-sprawozdania-finansowe\/12242-sprawozdania-finansowe-za-2019-rok-szkola-podstawowa-brzezowka.html#ak12242\">https:\/\/hyzne.pl\/14-bip\/11762-sprawozdania-finansowe\/12242-sprawozdania-finansowe-za-2019-rok-szkola-podstawowa-brzezowka.html#ak12242<\/a><\/p>\n\n\n\n<p><\/p>\n","protected":false},"excerpt":{"rendered":"<p>Bilans jednostki bud\u017cetowej SP Brzez\u00f3wka 2022 r. Bilans jednostki bud\u017cetowej 2020 r. http:\/\/www.spbrzezowka.ostnet.pl\/wp-content\/uploads\/2021\/05\/Bilans-jednostki-bud\u017cetowej-2020-r.-1.pdfh Informacje dodatkowe 2020 r. http:\/\/www.spbrzezowka.ostnet.pl\/wp-content\/uploads\/2021\/05\/Informacja-dodatkowa-2020-r..pdf Zestawienie zmian w funduszu jednostki 2020 r. http:\/\/www.spbrzezowka.ostnet.pl\/wp-content\/uploads\/2021\/05\/Zestawienie-zmian-w-funduszu-jednostki-2020-r..pdf Rachunek zysk\u00f3w i strat [&hellip;]<\/p>\n","protected":false},"author":4,"featured_media":0,"parent":0,"menu_order":0,"comment_status":"closed","ping_status":"closed","template":"","meta":{"ngg_post_thumbnail":0},"_links":{"self":[{"href":"https:\/\/www.spbrzezowka.ostnet.pl\/index.php\/wp-json\/wp\/v2\/pages\/1390"}],"collection":[{"href":"https:\/\/www.spbrzezowka.ostnet.pl\/index.php\/wp-json\/wp\/v2\/pages"}],"about":[{"href":"https:\/\/www.spbrzezowka.ostnet.pl\/index.php\/wp-json\/wp\/v2\/types\/page"}],"author":[{"embeddable":true,"href":"https:\/\/www.spbrzezowka.ostnet.pl\/index.php\/wp-json\/wp\/v2\/users\/4"}],"replies":[{"embeddable":true,"href":"https:\/\/www.spbrzezowka.ostnet.pl\/index.php\/wp-json\/wp\/v2\/comments?post=1390"}],"version-history":[{"count":30,"href":"https:\/\/www.spbrzezowka.ostnet.pl\/index.php\/wp-json\/wp\/v2\/pages\/1390\/revisions"}],"predecessor-version":[{"id":7602,"href":"https:\/\/www.spbrzezowka.ostnet.pl\/index.php\/wp-json\/wp\/v2\/pages\/1390\/revisions\/7602"}],"wp:attachment":[{"href":"https:\/\/www.spbrzezowka.ostnet.pl\/index.php\/wp-json\/wp\/v2\/media?parent=1390"}],"curies":[{"name":"wp","href":"https:\/\/api.w.org\/{rel}","templated":true}]}}