{"id":13,"date":"2018-10-03T19:41:43","date_gmt":"2018-10-03T17:41:43","guid":{"rendered":"http:\/\/www.spbrzezowka.ostnet.pl\/?page_id=13"},"modified":"2025-09-02T18:27:51","modified_gmt":"2025-09-02T16:27:51","slug":"kadra","status":"publish","type":"page","link":"https:\/\/www.spbrzezowka.ostnet.pl\/index.php\/kadra\/","title":{"rendered":"Kadra i pracownicy szko\u0142y"},"content":{"rendered":"\t\t<div data-elementor-type=\"wp-page\" data-elementor-id=\"13\" class=\"elementor elementor-13\">\n\t\t\t\t\t\t<div class=\"elementor-inner\">\n\t\t\t\t<div class=\"elementor-section-wrap\">\n\t\t\t\t\t\t\t\t\t<section class=\"elementor-section elementor-top-section elementor-element elementor-element-6c48b25a elementor-section-boxed elementor-section-height-default elementor-section-height-default\" data-id=\"6c48b25a\" data-element_type=\"section\">\n\t\t\t\t\t\t<div class=\"elementor-container elementor-column-gap-default\">\n\t\t\t\t\t\t\t<div class=\"elementor-row\">\n\t\t\t\t\t<div class=\"elementor-column elementor-col-100 elementor-top-column elementor-element elementor-element-48770c7f\" data-id=\"48770c7f\" data-element_type=\"column\">\n\t\t\t<div class=\"elementor-column-wrap elementor-element-populated\">\n\t\t\t\t\t\t\t<div class=\"elementor-widget-wrap\">\n\t\t\t\t\t\t<div class=\"elementor-element elementor-element-51614b2a elementor-widget elementor-widget-text-editor\" data-id=\"51614b2a\" data-element_type=\"widget\" data-widget_type=\"text-editor.default\">\n\t\t\t\t<div class=\"elementor-widget-container\">\n\t\t\t\t\t\t\t\t<div class=\"elementor-text-editor elementor-clearfix\">\n\t\t\t\t<div data-colibri-id=\"13-c1\" class=\"style-272 style-local-13-c1 position-relative\">\n  <!----><p><\/p>\n<div data-colibri-component=\"section\" data-colibri-id=\"13-c2\" id=\"initial-content\" class=\"h-section h-section-global-spacing d-flex align-items-lg-center align-items-md-center align-items-center style-273 style-local-13-c2 position-relative\">\n    <!----><br>    <!----><p><\/p>\n<div class=\"h-section-grid-container h-section-boxed-container\">\n      <!----><p><\/p>\n<div data-colibri-id=\"13-c3\" class=\"h-row-container gutters-row-lg-2 gutters-row-md-2 gutters-row-0 gutters-row-v-lg-2 gutters-row-v-md-2 gutters-row-v-2 style-274 style-local-13-c3 position-relative\">\n        <!----><p><\/p>\n<div class=\"h-row justify-content-lg-center justify-content-md-center justify-content-center align-items-lg-stretch align-items-md-stretch align-items-stretch gutters-col-lg-2 gutters-col-md-2 gutters-col-0 gutters-col-v-lg-2 gutters-col-v-md-2 gutters-col-v-2\">\n          <!----><p><\/p>\n<div class=\"h-column h-column-container d-flex h-col-lg-auto h-col-md-auto h-col-auto style-275-outer style-local-13-c4-outer\">\n<div data-colibri-id=\"13-c4\" class=\"d-flex h-flex-basis h-column__inner h-px-lg-2 h-px-md-2 h-px-2 v-inner-lg-2 v-inner-md-2 v-inner-2 style-275 style-local-13-c4 position-relative\">\n              <!----><br>              <!----><p><\/p>\n<div class=\"w-100 h-y-container h-column__content h-column__v-align flex-basis-100 align-self-lg-start align-self-md-start align-self-start\">\n                <!----><p><\/p>\n<div data-colibri-id=\"13-c5\" class=\"h-text h-text-component style-277 style-local-13-c5 position-relative h-element\">\n                  <!----><br>                  <!----><p><\/p>\n<div class=\"\">\n<p><strong style=\"font-family: &quot;Open Sans&quot;; font-size: 16px; font-weight: 400; color: rgb(51, 51, 51);\"><em>Dyrektor szko\u0142y<\/em><\/strong><span style=\"font-family: &quot;Open Sans&quot;; font-size: 16px; font-weight: 400; color: rgb(70, 112, 127);\">&nbsp;<\/span><\/p>\n<p><strong style=\"font-family: &quot;Open Sans&quot;; font-size: 16px; font-weight: 400; color: rgb(51, 51, 51);\">mgr El\u017cbieta Sumara<\/strong><\/p>\n<p><strong style=\"font-family: &quot;Open Sans&quot;; font-size: 16px; font-weight: 400; color: rgb(51, 51, 51);\"><em>Kadra pedagogiczna<\/em><\/strong><span style=\"font-family: &quot;Open Sans&quot;; font-size: 16px; font-weight: 400; color: rgb(70, 112, 127);\">&nbsp;<\/span><\/p>\n<p><span style=\"font-family: &quot;Open Sans&quot;; font-size: 16px; font-weight: 400; color: rgb(51, 51, 51);\">mgr Justyna Siebiera\u0144ska-edukacja wczesnoszkolna,&nbsp;<\/span><span style=\"font-family: &quot;Open Sans&quot;; font-size: 16px; font-weight: 400; color: rgb(70, 112, 127);\">&nbsp;<\/span><\/p>\n<p><span style=\"font-family: &quot;Open Sans&quot;; font-size: 16px; font-weight: 400; color: rgb(51, 51, 51);\">mgr Agnieszka Pietras Cieszy\u0144ska- edukacja wczesnoszkolna,&nbsp;<\/span><span style=\"font-family: &quot;Open Sans&quot;; font-size: 16px; font-weight: 400; color: rgb(70, 112, 127);\">&nbsp;<\/span><\/p>\n<p><span style=\"font-family: &quot;Open Sans&quot;; font-size: 16px; font-weight: 400; color: rgb(51, 51, 51);\">mgr Lucyna S\u0142owik- j\u0119zyk polski,<\/span><span style=\"font-family: &quot;Open Sans&quot;; font-size: 16px; font-weight: 400; color: rgb(70, 112, 127);\">&nbsp;<\/span><\/p>\n<p><span style=\"font-family: &quot;Open Sans&quot;; font-size: 16px; font-weight: 400; color: rgb(51, 51, 51);\">mgr Patrycja Tur- j\u0119zyk angielski,&nbsp;<\/span><span style=\"font-family: &quot;Open Sans&quot;; font-size: 16px; font-weight: 400; color: rgb(70, 112, 127);\">&nbsp;<\/span><\/p>\n<p><span style=\"font-family: &quot;Open Sans&quot;; font-size: 16px; font-weight: 400; color: rgb(51, 51, 51);\">mgr Ma\u0142gorzata Pa\u0142ac- fizyka, EDB, informatyka, <\/span><span style=\"font-family: &quot;Open Sans&quot;; font-size: 16px; font-weight: 400; color: rgb(70, 112, 127);\">&nbsp;<\/span><\/p>\n<p><span style=\"font-family: &quot;Open Sans&quot;; font-size: 16px; font-weight: 400; color: rgb(51, 51, 51);\">mgr Rafa\u0142 Staszczak- muzyka, informatyka, technika&nbsp;<\/span><span style=\"font-family: &quot;Open Sans&quot;; font-size: 16px; font-weight: 400; color: rgb(70, 112, 127);\">&nbsp;<\/span><\/p>\n<p><span style=\"font-family: &quot;Open Sans&quot;; font-size: 16px; font-weight: 400; color: rgb(51, 51, 51);\">mgr Barbara Urban- pedagog, logopeda<\/span><span style=\"font-family: &quot;Open Sans&quot;; font-size: 16px; font-weight: 400; color: rgb(70, 112, 127);\">&nbsp;<\/span><\/p>\n<p><span style=\"font-family: &quot;Open Sans&quot;; font-size: 16px; font-weight: 400; color: rgb(51, 51, 51);\">mgr Agnieszka Czenczek- nauczyciel wspomagaj\u0105cy<\/span><span style=\"font-family: &quot;Open Sans&quot;; font-size: 16px; font-weight: 400; color: rgb(70, 112, 127);\">&nbsp;<\/span><\/p>\n<p><span style=\"font-family: &quot;Open Sans&quot;; font-size: 16px; font-weight: 400; color: rgb(51, 51, 51);\">mgr And\u017celika Wiater- edukacja przedszkolna, doradztwo zawodowe zast\u0119pstwo mgr Wies\u0142awa Jacek-Zawi\u0142o<\/span><\/p>\n<p><span style=\"font-family: &quot;Open Sans&quot;; font-size: 16px; font-weight: 400; color: rgb(51, 51, 51);\">mgr Marcin Szybkowski- historia, wf<\/span><span style=\"font-family: &quot;Open Sans&quot;; font-size: 16px; font-weight: 400; color: rgb(70, 112, 127);\">&nbsp;<\/span><\/p>\n<p><span style=\"font-family: &quot;Open Sans&quot;; font-size: 16px; font-weight: 400; color: rgb(51, 51, 51);\">mgr Anna Wrona- geografia, matematyka,&nbsp;<\/span><span style=\"font-family: &quot;Open Sans&quot;; font-size: 16px; font-weight: 400; color: rgb(70, 112, 127);\">&nbsp;<\/span><\/p>\n<p><span style=\"font-family: &quot;Open Sans&quot;; font-size: 16px; font-weight: 400; color: rgb(51, 51, 51);\">mgr Pawe\u0142 Wa\u017cny- j\u0119zyk niemiecki, j\u0119zyk angielski <\/span><\/p>\n<p><span style=\"font-family: &quot;Open Sans&quot;; font-size: 16px; font-weight: 400; color: rgb(51, 51, 51);\">mgr Ma\u0142gorzata K\u0119dzierska &#8211; biologia,&nbsp;<\/span><\/p>\n<p><span style=\"font-family: &quot;Open Sans&quot;; font-size: 16px; font-weight: 400; color: rgb(51, 51, 51);\">Patrycja K\u0142oda- Biskup- chemia<\/span><\/p>\n<p><span style=\"font-family: &quot;Open Sans&quot;; font-size: 16px; font-weight: 400; color: rgb(51, 51, 51);\">mgr Aleksander Chwajta-&nbsp; WOS <\/span><\/p>\n<p><span style=\"font-family: &quot;Open Sans&quot;; font-size: 16px; font-weight: 400; color: rgb(51, 51, 51);\">mgr Piotr Grundas &#8211; nauczyciel wspomagaj\u0105cy<\/span><\/p>\n<p><span style=\"font-family: &quot;Open Sans&quot;; font-size: 16px; font-weight: 400; color: rgb(51, 51, 51);\">ks. Dariusz Dr\u0105\u017cek &#8211; religia&nbsp;<\/span><\/p>\n<p><span style=\"font-family: &quot;Open Sans&quot;; font-size: 16px; font-weight: 400; color: rgb(51, 51, 51);\">mgr Agata Wi\u0105cek- psycholog&nbsp;<\/span><\/p>\n<p><span style=\"font-family: &quot;Open Sans&quot;; font-size: 16px; font-weight: 400; color: rgb(51, 51, 51);\">mgr Weronika Janowska-\u015bwietlica<\/span><\/p>\n<p><span style=\"font-family: &quot;Open Sans&quot;; font-size: 16px; font-weight: 400; color: rgb(70, 112, 127);\">&nbsp;<\/span><strong style=\"font-family: &quot;Open Sans&quot;; font-size: 16px; font-weight: 400; color: rgb(51, 51, 51);\"><em>Pracownicy obs\u0142ugi:<\/em><\/strong><br>                      <span style=\"font-family: &quot;Open Sans&quot;; font-size: 16px; font-weight: 400; color: rgb(70, 112, 127);\">&nbsp;<\/span>\n                    <\/p>\n<p><span style=\"font-family: &quot;Open Sans&quot;; font-size: 16px; font-weight: 400; color: rgb(51, 51, 51);\">Agata Zimirowicz<\/span><span style=\"font-family: &quot;Open Sans&quot;; font-size: 16px; font-weight: 400; color: rgb(70, 112, 127);\">&nbsp;<\/span><\/p>\n<p><span style=\"font-family: &quot;Open Sans&quot;; font-size: 16px; font-weight: 400; color: rgb(51, 51, 51);\">Roman \u015alemp<\/span><span style=\"font-family: &quot;Open Sans&quot;; font-size: 16px; font-weight: 400; color: rgb(70, 112, 127);\">&nbsp; &nbsp;A<\/span><\/p>\n<\/div>\n<\/div>\n<\/div>\n<\/div>\n<\/div>\n<\/div>\n<\/div>\n<\/div>\n<\/div>\n<\/div>\t\t\t\t\t<\/div>\n\t\t\t\t\t\t<\/div>\n\t\t\t\t<\/div>\n\t\t\t\t<div class=\"elementor-element elementor-element-733ca1e elementor-widget elementor-widget-text-editor\" data-id=\"733ca1e\" data-element_type=\"widget\" data-widget_type=\"text-editor.default\">\n\t\t\t\t<div class=\"elementor-widget-container\">\n\t\t\t\t\t\t\t\t<div class=\"elementor-text-editor elementor-clearfix\">\n\t\t\t\t<div data-colibri-id=\"13-c1\" class=\"style-272 style-local-13-c1 position-relative\">\n  <!----><p><\/p>\n<div data-colibri-component=\"section\" data-colibri-id=\"13-c2\" id=\"initial-content\" class=\"h-section h-section-global-spacing d-flex align-items-lg-center align-items-md-center align-items-center style-273 style-local-13-c2 position-relative\">\n    <!----><br>    <!----><p><\/p>\n<div class=\"h-section-grid-container h-section-boxed-container\">\n      <!----><p><\/p>\n<div data-colibri-id=\"13-c3\" class=\"h-row-container gutters-row-lg-2 gutters-row-md-2 gutters-row-0 gutters-row-v-lg-2 gutters-row-v-md-2 gutters-row-v-2 style-274 style-local-13-c3 position-relative\">\n        <!----><p><\/p>\n<div class=\"h-row justify-content-lg-center justify-content-md-center justify-content-center align-items-lg-stretch align-items-md-stretch align-items-stretch gutters-col-lg-2 gutters-col-md-2 gutters-col-0 gutters-col-v-lg-2 gutters-col-v-md-2 gutters-col-v-2\">\n          <!----><p><\/p>\n<div class=\"h-column h-column-container d-flex h-col-lg-auto h-col-md-auto h-col-auto style-275-outer style-local-13-c4-outer\">\n<div data-colibri-id=\"13-c4\" class=\"d-flex h-flex-basis h-column__inner h-px-lg-2 h-px-md-2 h-px-2 v-inner-lg-2 v-inner-md-2 v-inner-2 style-275 style-local-13-c4 position-relative\">\n              <!----><br>              <!----><p><\/p>\n<div class=\"w-100 h-y-container h-column__content h-column__v-align flex-basis-100 align-self-lg-start align-self-md-start align-self-start\">\n                <!----><p><\/p>\n<div data-colibri-id=\"13-c5\" class=\"h-text h-text-component style-277 style-local-13-c5 position-relative h-element\">\n                  <!----><br>                  <!----><p><\/p>\n<div class=\"\">\n<p><strong style=\"font-family: &quot;Open Sans&quot;; font-size: 16px; font-weight: 400; color: rgb(51, 51, 51);\"><em>Dyrektor szko\u0142y<\/em><\/strong><span style=\"font-family: &quot;Open Sans&quot;; font-size: 16px; font-weight: 400; color: rgb(70, 112, 127);\">&nbsp;<\/span><\/p>\n<p><strong style=\"font-family: &quot;Open Sans&quot;; font-size: 16px; font-weight: 400; color: rgb(51, 51, 51);\">mgr Wies\u0142awa Jacek- Zawi\u0142o<\/strong><\/p>\n<p><strong style=\"font-family: &quot;Open Sans&quot;; font-size: 16px; font-weight: 400; color: rgb(51, 51, 51);\"><em>Kadra pedagogiczna<\/em><\/strong><span style=\"font-family: &quot;Open Sans&quot;; font-size: 16px; font-weight: 400; color: rgb(70, 112, 127);\">&nbsp;<\/span><\/p>\n<p><span style=\"font-family: &quot;Open Sans&quot;; font-size: 16px; font-weight: 400; color: rgb(51, 51, 51);\">mgr Justyna Siebiera\u0144ska-edukacja wczesnoszkolna,&nbsp;<\/span><span style=\"font-family: &quot;Open Sans&quot;; font-size: 16px; font-weight: 400; color: rgb(70, 112, 127);\">&nbsp;<\/span><\/p>\n<p><span style=\"font-family: &quot;Open Sans&quot;; font-size: 16px; font-weight: 400; color: rgb(51, 51, 51);\">mgr El\u017cbieta Sumara- edukacja wczesnoszkolna,&nbsp;<\/span><span style=\"font-family: &quot;Open Sans&quot;; font-size: 16px; font-weight: 400; color: rgb(70, 112, 127);\">&nbsp;<\/span><\/p>\n<p><span style=\"font-family: &quot;Open Sans&quot;; font-size: 16px; font-weight: 400; color: rgb(51, 51, 51);\">mgr Lucyna S\u0142owik- j\u0119zyk polski,<\/span><span style=\"font-family: &quot;Open Sans&quot;; font-size: 16px; font-weight: 400; color: rgb(70, 112, 127);\">&nbsp;<\/span><\/p>\n<p><span style=\"font-family: &quot;Open Sans&quot;; font-size: 16px; font-weight: 400; color: rgb(51, 51, 51);\">mgr Patrycja Tur- j\u0119zyk angielski,&nbsp;<\/span><span style=\"font-family: &quot;Open Sans&quot;; font-size: 16px; font-weight: 400; color: rgb(70, 112, 127);\">&nbsp;<\/span><\/p>\n<p><span style=\"font-family: &quot;Open Sans&quot;; font-size: 16px; font-weight: 400; color: rgb(51, 51, 51);\">mgr Ma\u0142gorzata Pa\u0142ac- fizyka, EDB, informatyka, tyflopedagog<\/span><span style=\"font-family: &quot;Open Sans&quot;; font-size: 16px; font-weight: 400; color: rgb(70, 112, 127);\">&nbsp;<\/span><\/p>\n<p><span style=\"font-family: &quot;Open Sans&quot;; font-size: 16px; font-weight: 400; color: rgb(51, 51, 51);\">mgr Rafa\u0142 Staszczak- muzyka, informatyka, technika&nbsp;<\/span><span style=\"font-family: &quot;Open Sans&quot;; font-size: 16px; font-weight: 400; color: rgb(70, 112, 127);\">&nbsp;<\/span><\/p>\n<p><span style=\"font-family: &quot;Open Sans&quot;; font-size: 16px; font-weight: 400; color: rgb(51, 51, 51);\">mgr Barbara Urban- pedagog, logopeda<\/span><span style=\"font-family: &quot;Open Sans&quot;; font-size: 16px; font-weight: 400; color: rgb(70, 112, 127);\">&nbsp;<\/span><\/p>\n<p><span style=\"font-family: &quot;Open Sans&quot;; font-size: 16px; font-weight: 400; color: rgb(51, 51, 51);\">mgr Agnieszka Czenczek- nauczyciel wspomagaj\u0105cy<\/span><span style=\"font-family: &quot;Open Sans&quot;; font-size: 16px; font-weight: 400; color: rgb(70, 112, 127);\">&nbsp;<\/span><\/p>\n<p><span style=\"font-family: &quot;Open Sans&quot;; font-size: 16px; font-weight: 400; color: rgb(51, 51, 51);\">mgr And\u017celika Wiater- edukacja przedszkolna, doradztwo zawodowe zast\u0119pstwo mgr Ewa&nbsp; Klimaszewska<\/span><\/p>\n<p><span style=\"font-family: &quot;Open Sans&quot;; font-size: 16px; font-weight: 400; color: rgb(51, 51, 51);\">mgr Marcin Szybkowski- historia, wf<\/span><span style=\"font-family: &quot;Open Sans&quot;; font-size: 16px; font-weight: 400; color: rgb(70, 112, 127);\">&nbsp;<\/span><\/p>\n<p><span style=\"font-family: &quot;Open Sans&quot;; font-size: 16px; font-weight: 400; color: rgb(51, 51, 51);\">mgr Anna Wrona- geografia, matematyka,&nbsp;<\/span><span style=\"font-family: &quot;Open Sans&quot;; font-size: 16px; font-weight: 400; color: rgb(70, 112, 127);\">&nbsp;<\/span><\/p>\n<p><span style=\"font-family: &quot;Open Sans&quot;; font-size: 16px; font-weight: 400; color: rgb(51, 51, 51);\">mgr Pawe\u0142 Wa\u017cny- j\u0119zyk niemiecki, j\u0119zyk angielski <\/span><\/p>\n<p><span style=\"font-family: &quot;Open Sans&quot;; font-size: 16px; font-weight: 400; color: rgb(51, 51, 51);\">mgr Matylda Wr\u00f3bel &#8211; biologia, chemia<\/span><\/p>\n<p><span style=\"font-family: &quot;Open Sans&quot;; font-size: 16px; font-weight: 400; color: rgb(51, 51, 51);\">mgr Aleksander Chwajta-&nbsp; WOS <\/span><\/p>\n<p><span style=\"font-family: &quot;Open Sans&quot;; font-size: 16px; font-weight: 400; color: rgb(51, 51, 51);\">mgr Piotr Grundas &#8211; nauczyciel wspomagaj\u0105cy<\/span><\/p>\n<p><span style=\"font-family: &quot;Open Sans&quot;; font-size: 16px; font-weight: 400; color: rgb(51, 51, 51);\">ks. Roman S\u0142ota &#8211; religia&nbsp;<\/span><\/p>\n<p><span style=\"font-family: &quot;Open Sans&quot;; font-size: 16px; font-weight: 400; color: rgb(51, 51, 51);\">mgr Agata Wi\u0105cek- psycholog&nbsp;<\/span><\/p><p><span style=\"font-family: &quot;Open Sans&quot;; font-size: 16px; font-weight: 400; color: rgb(51, 51, 51);\">mgr Ma\u0142gorzata K\u0119dzierska-\u015bwietlica<\/span><\/p>\n<p><span style=\"font-family: &quot;Open Sans&quot;; font-size: 16px; font-weight: 400; color: rgb(70, 112, 127);\">&nbsp;<\/span><strong style=\"font-family: &quot;Open Sans&quot;; font-size: 16px; font-weight: 400; color: rgb(51, 51, 51);\"><em>Pracownicy obs\u0142ugi:<\/em><\/strong><br>                      <span style=\"font-family: &quot;Open Sans&quot;; font-size: 16px; font-weight: 400; color: rgb(70, 112, 127);\">&nbsp;<\/span>\n                    <\/p>\n<p><span style=\"font-family: &quot;Open Sans&quot;; font-size: 16px; font-weight: 400; color: rgb(51, 51, 51);\">Agata Zimirowicz<\/span><span style=\"font-family: &quot;Open Sans&quot;; font-size: 16px; font-weight: 400; color: rgb(70, 112, 127);\">&nbsp;<\/span><\/p>\n<p><span style=\"font-family: &quot;Open Sans&quot;; font-size: 16px; font-weight: 400; color: rgb(51, 51, 51);\">Roman \u015alemp<\/span><span style=\"font-family: &quot;Open Sans&quot;; font-size: 16px; font-weight: 400; color: rgb(70, 112, 127);\">&nbsp;&nbsp;&nbsp;<\/span><\/p>\n<\/div>\n<\/div>\n<\/div>\n<\/div>\n<\/div>\n<\/div>\n<\/div>\n<\/div>\n<\/div>\n<\/div>\t\t\t\t\t<\/div>\n\t\t\t\t\t\t<\/div>\n\t\t\t\t<\/div>\n\t\t\t\t\t\t<\/div>\n\t\t\t\t\t<\/div>\n\t\t<\/div>\n\t\t\t\t\t\t\t\t<\/div>\n\t\t\t\t\t<\/div>\n\t\t<\/section>\n\t\t\t\t\t\t\t\t\t<\/div>\n\t\t\t<\/div>\n\t\t\t\t\t<\/div>\n\t\t","protected":false},"excerpt":{"rendered":"<p>Dyrektor szko\u0142y&nbsp; mgr El\u017cbieta Sumara Kadra pedagogiczna&nbsp; mgr Justyna Siebiera\u0144ska-edukacja wczesnoszkolna,&nbsp;&nbsp; mgr Agnieszka Pietras Cieszy\u0144ska- edukacja wczesnoszkolna,&nbsp;&nbsp; mgr Lucyna S\u0142owik- j\u0119zyk polski,&nbsp; mgr Patrycja Tur- j\u0119zyk angielski,&nbsp;&nbsp; mgr Ma\u0142gorzata Pa\u0142ac- [&hellip;]<\/p>\n","protected":false},"author":1,"featured_media":0,"parent":0,"menu_order":0,"comment_status":"closed","ping_status":"closed","template":"page-templates\/full-width-page.php","meta":{"ngg_post_thumbnail":0},"_links":{"self":[{"href":"https:\/\/www.spbrzezowka.ostnet.pl\/index.php\/wp-json\/wp\/v2\/pages\/13"}],"collection":[{"href":"https:\/\/www.spbrzezowka.ostnet.pl\/index.php\/wp-json\/wp\/v2\/pages"}],"about":[{"href":"https:\/\/www.spbrzezowka.ostnet.pl\/index.php\/wp-json\/wp\/v2\/types\/page"}],"author":[{"embeddable":true,"href":"https:\/\/www.spbrzezowka.ostnet.pl\/index.php\/wp-json\/wp\/v2\/users\/1"}],"replies":[{"embeddable":true,"href":"https:\/\/www.spbrzezowka.ostnet.pl\/index.php\/wp-json\/wp\/v2\/comments?post=13"}],"version-history":[{"count":20,"href":"https:\/\/www.spbrzezowka.ostnet.pl\/index.php\/wp-json\/wp\/v2\/pages\/13\/revisions"}],"predecessor-version":[{"id":9578,"href":"https:\/\/www.spbrzezowka.ostnet.pl\/index.php\/wp-json\/wp\/v2\/pages\/13\/revisions\/9578"}],"wp:attachment":[{"href":"https:\/\/www.spbrzezowka.ostnet.pl\/index.php\/wp-json\/wp\/v2\/media?parent=13"}],"curies":[{"name":"wp","href":"https:\/\/api.w.org\/{rel}","templated":true}]}}