{"id":1239,"date":"2020-02-07T08:23:18","date_gmt":"2020-02-07T07:23:18","guid":{"rendered":"http:\/\/www.spbrzezowka.ostnet.pl\/?page_id=1239"},"modified":"2026-01-16T16:46:56","modified_gmt":"2026-01-16T15:46:56","slug":"rekrutacja-do-klas-0-i-1-na-rok-szkolny-2020-2021","status":"publish","type":"page","link":"https:\/\/www.spbrzezowka.ostnet.pl\/index.php\/rekrutacja-do-klas-0-i-1-na-rok-szkolny-2020-2021\/","title":{"rendered":"Rekrutacja do klasy I i oddzia\u0142u przedszkolnego na rok szkolny 2026\/2027"},"content":{"rendered":"\n<div class=\"wp-block-file\"><a id=\"wp-block-file--media-e2662d05-eea1-4f7b-a686-dc30c23fa625\" href=\"https:\/\/www.spbrzezowka.ostnet.pl\/wp-content\/uploads\/2026\/01\/rekrutacja-2-1768559193.pdf\">Harmonogram czynno\u015bci<br>rekrutacyjnej do oddzia\u0142u przedszkolnego i klasy I<\/a><a href=\"https:\/\/www.spbrzezowka.ostnet.pl\/wp-content\/uploads\/2026\/01\/rekrutacja-2-1768559193.pdf\" class=\"wp-block-file__button wp-element-button\" download aria-describedby=\"wp-block-file--media-e2662d05-eea1-4f7b-a686-dc30c23fa625\">Pobierz<\/a><\/div>\n\n\n\n<p><\/p>\n\n\n\n<p><strong>Dokumenty rekrutacyjne do klasy I<\/strong>:<\/p>\n\n\n\n<p>Poni\u017cej znajdziecie Pa\u0144stwo zasady rekrutacji do klasy I wraz z za\u0142\u0105cznikami.<\/p>\n\n\n\n<div class=\"wp-block-file\"><a id=\"wp-block-file--media-ee6c3e8c-4371-4aa2-8c44-ab712843c580\" href=\"https:\/\/www.spbrzezowka.ostnet.pl\/wp-content\/uploads\/2026\/01\/Zasady-rekrutacji-do-klasy-pierwszej-SPB.doc\">Zasady-rekrutacji-do-klasy-pierwszej-SPB<\/a><a href=\"https:\/\/www.spbrzezowka.ostnet.pl\/wp-content\/uploads\/2026\/01\/Zasady-rekrutacji-do-klasy-pierwszej-SPB.doc\" class=\"wp-block-file__button wp-element-button\" download aria-describedby=\"wp-block-file--media-ee6c3e8c-4371-4aa2-8c44-ab712843c580\">Pobierz<\/a><\/div>\n\n\n\n<div class=\"wp-block-file\"><a id=\"wp-block-file--media-f494a533-be9d-4224-9738-b367888a5ab1\" href=\"https:\/\/www.spbrzezowka.ostnet.pl\/wp-content\/uploads\/2026\/01\/Zgloszenie-do-klasy-I.docx\">Zgloszenie-do-klasy-I<\/a><a href=\"https:\/\/www.spbrzezowka.ostnet.pl\/wp-content\/uploads\/2026\/01\/Zgloszenie-do-klasy-I.docx\" class=\"wp-block-file__button wp-element-button\" download aria-describedby=\"wp-block-file--media-f494a533-be9d-4224-9738-b367888a5ab1\">Pobierz<\/a><\/div>\n\n\n\n<div class=\"wp-block-file\"><a id=\"wp-block-file--media-03271ae6-7681-441e-b482-850ffbb9e6b1\" href=\"https:\/\/www.spbrzezowka.ostnet.pl\/wp-content\/uploads\/2026\/01\/Wniosek-o-przyjecie-dziecka-do-klasy-pierwszej-SPB-1.doc\">Wniosek-o-przyjecie-dziecka-do-klasy-pierwszej-SPB-1<\/a><a href=\"https:\/\/www.spbrzezowka.ostnet.pl\/wp-content\/uploads\/2026\/01\/Wniosek-o-przyjecie-dziecka-do-klasy-pierwszej-SPB-1.doc\" class=\"wp-block-file__button wp-element-button\" download aria-describedby=\"wp-block-file--media-03271ae6-7681-441e-b482-850ffbb9e6b1\">Pobierz<\/a><\/div>\n\n\n\n<p><\/p>\n\n\n\n<p><strong>Dokumenty rekrutacyjne do oddzia\u0142u przedszkolnego<\/strong>:<\/p>\n\n\n\n<div class=\"wp-block-file\"><a id=\"wp-block-file--media-f916bf61-d403-40d6-b273-4502decc2ce7\" href=\"https:\/\/www.spbrzezowka.ostnet.pl\/wp-content\/uploads\/2026\/01\/Zasady-rekrutacji-do-oddzialu-przedszkolnego-SPB.doc\">Zasady-rekrutacji-do-oddzialu-przedszkolnego-SPB<\/a><a href=\"https:\/\/www.spbrzezowka.ostnet.pl\/wp-content\/uploads\/2026\/01\/Zasady-rekrutacji-do-oddzialu-przedszkolnego-SPB.doc\" class=\"wp-block-file__button wp-element-button\" download aria-describedby=\"wp-block-file--media-f916bf61-d403-40d6-b273-4502decc2ce7\">Pobierz<\/a><\/div>\n\n\n\n<div class=\"wp-block-file\"><a id=\"wp-block-file--media-08e8eaf4-2792-4882-899f-044931e9a30b\" href=\"https:\/\/www.spbrzezowka.ostnet.pl\/wp-content\/uploads\/2026\/01\/Wniosek-o-przyjecie-do-OP-plus-zalaczniki.doc\">Wniosek-o-przyjecie-do-OP-plus-zalaczniki<\/a><a href=\"https:\/\/www.spbrzezowka.ostnet.pl\/wp-content\/uploads\/2026\/01\/Wniosek-o-przyjecie-do-OP-plus-zalaczniki.doc\" class=\"wp-block-file__button wp-element-button\" download aria-describedby=\"wp-block-file--media-08e8eaf4-2792-4882-899f-044931e9a30b\">Pobierz<\/a><\/div>\n\n\n\n<div class=\"wp-block-file\"><a id=\"wp-block-file--media-97be22f4-2b87-492b-bab5-ec890c64e411\" href=\"https:\/\/www.spbrzezowka.ostnet.pl\/wp-content\/uploads\/2026\/01\/DEKLARACJA-O-KONTYNUOWANIU-WYCHOWANIA-PRZEDSZKOLNEGO-SPB-1.doc\">DEKLARACJA-O-KONTYNUOWANIU-WYCHOWANIA-PRZEDSZKOLNEGO-SPB-1<\/a><a href=\"https:\/\/www.spbrzezowka.ostnet.pl\/wp-content\/uploads\/2026\/01\/DEKLARACJA-O-KONTYNUOWANIU-WYCHOWANIA-PRZEDSZKOLNEGO-SPB-1.doc\" class=\"wp-block-file__button wp-element-button\" download aria-describedby=\"wp-block-file--media-97be22f4-2b87-492b-bab5-ec890c64e411\">Pobierz<\/a><\/div>\n","protected":false},"excerpt":{"rendered":"<p>Dokumenty rekrutacyjne do klasy I: Poni\u017cej znajdziecie Pa\u0144stwo zasady rekrutacji do klasy I wraz z za\u0142\u0105cznikami. Dokumenty rekrutacyjne do oddzia\u0142u przedszkolnego:<\/p>\n","protected":false},"author":2,"featured_media":0,"parent":0,"menu_order":0,"comment_status":"closed","ping_status":"closed","template":"","meta":{"ngg_post_thumbnail":0},"_links":{"self":[{"href":"https:\/\/www.spbrzezowka.ostnet.pl\/index.php\/wp-json\/wp\/v2\/pages\/1239"}],"collection":[{"href":"https:\/\/www.spbrzezowka.ostnet.pl\/index.php\/wp-json\/wp\/v2\/pages"}],"about":[{"href":"https:\/\/www.spbrzezowka.ostnet.pl\/index.php\/wp-json\/wp\/v2\/types\/page"}],"author":[{"embeddable":true,"href":"https:\/\/www.spbrzezowka.ostnet.pl\/index.php\/wp-json\/wp\/v2\/users\/2"}],"replies":[{"embeddable":true,"href":"https:\/\/www.spbrzezowka.ostnet.pl\/index.php\/wp-json\/wp\/v2\/comments?post=1239"}],"version-history":[{"count":59,"href":"https:\/\/www.spbrzezowka.ostnet.pl\/index.php\/wp-json\/wp\/v2\/pages\/1239\/revisions"}],"predecessor-version":[{"id":10045,"href":"https:\/\/www.spbrzezowka.ostnet.pl\/index.php\/wp-json\/wp\/v2\/pages\/1239\/revisions\/10045"}],"wp:attachment":[{"href":"https:\/\/www.spbrzezowka.ostnet.pl\/index.php\/wp-json\/wp\/v2\/media?parent=1239"}],"curies":[{"name":"wp","href":"https:\/\/api.w.org\/{rel}","templated":true}]}}