{"id":1195,"date":"2020-01-30T15:07:00","date_gmt":"2020-01-30T14:07:00","guid":{"rendered":"http:\/\/www.spbrzezowka.ostnet.pl\/?page_id=1195"},"modified":"2023-09-22T19:47:43","modified_gmt":"2023-09-22T17:47:43","slug":"regulamin-okreslajacy-zasady-i-kryteria-przyznawania-stypendium-za-wyniki-w-nauce-dla-uczniow-szkoly-podstawowej-w-brzezowce","status":"publish","type":"page","link":"https:\/\/www.spbrzezowka.ostnet.pl\/index.php\/regulamin-okreslajacy-zasady-i-kryteria-przyznawania-stypendium-za-wyniki-w-nauce-dla-uczniow-szkoly-podstawowej-w-brzezowce\/","title":{"rendered":"Regulamin  okre\u015blaj\u0105cy zasady i kryteria przyznawania  stypendium za wyniki w nauce dla uczni\u00f3w Szko\u0142y Podstawowej w Brzez\u00f3wce"},"content":{"rendered":"\n<p><br> <\/p>\n\n\n\n<div class=\"wp-block-file\"><object class=\"wp-block-file__embed\" data=\"https:\/\/www.spbrzezowka.ostnet.pl\/wp-content\/uploads\/2023\/09\/Regulamin-przyznawania-stypendium-dla-uczniow-od-2023-gotowe1.pdf\" type=\"application\/pdf\" style=\"width:100%;height:600px\" aria-label=\"Osadzone z Regulamin-przyznawania-stypendium-dla-uczniow-od-2023-gotowe1.\"><\/object><a id=\"wp-block-file--media-1c08c057-8144-4aae-8498-5ebf9f95267f\" href=\"https:\/\/www.spbrzezowka.ostnet.pl\/wp-content\/uploads\/2023\/09\/Regulamin-przyznawania-stypendium-dla-uczniow-od-2023-gotowe1.pdf\">Regulamin-przyznawania-stypendium-dla-uczniow-od-2023-gotowe1<\/a><a href=\"https:\/\/www.spbrzezowka.ostnet.pl\/wp-content\/uploads\/2023\/09\/Regulamin-przyznawania-stypendium-dla-uczniow-od-2023-gotowe1.pdf\" class=\"wp-block-file__button wp-element-button\" download aria-describedby=\"wp-block-file--media-1c08c057-8144-4aae-8498-5ebf9f95267f\">Pobierz<\/a><\/div>\n","protected":false},"excerpt":{"rendered":"","protected":false},"author":2,"featured_media":0,"parent":0,"menu_order":0,"comment_status":"closed","ping_status":"closed","template":"","meta":{"ngg_post_thumbnail":0},"_links":{"self":[{"href":"https:\/\/www.spbrzezowka.ostnet.pl\/index.php\/wp-json\/wp\/v2\/pages\/1195"}],"collection":[{"href":"https:\/\/www.spbrzezowka.ostnet.pl\/index.php\/wp-json\/wp\/v2\/pages"}],"about":[{"href":"https:\/\/www.spbrzezowka.ostnet.pl\/index.php\/wp-json\/wp\/v2\/types\/page"}],"author":[{"embeddable":true,"href":"https:\/\/www.spbrzezowka.ostnet.pl\/index.php\/wp-json\/wp\/v2\/users\/2"}],"replies":[{"embeddable":true,"href":"https:\/\/www.spbrzezowka.ostnet.pl\/index.php\/wp-json\/wp\/v2\/comments?post=1195"}],"version-history":[{"count":2,"href":"https:\/\/www.spbrzezowka.ostnet.pl\/index.php\/wp-json\/wp\/v2\/pages\/1195\/revisions"}],"predecessor-version":[{"id":8341,"href":"https:\/\/www.spbrzezowka.ostnet.pl\/index.php\/wp-json\/wp\/v2\/pages\/1195\/revisions\/8341"}],"wp:attachment":[{"href":"https:\/\/www.spbrzezowka.ostnet.pl\/index.php\/wp-json\/wp\/v2\/media?parent=1195"}],"curies":[{"name":"wp","href":"https:\/\/api.w.org\/{rel}","templated":true}]}}