{"id":10051,"date":"2026-01-18T17:06:12","date_gmt":"2026-01-18T16:06:12","guid":{"rendered":"https:\/\/www.spbrzezowka.ostnet.pl\/?page_id=10051"},"modified":"2026-01-18T17:06:53","modified_gmt":"2026-01-18T16:06:53","slug":"rozwoj-edukacji-na-terenie-gminy-hyzne","status":"publish","type":"page","link":"https:\/\/www.spbrzezowka.ostnet.pl\/index.php\/rozwoj-edukacji-na-terenie-gminy-hyzne\/","title":{"rendered":"Rozw\u00f3j edukacji na terenie gminy Hy\u017cne"},"content":{"rendered":"\n<figure class=\"wp-block-embed is-type-wp-embed is-provider-serwis-internetowy-gminy-hyzne wp-block-embed-serwis-internetowy-gminy-hyzne\"><div class=\"wp-block-embed__wrapper\">\n<blockquote class=\"wp-embedded-content\" data-secret=\"fUUu5SZEqj\"><a href=\"https:\/\/hyzne.pl\/dotacje-ue\/rozwoj-edukacji\/\">Rozw\u00f3j edukacji na terenie gminy Hy\u017cne<\/a><\/blockquote><iframe class=\"wp-embedded-content\" sandbox=\"allow-scripts\" security=\"restricted\" style=\"position: absolute; clip: rect(1px, 1px, 1px, 1px);\" title=\"&#8222;Rozw\u00f3j edukacji na terenie gminy Hy\u017cne&#8221; &#8212; Serwis Internetowy Gminy Hy\u017cne\" src=\"https:\/\/hyzne.pl\/dotacje-ue\/rozwoj-edukacji\/embed\/#?secret=zxZO0LF3AR#?secret=fUUu5SZEqj\" data-secret=\"fUUu5SZEqj\" width=\"500\" height=\"282\" frameborder=\"0\" marginwidth=\"0\" marginheight=\"0\" scrolling=\"no\"><\/iframe>\n<\/div><\/figure>\n","protected":false},"excerpt":{"rendered":"","protected":false},"author":2,"featured_media":0,"parent":0,"menu_order":0,"comment_status":"closed","ping_status":"closed","template":"","meta":{"ngg_post_thumbnail":0},"_links":{"self":[{"href":"https:\/\/www.spbrzezowka.ostnet.pl\/index.php\/wp-json\/wp\/v2\/pages\/10051"}],"collection":[{"href":"https:\/\/www.spbrzezowka.ostnet.pl\/index.php\/wp-json\/wp\/v2\/pages"}],"about":[{"href":"https:\/\/www.spbrzezowka.ostnet.pl\/index.php\/wp-json\/wp\/v2\/types\/page"}],"author":[{"embeddable":true,"href":"https:\/\/www.spbrzezowka.ostnet.pl\/index.php\/wp-json\/wp\/v2\/users\/2"}],"replies":[{"embeddable":true,"href":"https:\/\/www.spbrzezowka.ostnet.pl\/index.php\/wp-json\/wp\/v2\/comments?post=10051"}],"version-history":[{"count":1,"href":"https:\/\/www.spbrzezowka.ostnet.pl\/index.php\/wp-json\/wp\/v2\/pages\/10051\/revisions"}],"predecessor-version":[{"id":10052,"href":"https:\/\/www.spbrzezowka.ostnet.pl\/index.php\/wp-json\/wp\/v2\/pages\/10051\/revisions\/10052"}],"wp:attachment":[{"href":"https:\/\/www.spbrzezowka.ostnet.pl\/index.php\/wp-json\/wp\/v2\/media?parent=10051"}],"curies":[{"name":"wp","href":"https:\/\/api.w.org\/{rel}","templated":true}]}}