{"id":10022,"date":"2026-01-09T16:28:35","date_gmt":"2026-01-09T15:28:35","guid":{"rendered":"https:\/\/www.spbrzezowka.ostnet.pl\/?page_id=10022"},"modified":"2026-01-09T16:28:35","modified_gmt":"2026-01-09T15:28:35","slug":"rekodzielo-z-sera-wsi","status":"publish","type":"page","link":"https:\/\/www.spbrzezowka.ostnet.pl\/index.php\/rekodzielo-z-sera-wsi\/","title":{"rendered":"R\u0119kodzie\u0142o z sera wsi"},"content":{"rendered":"\n<p>Innowacja pedagogiczna \u201eR\u0119kodzie\u0142o z serca wsi\u201d powsta\u0142a w odpowiedzi na potrzeb\u0119 rozwijania w\u015br\u00f3d uczni\u00f3w zainteresowa\u0144 kultur\u0105 regionaln\u0105, tradycjami ludowymi oraz tw\u00f3rczo\u015bci\u0105 artystyczn\u0105 wywodz\u0105c\u0105 si\u0119 z lokalnej spo\u0142eczno\u015bci. Program zak\u0142ada cykliczne warsztaty praktyczne prowadzone przez zaproszonych tw\u00f3rc\u00f3w ludowych, rzemie\u015blnik\u00f3w i pasjonat\u00f3w lokalnej tradycji. Innowacja b\u0119dzie realizowana w formie czterech spotka\u0144 warsztatowych w ci\u0105gu roku szkolnego, w klasach I\u2013III szko\u0142y podstawowej.<\/p>\n","protected":false},"excerpt":{"rendered":"<p>Innowacja pedagogiczna \u201eR\u0119kodzie\u0142o z serca wsi\u201d powsta\u0142a w odpowiedzi na potrzeb\u0119 rozwijania w\u015br\u00f3d uczni\u00f3w zainteresowa\u0144 kultur\u0105 regionaln\u0105, tradycjami ludowymi oraz tw\u00f3rczo\u015bci\u0105 artystyczn\u0105 wywodz\u0105c\u0105 si\u0119 z lokalnej spo\u0142eczno\u015bci. Program zak\u0142ada cykliczne [&hellip;]<\/p>\n","protected":false},"author":2,"featured_media":0,"parent":0,"menu_order":0,"comment_status":"closed","ping_status":"closed","template":"","meta":{"ngg_post_thumbnail":0},"_links":{"self":[{"href":"https:\/\/www.spbrzezowka.ostnet.pl\/index.php\/wp-json\/wp\/v2\/pages\/10022"}],"collection":[{"href":"https:\/\/www.spbrzezowka.ostnet.pl\/index.php\/wp-json\/wp\/v2\/pages"}],"about":[{"href":"https:\/\/www.spbrzezowka.ostnet.pl\/index.php\/wp-json\/wp\/v2\/types\/page"}],"author":[{"embeddable":true,"href":"https:\/\/www.spbrzezowka.ostnet.pl\/index.php\/wp-json\/wp\/v2\/users\/2"}],"replies":[{"embeddable":true,"href":"https:\/\/www.spbrzezowka.ostnet.pl\/index.php\/wp-json\/wp\/v2\/comments?post=10022"}],"version-history":[{"count":1,"href":"https:\/\/www.spbrzezowka.ostnet.pl\/index.php\/wp-json\/wp\/v2\/pages\/10022\/revisions"}],"predecessor-version":[{"id":10023,"href":"https:\/\/www.spbrzezowka.ostnet.pl\/index.php\/wp-json\/wp\/v2\/pages\/10022\/revisions\/10023"}],"wp:attachment":[{"href":"https:\/\/www.spbrzezowka.ostnet.pl\/index.php\/wp-json\/wp\/v2\/media?parent=10022"}],"curies":[{"name":"wp","href":"https:\/\/api.w.org\/{rel}","templated":true}]}}